{"id":95382,"date":"2025-12-05T15:52:44","date_gmt":"2025-12-05T12:52:44","guid":{"rendered":"https:\/\/baldumarket.lt\/product\/colt-09-01-dab-craft-zloty-czarny-stal-premium-lozko\/"},"modified":"2026-04-07T13:46:26","modified_gmt":"2026-04-07T10:46:26","slug":"colt-09-01-dab-craft-zloty-czarny-stal-premium-lozko","status":"publish","type":"product","link":"https:\/\/baldumarket.lt\/lt\/product\/colt-09-01-dab-craft-zloty-czarny-stal-premium-lozko\/","title":{"rendered":"Colt 09-01 Gold Craft Oak\/Black-Premium Steel \u2013 Lova"},"content":{"rendered":"<p>\u201eColt 0901\u201c lova \u2013 tai baldas, kuris u\u017etikrins tinkam\u0105 poils\u012f ir sveik\u0105 mieg\u0105. Lovos dydis leid\u017eia d\u0117ti patog\u0173 120 cm plo\u010dio \u010diu\u017ein\u012f. Galima lengvai vartyti i\u0161 vienos pus\u0117s \u012f kit\u0105. Apmu\u0161tas galv\u016bgalis suteikia patogi\u0105 ir mink\u0161t\u0105 atram\u0105. Juodas aksominis audinys paauglio kambariui suteiks subtilios elegancijos. Pakeliamas r\u0117mas (standartin\u0117 komplektacija) garantuoja greit\u0105 ir lengv\u0105 prieig\u0105 prie erdvaus daiktad\u0117\u017e\u0117s skyriaus (dengian\u010dio vis\u0105 lovos pavir\u0161i\u0173), kuriame galite laikyti patalyn\u0119 ir daugel\u012f kit\u0173 daikt\u0173. Dizainas ir dinami\u0161kas dekoro derinys \u2013 \u0161iltas \u201eCraft Oak\u201c ir ry\u0161ki juoda \u2013 pabr\u0117\u0161 individual\u0173 jaun\u0173 \u017emoni\u0173 stili\u0173 ir charakter\u012f.<br \/>\n\u2022 Modernus dizainas.<br \/>\n\u2022 Labai funkcionalus.<br \/>\n\u2022 Mink\u0161tas galv\u016bgalis.<br \/>\n\u2022 Didelis daiktad\u0117\u017e\u0117s skyrius po r\u0117mu.<br \/>\n\u2022 Standartinis pakeliamas r\u0117mas.<br \/>\n\u2022 Platus element\u0173 pasirinkimas visoje \u201eColt\u201c kolekcijoje.<\/p>","protected":false},"excerpt":{"rendered":"<p>\u201eColt 0901\u201c lova \u2013 tai baldas, kuris u\u017etikrins tinkam\u0105 poils\u012f ir sveik\u0105 mieg\u0105. Lovos dydis leid\u017eia patogiai \u012fsid\u0117ti 120 cm plo\u010dio \u010diu\u017ein\u012f. Galite lengvai vartytis i\u0161 vienos pus\u0117s \u012f kit\u0105. Apmu\u0161tas galv\u016bgalis suteikia patogi\u0105 ir mink\u0161t\u0105 atram\u0105. Juodas aksominis audinys suteiks subtilaus [\u2026]<\/p>","protected":false},"featured_media":95383,"comment_status":"open","ping_status":"open","template":"","meta":[],"product_brand":[],"product_cat":[1372,2255,9230],"product_tag":[],"class_list":{"0":"post-95382","1":"product","2":"type-product","3":"status-publish","4":"has-post-thumbnail","6":"product_cat-childrens-beds","7":"product_cat-ml-meble","8":"product_cat-furniture-system-colf-ml-meble","10":"first","11":"instock","12":"purchasable","13":"product-type-simple"},"_links":{"self":[{"href":"https:\/\/baldumarket.lt\/lt\/wp-json\/wp\/v2\/product\/95382","targetHints":{"allow":["GET"]}}],"collection":[{"href":"https:\/\/baldumarket.lt\/lt\/wp-json\/wp\/v2\/product"}],"about":[{"href":"https:\/\/baldumarket.lt\/lt\/wp-json\/wp\/v2\/types\/product"}],"replies":[{"embeddable":true,"href":"https:\/\/baldumarket.lt\/lt\/wp-json\/wp\/v2\/comments?post=95382"}],"wp:featuredmedia":[{"embeddable":true,"href":"https:\/\/baldumarket.lt\/lt\/wp-json\/wp\/v2\/media\/95383"}],"wp:attachment":[{"href":"https:\/\/baldumarket.lt\/lt\/wp-json\/wp\/v2\/media?parent=95382"}],"wp:term":[{"taxonomy":"product_brand","embeddable":true,"href":"https:\/\/baldumarket.lt\/lt\/wp-json\/wp\/v2\/product_brand?post=95382"},{"taxonomy":"product_cat","embeddable":true,"href":"https:\/\/baldumarket.lt\/lt\/wp-json\/wp\/v2\/product_cat?post=95382"},{"taxonomy":"product_tag","embeddable":true,"href":"https:\/\/baldumarket.lt\/lt\/wp-json\/wp\/v2\/product_tag?post=95382"}],"curies":[{"name":"wp","href":"https:\/\/api.w.org\/{rel}","templated":true}]}}