{"id":95374,"date":"2025-12-05T15:52:37","date_gmt":"2025-12-05T12:52:37","guid":{"rendered":"https:\/\/baldumarket.lt\/product\/colt-06-dab-craft-zloty-czarny-stal-premium-komoda-1d3s\/"},"modified":"2026-04-07T13:46:17","modified_gmt":"2026-04-07T10:46:17","slug":"colt-06-dab-craft-zloty-czarny-stal-premium-komoda-1d3s","status":"publish","type":"product","link":"https:\/\/baldumarket.lt\/lt\/product\/colt-06-dab-craft-zloty-czarny-stal-premium-komoda-1d3s\/","title":{"rendered":"\u201eColt 06 Gold Craft Oak\/Black-Premium Steel\u201c komoda \u2013 1D3S"},"content":{"rendered":"<p>\u201eColt 06\u201c komoda suteikia daug vietos daiktams susid\u0117ti ir leid\u017eia jums eksponuoti m\u0117gstamiausius daiktus. Kair\u0117je spintel\u0117s pus\u0117je yra trys erdv\u016bs stal\u010diai su papildomai sutvirtintais dugnais, \u0161velnaus u\u017edarymo ir pilno i\u0161traukimo funkcijomis. Kitoje spintel\u0117s pus\u0117je yra dvi erdvios ni\u0161os, pasl\u0117ptos u\u017e dureli\u0173. Platus stalvir\u0161is, kurio auk\u0161tis siekia 91 cm, leid\u017eia jums eksponuoti m\u0117gstamiausius daiktus. Dizainas ir dinami\u0161kas dekoro derinys \u2013 \u0161iltas \u0105\u017euolas ir neapdorotas auk\u0161\u010diausios kokyb\u0117s plienas, kontrastuojantis su juoda spalva \u2013 pabr\u0117\u0161 individual\u0173 jaun\u0173 \u017emoni\u0173 stili\u0173 ir charakter\u012f. Auk\u0161tos metalin\u0117s kojel\u0117s palengvina valym\u0105.<br \/>\n\u2022 Modernus dizainas.<br \/>\n\u2022 Didelis funkcionalumas.<br \/>\n\u2022 Patogus sand\u0117liavimas.<br \/>\n\u2022 Ergonomi\u0161kos rankenos.<br \/>\n\u2022 Stal\u010diai su \u0161velnaus u\u017edarymo ir pilno i\u0161traukimo funkcijomis.<br \/>\n\u2022 Papildomai sutvirtinti stal\u010di\u0173 dugnai.<br \/>\n\u2022 Platus vienet\u0173 asortimentas visoje \u201eColt\u201c kolekcijoje.<\/p>","protected":false},"excerpt":{"rendered":"<p>\u201eColt 06\u201c komoda suteikia daug vietos daiktams susid\u0117ti ir leid\u017eia eksponuoti m\u0117gstamiausius daiktus. Kair\u0117je spintel\u0117s pus\u0117je yra trys erdv\u016bs stal\u010diai su papildomai sutvirtintais dugnais, \u0161velnaus u\u017edarymo ir pilno i\u0161traukimo funkcijomis. Kitoje spintel\u0117s pus\u0117je yra dvi erdvios ni\u0161os, pasl\u0117ptos u\u017e dureli\u0173. Platus stalvir\u0161is, ties [\u2026]<\/p>","protected":false},"featured_media":95375,"comment_status":"open","ping_status":"open","template":"","meta":[],"product_brand":[],"product_cat":[1173,2255,9230],"product_tag":[],"class_list":{"0":"post-95374","1":"product","2":"type-product","3":"status-publish","4":"has-post-thumbnail","6":"product_cat-chests-of-drawers","7":"product_cat-ml-meble","8":"product_cat-furniture-system-colf-ml-meble","10":"first","11":"instock","12":"purchasable","13":"product-type-simple"},"_links":{"self":[{"href":"https:\/\/baldumarket.lt\/lt\/wp-json\/wp\/v2\/product\/95374","targetHints":{"allow":["GET"]}}],"collection":[{"href":"https:\/\/baldumarket.lt\/lt\/wp-json\/wp\/v2\/product"}],"about":[{"href":"https:\/\/baldumarket.lt\/lt\/wp-json\/wp\/v2\/types\/product"}],"replies":[{"embeddable":true,"href":"https:\/\/baldumarket.lt\/lt\/wp-json\/wp\/v2\/comments?post=95374"}],"wp:featuredmedia":[{"embeddable":true,"href":"https:\/\/baldumarket.lt\/lt\/wp-json\/wp\/v2\/media\/95375"}],"wp:attachment":[{"href":"https:\/\/baldumarket.lt\/lt\/wp-json\/wp\/v2\/media?parent=95374"}],"wp:term":[{"taxonomy":"product_brand","embeddable":true,"href":"https:\/\/baldumarket.lt\/lt\/wp-json\/wp\/v2\/product_brand?post=95374"},{"taxonomy":"product_cat","embeddable":true,"href":"https:\/\/baldumarket.lt\/lt\/wp-json\/wp\/v2\/product_cat?post=95374"},{"taxonomy":"product_tag","embeddable":true,"href":"https:\/\/baldumarket.lt\/lt\/wp-json\/wp\/v2\/product_tag?post=95374"}],"curies":[{"name":"wp","href":"https:\/\/api.w.org\/{rel}","templated":true}]}}