{"id":95366,"date":"2025-12-05T15:52:29","date_gmt":"2025-12-05T12:52:29","guid":{"rendered":"https:\/\/baldumarket.lt\/product\/colt-04-dab-craft-zloty-czarny-stal-premium-regal-2d1s\/"},"modified":"2026-04-07T13:46:17","modified_gmt":"2026-04-07T10:46:17","slug":"colt-04-dab-craft-zloty-czarny-stal-premium-regal-2d1s","status":"publish","type":"product","link":"https:\/\/baldumarket.lt\/lt\/product\/colt-04-dab-craft-zloty-czarny-stal-premium-regal-2d1s\/","title":{"rendered":"\u201eColt 04 Gold Craft Oak\/Black-Premium Steel\u201c lentel\u0117"},"content":{"rendered":"<p>\u201eColt 04\u201c knyg\u0173 lentyna suteikia daug vietos daiktams susid\u0117ti ir leid\u017eia eksponuoti m\u0117gstamiausius daiktus. Kair\u0117je spintel\u0117s pus\u0117je yra keturios atviros ni\u0161os, puikiai tinkan\u010dios knygoms, kelioni\u0173 suvenyrams ar kitiems daiktams, kuriuos norite lengvai pasiekti. De\u0161in\u0117je pus\u0117je yra u\u017edara dalis su trimis erdviomis ni\u0161omis, puikiai tinkan\u010diomis, pavyzd\u017eiui, drabu\u017eiams laikyti. Apatin\u0117je dalyje yra erdvus stal\u010dius su patogia pilno i\u0161traukimo funkcija ir sutvirtintu dugnu. Dizainas ir dinami\u0161kas dekoro derinys \u2013 \u0161iltas \u0105\u017euolas ir neapdorotas auk\u0161\u010diausios kokyb\u0117s plienas, kontrastuojantis su juoda spalva \u2013 pabr\u0117\u0161 individual\u0173 jaun\u0173 \u017emoni\u0173 stili\u0173 ir charakter\u012f. Auk\u0161tos metalin\u0117s kojel\u0117s palengvina valym\u0105.<br \/>\n\u2022 Modernus dizainas.<br \/>\n\u2022 Didelis funkcionalumas.<br \/>\n\u2022 Ergonomi\u0161kos rankenos.<br \/>\n\u2022 Daug vietos daiktams susid\u0117ti.<br \/>\n\u2022 \u0160velniai u\u017esidaran\u010dios durel\u0117s.<br \/>\n\u2022 Pilnai i\u0161traukiamas stal\u010dius.<br \/>\n\u2022 Platus stili\u0173 pasirinkimas visoje \u201eColt\u201c kolekcijoje.<\/p>","protected":false},"excerpt":{"rendered":"<p>\u201eColt 04\u201c knyg\u0173 lentyna suteikia daug vietos daiktams susid\u0117ti ir leid\u017eia eksponuoti m\u0117gstamiausius daiktus. Kair\u0117je spintel\u0117s pus\u0117je yra keturios atviros ni\u0161os, puikiai tinkan\u010dios knygoms, kelioni\u0173 suvenyrams ar kitiems daiktams, kuriuos norite lengvai pasiekti. De\u0161in\u0117je pus\u0117je yra u\u017edara dalis su trimis erdviomis ni\u0161omis, puikiai tinkan\u010diomis drabu\u017eiams, [\u2026]<\/p>","protected":false},"featured_media":95367,"comment_status":"open","ping_status":"open","template":"","meta":[],"product_brand":[],"product_cat":[2255,9230,2006],"product_tag":[],"class_list":{"0":"post-95366","1":"product","2":"type-product","3":"status-publish","4":"has-post-thumbnail","6":"product_cat-ml-meble","7":"product_cat-furniture-system-colf-ml-meble","8":"product_cat-vitrines","10":"first","11":"instock","12":"purchasable","13":"product-type-simple"},"_links":{"self":[{"href":"https:\/\/baldumarket.lt\/lt\/wp-json\/wp\/v2\/product\/95366","targetHints":{"allow":["GET"]}}],"collection":[{"href":"https:\/\/baldumarket.lt\/lt\/wp-json\/wp\/v2\/product"}],"about":[{"href":"https:\/\/baldumarket.lt\/lt\/wp-json\/wp\/v2\/types\/product"}],"replies":[{"embeddable":true,"href":"https:\/\/baldumarket.lt\/lt\/wp-json\/wp\/v2\/comments?post=95366"}],"wp:featuredmedia":[{"embeddable":true,"href":"https:\/\/baldumarket.lt\/lt\/wp-json\/wp\/v2\/media\/95367"}],"wp:attachment":[{"href":"https:\/\/baldumarket.lt\/lt\/wp-json\/wp\/v2\/media?parent=95366"}],"wp:term":[{"taxonomy":"product_brand","embeddable":true,"href":"https:\/\/baldumarket.lt\/lt\/wp-json\/wp\/v2\/product_brand?post=95366"},{"taxonomy":"product_cat","embeddable":true,"href":"https:\/\/baldumarket.lt\/lt\/wp-json\/wp\/v2\/product_cat?post=95366"},{"taxonomy":"product_tag","embeddable":true,"href":"https:\/\/baldumarket.lt\/lt\/wp-json\/wp\/v2\/product_tag?post=95366"}],"curies":[{"name":"wp","href":"https:\/\/api.w.org\/{rel}","templated":true}]}}