{"id":95347,"date":"2025-12-05T15:52:12","date_gmt":"2025-12-05T12:52:12","guid":{"rendered":"https:\/\/baldumarket.lt\/product\/colt-01-dab-craft-zloty-czarny-stal-premium-szafa-3d\/"},"modified":"2026-04-07T15:16:10","modified_gmt":"2026-04-07T12:16:10","slug":"colt-01-dab-craft-zloty-czarny-stal-premium-szafa-3d","status":"publish","type":"product","link":"https:\/\/baldumarket.lt\/lt\/product\/colt-01-dab-craft-zloty-czarny-stal-premium-szafa-3d\/","title":{"rendered":"\u201eColt 01 Gold Craft Oak\/Black-Premium Steel\u201c \u2013 3D spinta"},"content":{"rendered":"<p>Trij\u0173 dur\u0173 \u201eColt 01\u201c spinta si\u016blo daug vietos daiktams susid\u0117ti. Erdvi erdv\u0117 u\u017e dvigub\u0173 dur\u0173 turi du ergonomi\u0161kus b\u0117gelius, u\u017etikrinan\u010dius daug vietos daiktams susid\u0117ti. Antroje spintos dalyje \u012frengtos patogios, rakinamos lentynos. Penkios erdvios ni\u0161os u\u017etikrina, kad visi paauglio drabu\u017eiai ras savo viet\u0105. Bald\u0173 dizainas ir dinami\u0161kas dekoro derinys \u2013 \u0161iltas \u0105\u017euolas, neapdorotas auk\u0161\u010diausios kokyb\u0117s plienas ir kontrastinga juoda spalva \u2013 pabr\u0117\u0161 individual\u0173 jaunuoli\u0173 stili\u0173 ir charakter\u012f.<br \/>\n\u2022 Modernus dizainas.<br \/>\n\u2022 Labai funkcionalus.<br \/>\n\u2022 Ergonomi\u0161kos rankenos.<br \/>\n\u2022 Daug vietos daiktams susid\u0117ti.<br \/>\n\u2022 \u0160velniai u\u017esidarantys vyriai.<br \/>\n\u2022 Platus stili\u0173 pasirinkimas visoje \u201eColt\u201c kolekcijoje.<\/p>","protected":false},"excerpt":{"rendered":"<p>Trij\u0173 dur\u0173 \u201eColt 01\u201c spinta si\u016blo daug vietos daiktams susid\u0117ti. Erdvi erdv\u0117 u\u017e dvigub\u0173 dur\u0173 yra apr\u016bpinta dviem ergonomi\u0161kais b\u0117geliais, u\u017etikrinan\u010diais daug vietos daiktams susid\u0117ti. Antroje spintos dalyje yra patogios, rakinamos lentynos. Penkios erdvios ni\u0161os u\u017etikrina, kad visi paauglio drabu\u017eiai ras savo viet\u0105. Bald\u0173 dizainas ir dinami\u0161kas [\u2026]<\/p>","protected":false},"featured_media":95348,"comment_status":"open","ping_status":"open","template":"","meta":[],"product_brand":[],"product_cat":[2255,9230,1177],"product_tag":[],"class_list":{"0":"post-95347","1":"product","2":"type-product","3":"status-publish","4":"has-post-thumbnail","6":"product_cat-ml-meble","7":"product_cat-furniture-system-colf-ml-meble","8":"product_cat-wardrobes","10":"first","11":"instock","12":"purchasable","13":"product-type-simple"},"_links":{"self":[{"href":"https:\/\/baldumarket.lt\/lt\/wp-json\/wp\/v2\/product\/95347","targetHints":{"allow":["GET"]}}],"collection":[{"href":"https:\/\/baldumarket.lt\/lt\/wp-json\/wp\/v2\/product"}],"about":[{"href":"https:\/\/baldumarket.lt\/lt\/wp-json\/wp\/v2\/types\/product"}],"replies":[{"embeddable":true,"href":"https:\/\/baldumarket.lt\/lt\/wp-json\/wp\/v2\/comments?post=95347"}],"wp:featuredmedia":[{"embeddable":true,"href":"https:\/\/baldumarket.lt\/lt\/wp-json\/wp\/v2\/media\/95348"}],"wp:attachment":[{"href":"https:\/\/baldumarket.lt\/lt\/wp-json\/wp\/v2\/media?parent=95347"}],"wp:term":[{"taxonomy":"product_brand","embeddable":true,"href":"https:\/\/baldumarket.lt\/lt\/wp-json\/wp\/v2\/product_brand?post=95347"},{"taxonomy":"product_cat","embeddable":true,"href":"https:\/\/baldumarket.lt\/lt\/wp-json\/wp\/v2\/product_cat?post=95347"},{"taxonomy":"product_tag","embeddable":true,"href":"https:\/\/baldumarket.lt\/lt\/wp-json\/wp\/v2\/product_tag?post=95347"}],"curies":[{"name":"wp","href":"https:\/\/api.w.org\/{rel}","templated":true}]}}