{"id":95330,"date":"2025-12-05T15:51:54","date_gmt":"2025-12-05T12:51:54","guid":{"rendered":"https:\/\/baldumarket.lt\/product\/sophie-04-cashmere-komoda-2d3s\/"},"modified":"2026-02-03T23:53:48","modified_gmt":"2026-02-03T20:53:48","slug":"sophie-04-cashmere-komoda-2d3s","status":"publish","type":"product","link":"https:\/\/baldumarket.lt\/lt\/product\/sophie-04-cashmere-komoda-2d3s\/","title":{"rendered":"Sophie 04 ka\u0161myro \u2013 2D3S komoda"},"content":{"rendered":"<p>Komoda \u201eSophie 04\u201c \u2013 puikus baldas m\u0117gstamiems daiktams laikyti ir eksponuoti ant didelio stalvir\u0161io. U\u017e dvigub\u0173 dureli\u0173 yra plati lentyna, padalijanti u\u017edar\u0105 erdv\u0119 \u012f du erdvius skyrius. Trys papildomi gil\u016bs stal\u010diai suteikia daug vietos stalties\u0117ms, rank\u0161luos\u010diams ir drabu\u017eiams. \u0160i komoda puikiai papildys j\u016bs\u0173 svetain\u0119 ar miegam\u0105j\u012f. M\u016bs\u0173 baldas yra \u0161iuolaikin\u0117s elegancijos sinonimas. Ka\u0161myro dekoras, frezuoti MDF fasadai, \u0161lifuoto aukso spalvos ranken\u0117l\u0117s ir diskreti\u0161kos juodos kojel\u0117s \u2013 tai visos \u201eSophie\u201c kolekcijos esm\u0117.<br \/>\n\u2022 Funkcionalus baldas su gra\u017eiu dizainu.<br \/>\n\u2022 Padidinta stal\u010di\u0173 talpa d\u0117l specialiai sutvirtinto dugno.<br \/>\n\u2022 Stal\u010diai su patogia pilno i\u0161traukimo sistema.<br \/>\n\u2022 \u0160velniai u\u017esidarantys vyriai papildomam patogumui.<br \/>\n\u2022 Auk\u0161tos metalin\u0117s kojel\u0117s palengvina valym\u0105 ir suteikia netrukdom\u0105 prieig\u0105 prie dulki\u0173 siurblio.<\/p>","protected":false},"excerpt":{"rendered":"<p>Komoda \u201eSophie 04\u201c \u2013 puikus baldas m\u0117gstamiems daiktams laikyti ir eksponuoti ant didelio stalvir\u0161io. U\u017e dvigub\u0173 dur\u0173 yra plati lentyna, padalijanti u\u017edar\u0105 erdv\u0119 \u012f du erdvius skyrius. Trys papildomi gil\u016bs stal\u010diai suteikia pakankamai vietos stalties\u0117ms, rank\u0161luos\u010diams ir drabu\u017eiams. \u0160i komoda bus [\u2026]<\/p>","protected":false},"featured_media":95331,"comment_status":"open","ping_status":"open","template":"","meta":[],"product_brand":[],"product_cat":[9240,1173,2255],"product_tag":[],"class_list":{"0":"post-95330","1":"product","2":"type-product","3":"status-publish","4":"has-post-thumbnail","6":"product_cat-furniture-system-sophie-ml-meble","7":"product_cat-chests-of-drawers","8":"product_cat-ml-meble","10":"first","11":"instock","12":"purchasable","13":"product-type-simple"},"_links":{"self":[{"href":"https:\/\/baldumarket.lt\/lt\/wp-json\/wp\/v2\/product\/95330","targetHints":{"allow":["GET"]}}],"collection":[{"href":"https:\/\/baldumarket.lt\/lt\/wp-json\/wp\/v2\/product"}],"about":[{"href":"https:\/\/baldumarket.lt\/lt\/wp-json\/wp\/v2\/types\/product"}],"replies":[{"embeddable":true,"href":"https:\/\/baldumarket.lt\/lt\/wp-json\/wp\/v2\/comments?post=95330"}],"wp:featuredmedia":[{"embeddable":true,"href":"https:\/\/baldumarket.lt\/lt\/wp-json\/wp\/v2\/media\/95331"}],"wp:attachment":[{"href":"https:\/\/baldumarket.lt\/lt\/wp-json\/wp\/v2\/media?parent=95330"}],"wp:term":[{"taxonomy":"product_brand","embeddable":true,"href":"https:\/\/baldumarket.lt\/lt\/wp-json\/wp\/v2\/product_brand?post=95330"},{"taxonomy":"product_cat","embeddable":true,"href":"https:\/\/baldumarket.lt\/lt\/wp-json\/wp\/v2\/product_cat?post=95330"},{"taxonomy":"product_tag","embeddable":true,"href":"https:\/\/baldumarket.lt\/lt\/wp-json\/wp\/v2\/product_tag?post=95330"}],"curies":[{"name":"wp","href":"https:\/\/api.w.org\/{rel}","templated":true}]}}