{"id":95314,"date":"2025-12-05T15:51:39","date_gmt":"2025-12-05T12:51:39","guid":{"rendered":"https:\/\/baldumarket.lt\/product\/sophie-02-cashmere-witryna-1d\/"},"modified":"2026-02-03T23:53:48","modified_gmt":"2026-02-03T20:53:48","slug":"sophie-02-cashmere-witryna-1d","status":"publish","type":"product","link":"https:\/\/baldumarket.lt\/lt\/product\/sophie-02-cashmere-witryna-1d\/","title":{"rendered":"Sophie 02 ka\u0161myro \u2013 1D vitrina"},"content":{"rendered":"<p>\u201eSophie 02\u201c vitrina \u2013 tai baldas, leid\u017eiantis jums eksponuoti m\u0117gstamiausius daiktus. Trys stiklin\u0117s lentynos padalija erdv\u0119 u\u017e stiklini\u0173 dureli\u0173 \u012f keturias ni\u0161as, puikiai tinkan\u010dias porceliano kolekcijai ar kelioni\u0173 suvenyrams eksponuoti. Vir\u0161utinis LED ap\u0161vietimas dar labiau i\u0161ry\u0161kins j\u016bs\u0173 m\u0117gstamiausius daiktus ir praskaidrins vis\u0105 interjer\u0105. Kita daikt\u0173 laikymo galimyb\u0117 \u2013 erdvi lentyna, pasl\u0117pta u\u017e MDF fasado. \u201eSophie 02\u201c si\u016blo daugiau nei vien funkcionalum\u0105. M\u016bs\u0173 spintel\u0117 yra \u0161iuolaikin\u0117s elegancijos sinonimas. Ka\u0161myro dekoras, frezuoti MDF fasadai, \u0161lifuoto aukso spalvos ranken\u0117l\u0117s ir diskreti\u0161kos juodos kojel\u0117s \u2013 tai visos \u201eSophie\u201c kolekcijos esm\u0117.<br \/>\n\u2022 Funkcionalus, gra\u017eaus dizaino daiktas.<br \/>\n\u2022 I\u0161skirtinai patogus lietimui jautrus \u0161viesos jungiklis.<br \/>\n\u2022 Reguliuojamas \u0161viesos intensyvumas.<br \/>\n\u2022 \u0160velniai u\u017esidarantys vyriai papildomam patogumui.<br \/>\n\u2022 Auk\u0161tos metalin\u0117s kojel\u0117s palengvina valym\u0105 ir suteikia netrukdom\u0105 prieig\u0105 dulki\u0173 siurbliui.<\/p>","protected":false},"excerpt":{"rendered":"<p>\u201eSophie 02\u201c vitrina \u2013 tai baldas, leid\u017eiantis eksponuoti m\u0117gstamiausius daiktus. Trys stiklin\u0117s lentynos padalija erdv\u0119 u\u017e stiklini\u0173 dureli\u0173 \u012f keturias ni\u0161as, puikiai tinkan\u010dias porceliano kolekcijai ar kelioni\u0173 suvenyrams eksponuoti. Vir\u0161utinis LED ap\u0161vietimas dar labiau i\u0161ry\u0161kins j\u016bs\u0173 m\u0117gstamiausius daiktus ir pagyvins vis\u0105 interjer\u0105. Kita daiktad\u0117\u017e\u0117 [\u2026]<\/p>","protected":false},"featured_media":95315,"comment_status":"open","ping_status":"open","template":"","meta":[],"product_brand":[],"product_cat":[9240,2255,2006],"product_tag":[],"class_list":{"0":"post-95314","1":"product","2":"type-product","3":"status-publish","4":"has-post-thumbnail","6":"product_cat-furniture-system-sophie-ml-meble","7":"product_cat-ml-meble","8":"product_cat-vitrines","10":"first","11":"instock","12":"purchasable","13":"product-type-simple"},"_links":{"self":[{"href":"https:\/\/baldumarket.lt\/lt\/wp-json\/wp\/v2\/product\/95314","targetHints":{"allow":["GET"]}}],"collection":[{"href":"https:\/\/baldumarket.lt\/lt\/wp-json\/wp\/v2\/product"}],"about":[{"href":"https:\/\/baldumarket.lt\/lt\/wp-json\/wp\/v2\/types\/product"}],"replies":[{"embeddable":true,"href":"https:\/\/baldumarket.lt\/lt\/wp-json\/wp\/v2\/comments?post=95314"}],"wp:featuredmedia":[{"embeddable":true,"href":"https:\/\/baldumarket.lt\/lt\/wp-json\/wp\/v2\/media\/95315"}],"wp:attachment":[{"href":"https:\/\/baldumarket.lt\/lt\/wp-json\/wp\/v2\/media?parent=95314"}],"wp:term":[{"taxonomy":"product_brand","embeddable":true,"href":"https:\/\/baldumarket.lt\/lt\/wp-json\/wp\/v2\/product_brand?post=95314"},{"taxonomy":"product_cat","embeddable":true,"href":"https:\/\/baldumarket.lt\/lt\/wp-json\/wp\/v2\/product_cat?post=95314"},{"taxonomy":"product_tag","embeddable":true,"href":"https:\/\/baldumarket.lt\/lt\/wp-json\/wp\/v2\/product_tag?post=95314"}],"curies":[{"name":"wp","href":"https:\/\/api.w.org\/{rel}","templated":true}]}}