{"id":95292,"date":"2025-12-05T15:51:17","date_gmt":"2025-12-05T12:51:17","guid":{"rendered":"https:\/\/baldumarket.lt\/product\/dallas-06-01-orzech-naturalny-mdf-bialy-polysk-komoda\/"},"modified":"2026-04-07T13:46:17","modified_gmt":"2026-04-07T10:46:17","slug":"dallas-06-01-orzech-naturalny-mdf-bialy-polysk-komoda","status":"publish","type":"product","link":"https:\/\/baldumarket.lt\/lt\/produktas\/dallas-06-01-orzech-naturalny-mdf-bialy-polysk-komoda\/","title":{"rendered":"DALLAS 06-01 nat\u016bralus rie\u0161utmedis\/MDF balta blizgi komoda"},"content":{"rendered":"<p>\u201eDallas 06\u201c vitrina suteikia daug vietos daiktams susid\u0117ti ir leid\u017eia eksponuoti m\u0117gstamiausius daiktus. Spintel\u0117 padalinta \u012f dvi dalis. Kair\u0117je spintel\u0117s pus\u0117je yra keturios erdvios ni\u0161os u\u017e vien\u0173 dureli\u0173. Jose galite laikyti rank\u0161luos\u010dius, staltieses ar drabu\u017eius. De\u0161in\u0117je pus\u0117je yra erdv\u0117 u\u017e stiklini\u0173 dureli\u0173. Dvi stiklin\u0117s, ap\u0161viestos (neb\u016btina) lentynos padalija j\u0105 \u012f tris ni\u0161as. Ant j\u0173 galite eksponuoti taures, fig\u016br\u0117les, vazas ar \u0105so\u010dius. Platus stalvir\u0161is, optimalaus 133 cm auk\u0161\u010dio, taip pat leid\u017eia kasdien m\u0117gautis m\u0117gstam\u0173 \u012ftais\u0173 vaizdu. Ant jo galite eksponuoti nuotrauk\u0173 r\u0117melius, fig\u016br\u0117li\u0173 kolekcij\u0105 ar atostog\u0173 suvenyrus. Be praktini\u0173 savybi\u0173, \u201eDallas\u201c vitrina taip pat yra madingas ir modernus interjero dizaino elementas.<br \/>\n\u2022 Eleganti\u0161kas dizainas.<br \/>\n\u2022 Ap\u0161viestas, grioveliais i\u0161 MDF plok\u0161t\u0117s pagamintas \u012fd\u0117klas.<br \/>\n\u2022 Galimyb\u0117 ap\u0161viesti stiklines lentynas.<br \/>\n\u2022 Labai funkcionalus.<br \/>\n\u2022 Ergonomi\u0161kos rankenos. \u2022 Pilno i\u0161traukimo stal\u010diai. \u2022 \u0160velnaus u\u017edarymo sistema. \u2022 Platus stili\u0173 pasirinkimas visoje \u201eDallas\u201c kolekcijoje.<\/p>","protected":false},"excerpt":{"rendered":"<p>\u201eDallas 06\u201c vitrina suteikia daug vietos daiktams susid\u0117ti ir leid\u017eia eksponuoti m\u0117gstamiausius daiktus. Spintel\u0117 padalinta \u012f dvi dalis. Kair\u0117je spintel\u0117s pus\u0117je yra keturios erdvios ni\u0161os u\u017e vien\u0173 dureli\u0173. Joje galite laikyti rank\u0161luos\u010dius, staltieses ar drabu\u017eius. De\u0161in\u0117je pus\u0117je yra vieta [\u2026]<\/p>","protected":false},"featured_media":95293,"comment_status":"open","ping_status":"open","template":"","meta":[],"product_brand":[],"product_cat":[2255,9231,2006],"product_tag":[],"class_list":{"0":"post-95292","1":"product","2":"type-product","3":"status-publish","4":"has-post-thumbnail","6":"product_cat-ml-meble","7":"product_cat-furniture-system-dallas-ml-meble","8":"product_cat-vitrines","10":"first","11":"instock","12":"purchasable","13":"product-type-simple"},"_links":{"self":[{"href":"https:\/\/baldumarket.lt\/lt\/wp-json\/wp\/v2\/product\/95292","targetHints":{"allow":["GET"]}}],"collection":[{"href":"https:\/\/baldumarket.lt\/lt\/wp-json\/wp\/v2\/product"}],"about":[{"href":"https:\/\/baldumarket.lt\/lt\/wp-json\/wp\/v2\/types\/product"}],"replies":[{"embeddable":true,"href":"https:\/\/baldumarket.lt\/lt\/wp-json\/wp\/v2\/comments?post=95292"}],"wp:featuredmedia":[{"embeddable":true,"href":"https:\/\/baldumarket.lt\/lt\/wp-json\/wp\/v2\/media\/95293"}],"wp:attachment":[{"href":"https:\/\/baldumarket.lt\/lt\/wp-json\/wp\/v2\/media?parent=95292"}],"wp:term":[{"taxonomy":"product_brand","embeddable":true,"href":"https:\/\/baldumarket.lt\/lt\/wp-json\/wp\/v2\/product_brand?post=95292"},{"taxonomy":"product_cat","embeddable":true,"href":"https:\/\/baldumarket.lt\/lt\/wp-json\/wp\/v2\/product_cat?post=95292"},{"taxonomy":"product_tag","embeddable":true,"href":"https:\/\/baldumarket.lt\/lt\/wp-json\/wp\/v2\/product_tag?post=95292"}],"curies":[{"name":"wp","href":"https:\/\/api.w.org\/{rel}","templated":true}]}}