{"id":95278,"date":"2025-12-05T15:51:04","date_gmt":"2025-12-05T12:51:04","guid":{"rendered":"https:\/\/baldumarket.lt\/product\/dallas-11-01-orzech-naturalny-mdf-bialy-polysk-szafka-rtv\/"},"modified":"2026-04-07T13:46:17","modified_gmt":"2026-04-07T10:46:17","slug":"dallas-11-01-orzech-naturalny-mdf-bialy-polysk-szafka-rtv","status":"publish","type":"product","link":"https:\/\/baldumarket.lt\/lt\/produktas\/dallas-11-01-orzech-naturalny-mdf-bialy-polysk-szafka-rtv\/","title":{"rendered":"DALLAS 11-01 nat\u016bralus rie\u0161utmedis\/MDF balta blizgi \u2013 TV spintel\u0117"},"content":{"rendered":"<p>\u201eDallas 11\u201c televizoriaus staliukas \u2013 puikus \u0161iuolaikinio svetain\u0117s interjero elementas. D\u0117l savo plo\u010dio ant jo galima pastatyti arba vir\u0161 jo pakabinti didel\u012f televizori\u0173. Dvi atviros lentynos spintel\u0117s centre suteikia patogi\u0105 viet\u0105 pried\u0117liui arba \u017eaidim\u0173 konsolei. Dvi erdvios, u\u017erakinamos lentynos stovo \u0161onuose leid\u017eia pasl\u0117pti DVD diskus, \u017eaidim\u0173 pultelius ar kitus kasdienius nieku\u010dius. Be praktini\u0173 savybi\u0173, \u201eDallas\u201c televizoriaus staliukas yra ir madingas bei modernus interjero dizaino elementas.<br \/>\n\u2022 Eleganti\u0161kas dizainas.<br \/>\n\u2022 Ap\u0161viestas, grioveliais i\u0161 MDF plok\u0161t\u0117s pagamintas \u012fd\u0117klas.<br \/>\n\u2022 Labai funkcionalus.<br \/>\n\u2022 Ergonomi\u0161kos rankenos.<br \/>\n\u2022 \u0160velnaus u\u017edarymo sistema.<br \/>\n\u2022 Platus Dalaso kolekcijos vienet\u0173 asortimentas.<\/p>","protected":false},"excerpt":{"rendered":"<p>\u201eDallas 11\u201c televizoriaus staliukas \u2013 puikus baldas \u0161iuolaikinei svetainei. D\u0117l savo plo\u010dio ant jo galima pastatyti arba vir\u0161 jo pakabinti didel\u012f televizori\u0173. Dvi atviros lentynos spintel\u0117s centre suteikia patogi\u0105 viet\u0105 pried\u0117liui arba \u017eaidim\u0173 konsolei. Dvi erdvios, u\u017erakinamos lentynos [\u2026]<\/p>","protected":false},"featured_media":95279,"comment_status":"open","ping_status":"open","template":"","meta":[],"product_brand":[],"product_cat":[2255,9231,1175],"product_tag":[],"class_list":{"0":"post-95278","1":"product","2":"type-product","3":"status-publish","4":"has-post-thumbnail","6":"product_cat-ml-meble","7":"product_cat-furniture-system-dallas-ml-meble","8":"product_cat-tv-stands","10":"first","11":"instock","12":"purchasable","13":"product-type-simple"},"_links":{"self":[{"href":"https:\/\/baldumarket.lt\/lt\/wp-json\/wp\/v2\/product\/95278","targetHints":{"allow":["GET"]}}],"collection":[{"href":"https:\/\/baldumarket.lt\/lt\/wp-json\/wp\/v2\/product"}],"about":[{"href":"https:\/\/baldumarket.lt\/lt\/wp-json\/wp\/v2\/types\/product"}],"replies":[{"embeddable":true,"href":"https:\/\/baldumarket.lt\/lt\/wp-json\/wp\/v2\/comments?post=95278"}],"wp:featuredmedia":[{"embeddable":true,"href":"https:\/\/baldumarket.lt\/lt\/wp-json\/wp\/v2\/media\/95279"}],"wp:attachment":[{"href":"https:\/\/baldumarket.lt\/lt\/wp-json\/wp\/v2\/media?parent=95278"}],"wp:term":[{"taxonomy":"product_brand","embeddable":true,"href":"https:\/\/baldumarket.lt\/lt\/wp-json\/wp\/v2\/product_brand?post=95278"},{"taxonomy":"product_cat","embeddable":true,"href":"https:\/\/baldumarket.lt\/lt\/wp-json\/wp\/v2\/product_cat?post=95278"},{"taxonomy":"product_tag","embeddable":true,"href":"https:\/\/baldumarket.lt\/lt\/wp-json\/wp\/v2\/product_tag?post=95278"}],"curies":[{"name":"wp","href":"https:\/\/api.w.org\/{rel}","templated":true}]}}