{"id":95251,"date":"2025-12-05T15:50:39","date_gmt":"2025-12-05T12:50:39","guid":{"rendered":"https:\/\/baldumarket.lt\/product\/marine-02-blekit-ciemny-witryna-2d\/"},"modified":"2026-02-03T23:53:49","modified_gmt":"2026-02-03T20:53:49","slug":"marine-02-blekit-ciemny-witryna-2d","status":"publish","type":"product","link":"https:\/\/baldumarket.lt\/lt\/produktas\/marine-02-blekit-ciemny-witryna-2d\/","title":{"rendered":"Marine 02 tamsiai m\u0117lyna \u2013 2D vitrina"},"content":{"rendered":"<p>\u201eMarine 02\u201c vitrina \u2013 tai baldas, puikiai tinkantis stalo \u012frankiams, vazoms ar kelioni\u0173 suvenyrams eksponuoti, taip pat stalties\u0117ms ir stalo \u012frankiams laikyti. Dvi stiklin\u0117s lentynos, padalijan\u010dios erdv\u0119 u\u017e stiklini\u0173 dureli\u0173 \u012f tris pla\u010dias ni\u0161as, leis dar lengviau ir maloniau laikyti m\u0117gstamus daiktus. Vir\u0161utinis LED ap\u0161vietimas dar labiau i\u0161ry\u0161kins j\u016bs\u0173 daiktus. Papildomas dvigubas \u0161viesos \u0161altinis pagerins bendr\u0105 patirt\u012f. Apatin\u0117 dalis, u\u017edaryta dvigubomis durimis, si\u016blo didel\u0119 ir erdvi\u0105 viet\u0105 daiktams, kuriuos norite pasl\u0117pti, pavyzd\u017eiui, dokumentams ar nam\u0173 tekstilei. Visiems \u201eMarine\u201c kolekcijos baldams b\u016bdinga sodri, tamsiai m\u0117lyna apdaila. Rankenos, kojel\u0117s ir apatin\u0117s plok\u0161t\u0117s fanera \u2013 d\u0117l savo klasikin\u0117s auksin\u0117s spalvos \u2013 pabr\u0117\u017eia eleganti\u0161k\u0105 ir nesenstant\u012f \u201eMarine\u201c bald\u0173 charakter\u012f.<br \/>\n\u2022 \u0160velniai u\u017esidarantys vyriai padidina kasdien\u012f komfort\u0105.<br \/>\n\u2022 Auk\u0161tos metalin\u0117s kojel\u0117s palengvina valym\u0105 ir suteikia netrukdom\u0105 prieig\u0105 prie dulki\u0173 siurblio. \u2022 Vitrinos ap\u0161vietimas galimas u\u017e papildom\u0105 mokest\u012f.<br \/>\n\u2022 Tur\u0117dami plat\u0173 \u201eMarine\u201c bald\u0173 pasirinkim\u0105, galite lengvai apstatyti savo svetain\u0119 ar miegam\u0105j\u012f.<\/p>","protected":false},"excerpt":{"rendered":"<p>\u201eMarine 02\u201c vitrina \u2013 tai baldas, puikiai tinkantis stalo \u012frankiams, vazoms ar kelioni\u0173 suvenyrams eksponuoti, taip pat stalties\u0117ms ir stalo \u012frankiams laikyti. Dvi stiklin\u0117s lentynos, padalijan\u010dios erdv\u0119 u\u017e stiklini\u0173 dureli\u0173 \u012f tris pla\u010dias ni\u0161as, leis dar lengviau ir maloniau bendrauti su m\u0117gstamiausiais daiktais. Vir\u0161utin\u0117 LED [\u2026]<\/p>","protected":false},"featured_media":95252,"comment_status":"open","ping_status":"open","template":"","meta":[],"product_brand":[],"product_cat":[9246,2255,2006],"product_tag":[],"class_list":{"0":"post-95251","1":"product","2":"type-product","3":"status-publish","4":"has-post-thumbnail","6":"product_cat-furniture-system-marine-ml-meble","7":"product_cat-ml-meble","8":"product_cat-vitrines","10":"first","11":"instock","12":"purchasable","13":"product-type-simple"},"_links":{"self":[{"href":"https:\/\/baldumarket.lt\/lt\/wp-json\/wp\/v2\/product\/95251","targetHints":{"allow":["GET"]}}],"collection":[{"href":"https:\/\/baldumarket.lt\/lt\/wp-json\/wp\/v2\/product"}],"about":[{"href":"https:\/\/baldumarket.lt\/lt\/wp-json\/wp\/v2\/types\/product"}],"replies":[{"embeddable":true,"href":"https:\/\/baldumarket.lt\/lt\/wp-json\/wp\/v2\/comments?post=95251"}],"wp:featuredmedia":[{"embeddable":true,"href":"https:\/\/baldumarket.lt\/lt\/wp-json\/wp\/v2\/media\/95252"}],"wp:attachment":[{"href":"https:\/\/baldumarket.lt\/lt\/wp-json\/wp\/v2\/media?parent=95251"}],"wp:term":[{"taxonomy":"product_brand","embeddable":true,"href":"https:\/\/baldumarket.lt\/lt\/wp-json\/wp\/v2\/product_brand?post=95251"},{"taxonomy":"product_cat","embeddable":true,"href":"https:\/\/baldumarket.lt\/lt\/wp-json\/wp\/v2\/product_cat?post=95251"},{"taxonomy":"product_tag","embeddable":true,"href":"https:\/\/baldumarket.lt\/lt\/wp-json\/wp\/v2\/product_tag?post=95251"}],"curies":[{"name":"wp","href":"https:\/\/api.w.org\/{rel}","templated":true}]}}