{"id":95232,"date":"2025-12-05T15:50:22","date_gmt":"2025-12-05T12:50:22","guid":{"rendered":"https:\/\/baldumarket.lt\/product\/forest-04-labrador-komoda-1d3s\/"},"modified":"2026-04-07T13:39:39","modified_gmt":"2026-04-07T10:39:39","slug":"forest-04-labrador-komoda-1d3s","status":"publish","type":"product","link":"https:\/\/baldumarket.lt\/lt\/product\/forest-04-labrador-komoda-1d3s\/","title":{"rendered":"Forest 04 labradoro spalvos komoda 1D3S"},"content":{"rendered":"<p>Komoda \u201eForest 04\u201c \u2013 puikus baldas \u0161iuolaiki\u0161kam svetain\u0117s ar miegamojo interjerui. Ant stalvir\u0161io galite susid\u0117ti m\u0117gstamiausius daiktus: vazas, lempas ar kelioni\u0173 suvenyrus. U\u017e dureli\u0173 yra dvi erdvios lentynos, puikiai tinkan\u010dios rank\u0161luos\u010diams, stalties\u0117ms ar kitiems nam\u0173 tekstil\u0117s gaminiams laikyti. Kit\u0105 komodos pus\u0119 sudaro trys dideli ir erdv\u016bs stal\u010diai, puikiai tinkantys stalo reikmenims, pavyzd\u017eiui, stalo \u012frankiams, drabu\u017eiams ar apatiniams apatiniams daiktams laikyti miegamajame. Visi \u201eForest\u201c kolekcijos baldai pasi\u017eymi harmoningu \u017ealiu \u2013 labradoro \u2013 dekoru. Rankenos, kojel\u0117s ir apatin\u0117s plok\u0161t\u0117s fanera \u2013 d\u0117l savo klasikin\u0117s auksin\u0117s spalvos \u2013 pabr\u0117\u017eia eleganti\u0161k\u0105 ir nesenstant\u012f \u201eForest\u201c bald\u0173 charakter\u012f.<br \/>\n\u2022 \u0160velniai u\u017esidarantys vyriai padidina kasdien\u012f komfort\u0105.<br \/>\n\u2022 Stal\u010di\u0173 b\u0117geliai su patogia pilno i\u0161traukimo funkcija ir sutvirtintu dugnu, leid\u017eian\u010diu dar daugiau vietos daiktams susid\u0117ti.<br \/>\n\u2022 Auk\u0161tos metalin\u0117s kojel\u0117s palengvina valym\u0105, nes dulki\u0173 siurbliui suteikiama neribota prieiga. \u2022 D\u0117l plataus \u201eForest\u201c bald\u0173 pasirinkimo galite lengvai susitvarkyti savo svetain\u0119 ir miegam\u0105j\u012f.<\/p>","protected":false},"excerpt":{"rendered":"<p>Komoda \u201eForest 04\u201c \u2013 puikus baldas \u0161iuolaiki\u0161kai svetainei ar miegamajam. Ant stalvir\u0161io galite susid\u0117ti m\u0117gstamiausius daiktus: vazas, lempas ar kelioni\u0173 suvenyrus. U\u017e dureli\u0173 yra dvi erdvios lentynos, puikiai tinkan\u010dios rank\u0161luos\u010diams, stalties\u0117ms ar kitiems nam\u0173 tekstil\u0117s gaminiams laikyti. Kita komodos pus\u0117 [\u2026]<\/p>","protected":false},"featured_media":95233,"comment_status":"open","ping_status":"open","template":"","meta":[],"product_brand":[],"product_cat":[1173,2255,9221],"product_tag":[],"class_list":{"0":"post-95232","1":"product","2":"type-product","3":"status-publish","4":"has-post-thumbnail","6":"product_cat-chests-of-drawers","7":"product_cat-ml-meble","8":"product_cat-furniture-system-forest-ml-meble","10":"first","11":"instock","12":"purchasable","13":"product-type-simple"},"_links":{"self":[{"href":"https:\/\/baldumarket.lt\/lt\/wp-json\/wp\/v2\/product\/95232","targetHints":{"allow":["GET"]}}],"collection":[{"href":"https:\/\/baldumarket.lt\/lt\/wp-json\/wp\/v2\/product"}],"about":[{"href":"https:\/\/baldumarket.lt\/lt\/wp-json\/wp\/v2\/types\/product"}],"replies":[{"embeddable":true,"href":"https:\/\/baldumarket.lt\/lt\/wp-json\/wp\/v2\/comments?post=95232"}],"wp:featuredmedia":[{"embeddable":true,"href":"https:\/\/baldumarket.lt\/lt\/wp-json\/wp\/v2\/media\/95233"}],"wp:attachment":[{"href":"https:\/\/baldumarket.lt\/lt\/wp-json\/wp\/v2\/media?parent=95232"}],"wp:term":[{"taxonomy":"product_brand","embeddable":true,"href":"https:\/\/baldumarket.lt\/lt\/wp-json\/wp\/v2\/product_brand?post=95232"},{"taxonomy":"product_cat","embeddable":true,"href":"https:\/\/baldumarket.lt\/lt\/wp-json\/wp\/v2\/product_cat?post=95232"},{"taxonomy":"product_tag","embeddable":true,"href":"https:\/\/baldumarket.lt\/lt\/wp-json\/wp\/v2\/product_tag?post=95232"}],"curies":[{"name":"wp","href":"https:\/\/api.w.org\/{rel}","templated":true}]}}