{"id":95194,"date":"2025-12-05T15:49:45","date_gmt":"2025-12-05T12:49:45","guid":{"rendered":"https:\/\/baldumarket.lt\/product\/nevio-23-dab-artisan-biurko\/"},"modified":"2026-02-03T23:53:49","modified_gmt":"2026-02-03T20:53:49","slug":"nevio-23-dab-artisan-biurko","status":"publish","type":"product","link":"https:\/\/baldumarket.lt\/lt\/product\/nevio-23-dab-artisan-biurko\/","title":{"rendered":"Nevio 23 Artisan Oak \u2013 Ra\u0161omasis stalas"},"content":{"rendered":"<p>\u201eNevio 23\u201c stalas \u2013 puikus sprendimas vaiko ar paauglio kambariui. Didelis stalvir\u0161is leid\u017eia lengvai atlikti nam\u0173 darbus, mokytis kasdien ar siekti savo pom\u0117gi\u0173. Ant jo galite pasid\u0117ti ne\u0161iojam\u0105j\u012f kompiuter\u012f ar didel\u012f monitori\u0173, neu\u017eimdami vietos s\u0105siuviniams ar knygoms. Stalas turi erdv\u0173 stal\u010di\u0173 ir du didelius, u\u017erakinamus skyrius, puikiai tinkan\u010dius mokyklin\u0117ms priemon\u0117ms ir vadov\u0117liams laikyti. \u201eNevio\u201c stalas puikiai tinka tiek didel\u0117ms, tiek ma\u017eoms erdv\u0117ms.<br \/>\n\u2022 Modernus dizainas.<br \/>\n\u2022 Didelis funkcionalumas.<br \/>\n\u2022 Pilno i\u0161traukimo stal\u010di\u0173 sistema.<br \/>\n\u2022 Auk\u0161tos kojel\u0117s, kad b\u016bt\u0173 lengva valyti.<\/p>","protected":false},"excerpt":{"rendered":"<p>\u201eNevio 23\u201c ra\u0161omasis stalas \u2013 puikus sprendimas vaiko ar paauglio kambariui. Didelis stalvir\u0161is leid\u017eia lengvai atlikti nam\u0173 darbus, mokytis kasdien ar siekti savo pom\u0117gi\u0173. Ant jo galite pasid\u0117ti ne\u0161iojam\u0105j\u012f kompiuter\u012f ar didel\u012f monitori\u0173, neu\u017eimdami vietos u\u017era\u0161\u0173 knygoms ar knygoms. Stalas turi erdv\u0173 stal\u010di\u0173 ir du didelius, [\u2026]<\/p>","protected":false},"featured_media":95195,"comment_status":"open","ping_status":"open","template":"","meta":[],"product_brand":[],"product_cat":[9244,1312,2255],"product_tag":[],"class_list":{"0":"post-95194","1":"product","2":"type-product","3":"status-publish","4":"has-post-thumbnail","6":"product_cat-furniture-system-nevio-ml-meble","7":"product_cat-desks","8":"product_cat-ml-meble","10":"first","11":"instock","12":"purchasable","13":"product-type-simple"},"_links":{"self":[{"href":"https:\/\/baldumarket.lt\/lt\/wp-json\/wp\/v2\/product\/95194","targetHints":{"allow":["GET"]}}],"collection":[{"href":"https:\/\/baldumarket.lt\/lt\/wp-json\/wp\/v2\/product"}],"about":[{"href":"https:\/\/baldumarket.lt\/lt\/wp-json\/wp\/v2\/types\/product"}],"replies":[{"embeddable":true,"href":"https:\/\/baldumarket.lt\/lt\/wp-json\/wp\/v2\/comments?post=95194"}],"wp:featuredmedia":[{"embeddable":true,"href":"https:\/\/baldumarket.lt\/lt\/wp-json\/wp\/v2\/media\/95195"}],"wp:attachment":[{"href":"https:\/\/baldumarket.lt\/lt\/wp-json\/wp\/v2\/media?parent=95194"}],"wp:term":[{"taxonomy":"product_brand","embeddable":true,"href":"https:\/\/baldumarket.lt\/lt\/wp-json\/wp\/v2\/product_brand?post=95194"},{"taxonomy":"product_cat","embeddable":true,"href":"https:\/\/baldumarket.lt\/lt\/wp-json\/wp\/v2\/product_cat?post=95194"},{"taxonomy":"product_tag","embeddable":true,"href":"https:\/\/baldumarket.lt\/lt\/wp-json\/wp\/v2\/product_tag?post=95194"}],"curies":[{"name":"wp","href":"https:\/\/api.w.org\/{rel}","templated":true}]}}