{"id":95186,"date":"2025-12-05T15:49:38","date_gmt":"2025-12-05T12:49:38","guid":{"rendered":"https:\/\/baldumarket.lt\/product\/adagio-03-prawy-dab-castello-witryna\/"},"modified":"2026-04-07T14:53:20","modified_gmt":"2026-04-07T11:53:20","slug":"adagio-03-prawy-dab-castello-witryna","status":"publish","type":"product","link":"https:\/\/baldumarket.lt\/lt\/product\/adagio-03-prawy-dab-castello-witryna\/","title":{"rendered":"Adagio 03 de\u0161inysis Castello Oak \u2013 Vitrina"},"content":{"rendered":"<p>\u201eAdagio 03\u201c vitrina \u2013 tai baldas, leid\u017eiantis jums demonstruoti m\u0117gstamiausius daiktus. Dvi pasirinktinai ap\u0161vie\u010diamos stiklin\u0117s lentynos ne tik pary\u0161kina vitrinos ypatybes, bet ir suteikia interjerui \u0161ilt\u0105 atmosfer\u0105. Dvi lentynos, pasl\u0117ptos u\u017e MDF fasado, ir keturios didel\u0117s \u012fdubos u\u017e \u0161onini\u0173 dureli\u0173 suteikia papildomos vietos daiktams susid\u0117ti. \u0160is baldas derina funkcionalum\u0105 ir ger\u0105 dizain\u0105. Apval\u016bs MDF fasadai, giliai frezuotos juostel\u0117s, deran\u010dios prie korpuso spalvos, bei metalin\u0117s ir chromuotos rankenos \u2013 tai \u201eAdagio\u201c kolekcijos esm\u0117.<br \/>\n\u2022 \u0160velniai u\u017esidarantys vyriai padidina komfort\u0105.<br \/>\n\u2022 Sertifikuotas gr\u016bdintas stiklas.<br \/>\n\u2022 U\u017e papildom\u0105 mokest\u012f galima \u012fsigyti stiklines lentynas su foniniu ap\u0161vietimu.<\/p>","protected":false},"excerpt":{"rendered":"<p>\u201eAdagio 03\u201c vitrina \u2013 tai baldas, leid\u017eiantis jums demonstruoti m\u0117gstamiausius daiktus. Dvi stiklin\u0117s lentynos su papildomu foniniu ap\u0161vietimu ne tik pary\u0161kina vitrinos ypatybes, bet ir suteikia interjerui \u0161ilt\u0105 atmosfer\u0105. Dvi lentynos, pasl\u0117ptos u\u017e MDF priekin\u0117s dalies, ir keturios didel\u0117s ni\u0161os u\u017e \u0161onini\u0173 dureli\u0173 suteikia [\u2026]<\/p>","protected":false},"featured_media":95187,"comment_status":"open","ping_status":"open","template":"","meta":[],"product_brand":[],"product_cat":[2255,9190,2006],"product_tag":[],"class_list":{"0":"post-95186","1":"product","2":"type-product","3":"status-publish","4":"has-post-thumbnail","6":"product_cat-ml-meble","7":"product_cat-furniture-system-adagio-ml-meble","8":"product_cat-vitrines","10":"first","11":"instock","12":"purchasable","13":"product-type-simple"},"_links":{"self":[{"href":"https:\/\/baldumarket.lt\/lt\/wp-json\/wp\/v2\/product\/95186","targetHints":{"allow":["GET"]}}],"collection":[{"href":"https:\/\/baldumarket.lt\/lt\/wp-json\/wp\/v2\/product"}],"about":[{"href":"https:\/\/baldumarket.lt\/lt\/wp-json\/wp\/v2\/types\/product"}],"replies":[{"embeddable":true,"href":"https:\/\/baldumarket.lt\/lt\/wp-json\/wp\/v2\/comments?post=95186"}],"wp:featuredmedia":[{"embeddable":true,"href":"https:\/\/baldumarket.lt\/lt\/wp-json\/wp\/v2\/media\/95187"}],"wp:attachment":[{"href":"https:\/\/baldumarket.lt\/lt\/wp-json\/wp\/v2\/media?parent=95186"}],"wp:term":[{"taxonomy":"product_brand","embeddable":true,"href":"https:\/\/baldumarket.lt\/lt\/wp-json\/wp\/v2\/product_brand?post=95186"},{"taxonomy":"product_cat","embeddable":true,"href":"https:\/\/baldumarket.lt\/lt\/wp-json\/wp\/v2\/product_cat?post=95186"},{"taxonomy":"product_tag","embeddable":true,"href":"https:\/\/baldumarket.lt\/lt\/wp-json\/wp\/v2\/product_tag?post=95186"}],"curies":[{"name":"wp","href":"https:\/\/api.w.org\/{rel}","templated":true}]}}