{"id":95162,"date":"2025-12-05T15:49:15","date_gmt":"2025-12-05T12:49:15","guid":{"rendered":"https:\/\/baldumarket.lt\/product\/adagio-02-prawy-dab-castello-witryna\/"},"modified":"2026-04-07T14:53:20","modified_gmt":"2026-04-07T11:53:20","slug":"adagio-02-prawy-dab-castello-witryna","status":"publish","type":"product","link":"https:\/\/baldumarket.lt\/lt\/product\/adagio-02-prawy-dab-castello-witryna\/","title":{"rendered":"Adagio 02 de\u0161inysis Castello Oak &#8211; Vitrina"},"content":{"rendered":"<p>\u201eAdagio 02\u201c vitrina \u2013 tai baldas, leid\u017eiantis demonstruoti m\u0117gstamiausius daiktus. Trys stiklin\u0117s lentynos su papildomu foniniu ap\u0161vietimu ne tik pary\u0161kina vitrinos ypatybes, bet ir suteikia interjerui \u0161ilt\u0105 atmosfer\u0105. Dvi papildomos lentynos, pasl\u0117ptos u\u017e MDF fasado, leid\u017eia laikyti daiktus, kuri\u0173 nenor\u0117tum\u0117te demonstruoti. \u0160is baldas derina funkcionalum\u0105 ir ger\u0105 dizain\u0105. Apval\u016bs MDF fasadai, giliai frezuotos juostel\u0117s, deran\u010dios prie spintel\u0117s spalvos, bei metalin\u0117s ir chromuotos rankenos \u2013 tai \u201eAdagio\u201c kolekcijos esm\u0117.<br \/>\n\u2022 \u0160velniai u\u017esidarantys vyriai padidina komfort\u0105.<br \/>\n\u2022 Sertifikuotas gr\u016bdintas stiklas.<br \/>\n\u2022 U\u017e papildom\u0105 mokest\u012f galima \u012fsigyti stiklines lentynas su foniniu ap\u0161vietimu.<\/p>","protected":false},"excerpt":{"rendered":"<p>\u201eAdagio 02\u201c vitrina \u2013 tai baldas, leid\u017eiantis jums demonstruoti m\u0117gstamiausius daiktus. Trys pasirinktinai ap\u0161vie\u010diamos stiklin\u0117s lentynos ne tik pary\u0161kina vitrinos ypatybes, bet ir suteikia interjerui \u0161ilt\u0105 atmosfer\u0105. Dvi papildomos lentynos, pasl\u0117ptos u\u017e MDF fasado, leid\u017eia laikyti daiktus, kuri\u0173 nenor\u0117tum\u0117te [\u2026]<\/p>","protected":false},"featured_media":95163,"comment_status":"open","ping_status":"open","template":"","meta":[],"product_brand":[],"product_cat":[2255,9190,2006],"product_tag":[],"class_list":{"0":"post-95162","1":"product","2":"type-product","3":"status-publish","4":"has-post-thumbnail","6":"product_cat-ml-meble","7":"product_cat-furniture-system-adagio-ml-meble","8":"product_cat-vitrines","10":"first","11":"instock","12":"purchasable","13":"product-type-simple"},"_links":{"self":[{"href":"https:\/\/baldumarket.lt\/lt\/wp-json\/wp\/v2\/product\/95162","targetHints":{"allow":["GET"]}}],"collection":[{"href":"https:\/\/baldumarket.lt\/lt\/wp-json\/wp\/v2\/product"}],"about":[{"href":"https:\/\/baldumarket.lt\/lt\/wp-json\/wp\/v2\/types\/product"}],"replies":[{"embeddable":true,"href":"https:\/\/baldumarket.lt\/lt\/wp-json\/wp\/v2\/comments?post=95162"}],"wp:featuredmedia":[{"embeddable":true,"href":"https:\/\/baldumarket.lt\/lt\/wp-json\/wp\/v2\/media\/95163"}],"wp:attachment":[{"href":"https:\/\/baldumarket.lt\/lt\/wp-json\/wp\/v2\/media?parent=95162"}],"wp:term":[{"taxonomy":"product_brand","embeddable":true,"href":"https:\/\/baldumarket.lt\/lt\/wp-json\/wp\/v2\/product_brand?post=95162"},{"taxonomy":"product_cat","embeddable":true,"href":"https:\/\/baldumarket.lt\/lt\/wp-json\/wp\/v2\/product_cat?post=95162"},{"taxonomy":"product_tag","embeddable":true,"href":"https:\/\/baldumarket.lt\/lt\/wp-json\/wp\/v2\/product_tag?post=95162"}],"curies":[{"name":"wp","href":"https:\/\/api.w.org\/{rel}","templated":true}]}}