{"id":95154,"date":"2025-12-05T15:49:08","date_gmt":"2025-12-05T12:49:08","guid":{"rendered":"https:\/\/baldumarket.lt\/product\/adagio-06-dab-castello-komoda\/"},"modified":"2026-04-07T14:53:20","modified_gmt":"2026-04-07T11:53:20","slug":"adagio-06-dab-castello-komoda","status":"publish","type":"product","link":"https:\/\/baldumarket.lt\/lt\/product\/adagio-06-dab-castello-komoda\/","title":{"rendered":"Adagio 06 castello \u0105\u017euolo spalvos komoda"},"content":{"rendered":"<p>\u201eAdagio 06\u201c indauja yra ne tik erdvus baldas, bet ir suteikia papildomos vietos m\u0117gstamiausiems daiktams eksponuoti ant didelio stalvir\u0161io. Dvejos durel\u0117s slepia keturias ni\u0161as vidutinio dyd\u017eio daiktams. Keturi erdv\u016bs stal\u010diai su sutvirtintais dugnais suteikia daug vietos rank\u0161luos\u010diams, drabu\u017eiams ir kitiems tekstil\u0117s gaminiams. \u0160is baldas \u2013 tobulas funkcionalumo ir dizaino derinys. Apval\u016bs MDF fasadai, giliai frezuoti lipdiniai, derantys prie korpuso spalvos, bei metalin\u0117s ir chromuotos rankenos \u2013 tai \u201eAdagio\u201c kolekcijos esm\u0117.<br \/>\n\u2022 Funkcionalus baldas su gra\u017eiu dizainu.<br \/>\n\u2022 \u0160velniai u\u017esidarantys vyriai didesniam komfortui.<br \/>\n\u2022 Padidintos keliamosios galios stal\u010diai.<br \/>\n\u2022 Pilno i\u0161traukimo stal\u010di\u0173 b\u0117geliai.<\/p>","protected":false},"excerpt":{"rendered":"<p>\u201eAdagio 06\u201c indauja yra ne tik erdvus baldas, bet ir suteikia papildomos vietos m\u0117gstamiausiems daiktams susid\u0117ti ant didelio stalvir\u0161io. Dvejos durel\u0117s slepia keturias ni\u0161as vidutinio dyd\u017eio daiktams. Keturi erdv\u016bs stal\u010diai su sutvirtintais dugnais suteikia pakankamai vietos rank\u0161luos\u010diams, drabu\u017eiams ir kitiems tekstil\u0117s gaminiams. \u0160is baldas puikiai dera [\u2026]<\/p>","protected":false},"featured_media":95155,"comment_status":"open","ping_status":"open","template":"","meta":[],"product_brand":[],"product_cat":[1173,2255,9190],"product_tag":[],"class_list":{"0":"post-95154","1":"product","2":"type-product","3":"status-publish","4":"has-post-thumbnail","6":"product_cat-chests-of-drawers","7":"product_cat-ml-meble","8":"product_cat-furniture-system-adagio-ml-meble","10":"first","11":"instock","12":"purchasable","13":"product-type-simple"},"_links":{"self":[{"href":"https:\/\/baldumarket.lt\/lt\/wp-json\/wp\/v2\/product\/95154","targetHints":{"allow":["GET"]}}],"collection":[{"href":"https:\/\/baldumarket.lt\/lt\/wp-json\/wp\/v2\/product"}],"about":[{"href":"https:\/\/baldumarket.lt\/lt\/wp-json\/wp\/v2\/types\/product"}],"replies":[{"embeddable":true,"href":"https:\/\/baldumarket.lt\/lt\/wp-json\/wp\/v2\/comments?post=95154"}],"wp:featuredmedia":[{"embeddable":true,"href":"https:\/\/baldumarket.lt\/lt\/wp-json\/wp\/v2\/media\/95155"}],"wp:attachment":[{"href":"https:\/\/baldumarket.lt\/lt\/wp-json\/wp\/v2\/media?parent=95154"}],"wp:term":[{"taxonomy":"product_brand","embeddable":true,"href":"https:\/\/baldumarket.lt\/lt\/wp-json\/wp\/v2\/product_brand?post=95154"},{"taxonomy":"product_cat","embeddable":true,"href":"https:\/\/baldumarket.lt\/lt\/wp-json\/wp\/v2\/product_cat?post=95154"},{"taxonomy":"product_tag","embeddable":true,"href":"https:\/\/baldumarket.lt\/lt\/wp-json\/wp\/v2\/product_tag?post=95154"}],"curies":[{"name":"wp","href":"https:\/\/api.w.org\/{rel}","templated":true}]}}