{"id":95146,"date":"2025-12-05T15:49:01","date_gmt":"2025-12-05T12:49:01","guid":{"rendered":"https:\/\/baldumarket.lt\/product\/adagio-01-dab-castello-szafa\/"},"modified":"2026-04-07T15:16:10","modified_gmt":"2026-04-07T12:16:10","slug":"adagio-01-dab-castello-szafa","status":"publish","type":"product","link":"https:\/\/baldumarket.lt\/lt\/product\/adagio-01-dab-castello-szafa\/","title":{"rendered":"Adagio 01 \u0105\u017euolo spalvos spinta"},"content":{"rendered":"<p>\u201eAdagio 01\u201c spinta \u2013 tai baldas, puikiai tinkantis drabu\u017eiams, rank\u0161luos\u010diams ir kitiems nam\u0173 tekstil\u0117s gaminiams laikyti. Du tvirti b\u0117geliai suteikia daug vietos mar\u0161kiniams ir striuk\u0117ms. Penkios gilios ni\u0161os suteikia daug vietos drabu\u017eiams susid\u0117ti. \u0160is baldas derina funkcionalum\u0105 ir eleganti\u0161k\u0105 dizain\u0105. Apval\u016bs MDF fasadai, giliai frezuotos korpuso spalvos lentjuost\u0117s ir metalin\u0117s bei chromuotos rankenos \u2013 tai \u201eAdagio\u201c kolekcijos esm\u0117.<br \/>\n\u2022 \u0160velniai u\u017esidarantys vyriai padidina kasdien\u012f komfort\u0105.<br \/>\n\u2022 Didel\u0117 lentyn\u0173 talpa leid\u017eia lengvai tvarkingai susid\u0117ti daiktus.<br \/>\n\u2022 Funkcionalus baldas su gra\u017eiu dizainu.<\/p>","protected":false},"excerpt":{"rendered":"<p>\u201eAdagio 01\u201c spinta \u2013 tai baldas, puikiai tinkantis drabu\u017eiams, rank\u0161luos\u010diams ir kitiems nam\u0173 tekstil\u0117s gaminiams laikyti. Du tvirti b\u0117geliai suteikia daug vietos mar\u0161kiniams ir striuk\u0117ms. Penkios gilios ni\u0161os suteikia daug vietos drabu\u017eiams susid\u0117ti. \u0160is baldas derina funkcionalum\u0105 ir eleganti\u0161k\u0105 dizain\u0105. Apval\u016bs MDF fasadai, giliai frezuotos lentjuost\u0117s, tokios pa\u010dios spalvos kaip ir [\u2026]<\/p>","protected":false},"featured_media":95147,"comment_status":"open","ping_status":"open","template":"","meta":[],"product_brand":[],"product_cat":[2255,9190,1177],"product_tag":[],"class_list":{"0":"post-95146","1":"product","2":"type-product","3":"status-publish","4":"has-post-thumbnail","6":"product_cat-ml-meble","7":"product_cat-furniture-system-adagio-ml-meble","8":"product_cat-wardrobes","10":"first","11":"instock","12":"purchasable","13":"product-type-simple"},"_links":{"self":[{"href":"https:\/\/baldumarket.lt\/lt\/wp-json\/wp\/v2\/product\/95146","targetHints":{"allow":["GET"]}}],"collection":[{"href":"https:\/\/baldumarket.lt\/lt\/wp-json\/wp\/v2\/product"}],"about":[{"href":"https:\/\/baldumarket.lt\/lt\/wp-json\/wp\/v2\/types\/product"}],"replies":[{"embeddable":true,"href":"https:\/\/baldumarket.lt\/lt\/wp-json\/wp\/v2\/comments?post=95146"}],"wp:featuredmedia":[{"embeddable":true,"href":"https:\/\/baldumarket.lt\/lt\/wp-json\/wp\/v2\/media\/95147"}],"wp:attachment":[{"href":"https:\/\/baldumarket.lt\/lt\/wp-json\/wp\/v2\/media?parent=95146"}],"wp:term":[{"taxonomy":"product_brand","embeddable":true,"href":"https:\/\/baldumarket.lt\/lt\/wp-json\/wp\/v2\/product_brand?post=95146"},{"taxonomy":"product_cat","embeddable":true,"href":"https:\/\/baldumarket.lt\/lt\/wp-json\/wp\/v2\/product_cat?post=95146"},{"taxonomy":"product_tag","embeddable":true,"href":"https:\/\/baldumarket.lt\/lt\/wp-json\/wp\/v2\/product_tag?post=95146"}],"curies":[{"name":"wp","href":"https:\/\/api.w.org\/{rel}","templated":true}]}}