{"id":95136,"date":"2025-12-05T15:48:51","date_gmt":"2025-12-05T12:48:51","guid":{"rendered":"https:\/\/baldumarket.lt\/product\/adagio-04-dab-castello-komoda\/"},"modified":"2026-04-07T14:53:20","modified_gmt":"2026-04-07T11:53:20","slug":"adagio-04-dab-castello-komoda","status":"publish","type":"product","link":"https:\/\/baldumarket.lt\/lt\/product\/adagio-04-dab-castello-komoda\/","title":{"rendered":"Adagio 04 castello \u0105\u017euolo komoda"},"content":{"rendered":"<p>\u201eAdagio 04\u201c indauja yra ne tik erdvus baldas, bet ir suteikia papildomos vietos m\u0117gstamiausiems daiktams eksponuoti ant didelio stalvir\u0161io. U\u017e dureli\u0173 yra lentyna, padalijanti u\u017edar\u0105 erdv\u0119 \u012f du erdvius skyrius. Keturi dideli stal\u010diai su sutvirtintais dugnais suteikia daug vietos rank\u0161luos\u010diams, drabu\u017eiams ir kitiems tekstil\u0117s gaminiams. \u0160i indauja puikiai papildo svetain\u0119 ar miegam\u0105j\u012f. \u0160is baldas derina funkcionalum\u0105 ir ger\u0105 dizain\u0105. Apval\u016bs MDF fasadai, giliai frezuoti lipdiniai, atitinkantys korpuso spalv\u0105, bei metalin\u0117s ir chromuotos rankenos \u2013 tai \u201eAdagio\u201c kolekcijos esm\u0117.<br \/>\n\u2022 \u0160velniai u\u017esidarantys vyriai padidina komfort\u0105.<br \/>\n\u2022 Padidintos keliamosios galios stal\u010diai.<br \/>\n\u2022 Pilno i\u0161traukimo stal\u010di\u0173 b\u0117geliai.<\/p>","protected":false},"excerpt":{"rendered":"<p>\u201eAdagio 04\u201c indauja yra ne tik erdvus baldas, bet ir suteikia papildomos vietos m\u0117gstamiausiems daiktams susid\u0117ti ant didelio stalvir\u0161io. U\u017e dureli\u0173 yra lentyna, padalijanti u\u017edar\u0105 erdv\u0119 \u012f du erdvius skyrius. Keturi dideli stal\u010diai su sutvirtintais dugnais suteikia pakankamai vietos rank\u0161luos\u010diams, drabu\u017eiams ir kitiems tekstil\u0117s gaminiams. [\u2026]<\/p>","protected":false},"featured_media":95137,"comment_status":"open","ping_status":"open","template":"","meta":[],"product_brand":[],"product_cat":[1173,2255,9190],"product_tag":[],"class_list":{"0":"post-95136","1":"product","2":"type-product","3":"status-publish","4":"has-post-thumbnail","6":"product_cat-chests-of-drawers","7":"product_cat-ml-meble","8":"product_cat-furniture-system-adagio-ml-meble","10":"first","11":"instock","12":"purchasable","13":"product-type-simple"},"_links":{"self":[{"href":"https:\/\/baldumarket.lt\/lt\/wp-json\/wp\/v2\/product\/95136","targetHints":{"allow":["GET"]}}],"collection":[{"href":"https:\/\/baldumarket.lt\/lt\/wp-json\/wp\/v2\/product"}],"about":[{"href":"https:\/\/baldumarket.lt\/lt\/wp-json\/wp\/v2\/types\/product"}],"replies":[{"embeddable":true,"href":"https:\/\/baldumarket.lt\/lt\/wp-json\/wp\/v2\/comments?post=95136"}],"wp:featuredmedia":[{"embeddable":true,"href":"https:\/\/baldumarket.lt\/lt\/wp-json\/wp\/v2\/media\/95137"}],"wp:attachment":[{"href":"https:\/\/baldumarket.lt\/lt\/wp-json\/wp\/v2\/media?parent=95136"}],"wp:term":[{"taxonomy":"product_brand","embeddable":true,"href":"https:\/\/baldumarket.lt\/lt\/wp-json\/wp\/v2\/product_brand?post=95136"},{"taxonomy":"product_cat","embeddable":true,"href":"https:\/\/baldumarket.lt\/lt\/wp-json\/wp\/v2\/product_cat?post=95136"},{"taxonomy":"product_tag","embeddable":true,"href":"https:\/\/baldumarket.lt\/lt\/wp-json\/wp\/v2\/product_tag?post=95136"}],"curies":[{"name":"wp","href":"https:\/\/api.w.org\/{rel}","templated":true}]}}