{"id":95128,"date":"2025-12-05T15:48:44","date_gmt":"2025-12-05T12:48:44","guid":{"rendered":"https:\/\/baldumarket.lt\/product\/caro-22-sonoma-jasna-szafa\/"},"modified":"2026-04-07T15:16:26","modified_gmt":"2026-04-07T12:16:26","slug":"caro-22-sonoma-jasna-szafa","status":"publish","type":"product","link":"https:\/\/baldumarket.lt\/lt\/product\/caro-22-sonoma-jasna-szafa\/","title":{"rendered":"Caro 22 Sonoma \u0161viestuvas \u2013 spinta"},"content":{"rendered":"<p>Dviej\u0173 dur\u0173 \u201eCaro 22\u201c spinta suteikia daug vietos daiktams susid\u0117ti. Strukt\u016bra padalinta \u012f tris zonas. Kair\u0117je pus\u0117je yra ergonomi\u0161ka pakaba, puikiai tinkanti vir\u0161utiniams drabu\u017eiams ar ilgesn\u0117ms suknel\u0117ms. De\u0161in\u0117je pus\u0117je yra trys erdvios ni\u0161os drabu\u017eiams ar kitai nam\u0173 tekstilei. Vir\u0161utin\u0117je spintos dalyje yra plati lentyna storoms antklod\u0117ms ar dideliems krep\u0161iams. Paprastas dizainas paver\u010dia \u201eCaro 22\u201c spint\u0105 puikiu bet kokio interjero papildymu.<br \/>\n\u2022 Klasikinis dizainas.<br \/>\n\u2022 Didelis funkcionalumas.<br \/>\n\u2022 Platus stili\u0173 pasirinkimas visoje \u201eCaro\u201c kolekcijoje.<\/p>","protected":false},"excerpt":{"rendered":"<p>Dviej\u0173 dur\u0173 \u201eCaro 22\u201c spinta suteikia daug vietos daiktams susid\u0117ti. Strukt\u016bra padalinta \u012f tris zonas. Kair\u0117je pus\u0117je yra ergonomi\u0161ka pakaba, puikiai tinkanti vir\u0161utiniams drabu\u017eiams ar ilgesnei suknelei. De\u0161in\u0117je pus\u0117je yra trys erdvios ni\u0161os drabu\u017eiams ar kitai nam\u0173 tekstilei. Vir\u0161utin\u0117je spintos dalyje yra plati lentyna storiems [\u2026]<\/p>","protected":false},"featured_media":95129,"comment_status":"open","ping_status":"open","template":"","meta":[],"product_brand":[],"product_cat":[2255,9226,1177],"product_tag":[],"class_list":{"0":"post-95128","1":"product","2":"type-product","3":"status-publish","4":"has-post-thumbnail","6":"product_cat-ml-meble","7":"product_cat-furniture-system-caro-ml-meble","8":"product_cat-wardrobes","10":"first","11":"instock","12":"purchasable","13":"product-type-simple"},"_links":{"self":[{"href":"https:\/\/baldumarket.lt\/lt\/wp-json\/wp\/v2\/product\/95128","targetHints":{"allow":["GET"]}}],"collection":[{"href":"https:\/\/baldumarket.lt\/lt\/wp-json\/wp\/v2\/product"}],"about":[{"href":"https:\/\/baldumarket.lt\/lt\/wp-json\/wp\/v2\/types\/product"}],"replies":[{"embeddable":true,"href":"https:\/\/baldumarket.lt\/lt\/wp-json\/wp\/v2\/comments?post=95128"}],"wp:featuredmedia":[{"embeddable":true,"href":"https:\/\/baldumarket.lt\/lt\/wp-json\/wp\/v2\/media\/95129"}],"wp:attachment":[{"href":"https:\/\/baldumarket.lt\/lt\/wp-json\/wp\/v2\/media?parent=95128"}],"wp:term":[{"taxonomy":"product_brand","embeddable":true,"href":"https:\/\/baldumarket.lt\/lt\/wp-json\/wp\/v2\/product_brand?post=95128"},{"taxonomy":"product_cat","embeddable":true,"href":"https:\/\/baldumarket.lt\/lt\/wp-json\/wp\/v2\/product_cat?post=95128"},{"taxonomy":"product_tag","embeddable":true,"href":"https:\/\/baldumarket.lt\/lt\/wp-json\/wp\/v2\/product_tag?post=95128"}],"curies":[{"name":"wp","href":"https:\/\/api.w.org\/{rel}","templated":true}]}}