{"id":95120,"date":"2025-12-05T15:48:37","date_gmt":"2025-12-05T12:48:37","guid":{"rendered":"https:\/\/baldumarket.lt\/product\/nevio-20-dab-artisan-rtv\/"},"modified":"2026-02-03T23:53:50","modified_gmt":"2026-02-03T20:53:50","slug":"nevio-20-dab-artisan-rtv","status":"publish","type":"product","link":"https:\/\/baldumarket.lt\/lt\/product\/nevio-20-dab-artisan-rtv\/","title":{"rendered":"\u201eNevio 20 Artisan Oak\u201c \u2013 RTV"},"content":{"rendered":"<p>\u201eNEVIO 20\u201c televizoriaus stovas leid\u017eia idealiai pastatyti televizori\u0173, kuris neabejotinai bus visos \u0161eimos m\u0117gstamiausias vakaro \u017ei\u016br\u0117jimo elementas.<\/p>\n<p>D\u0117l savo erdvumo stovas puikiai tinka televizoriaus priedams ar konsolei laikyti.<\/p>\n<p>Be to, d\u0117l auk\u0161t\u0173 stovo kojeli\u0173 j\u012f lengva palaikyti \u0161var\u0105.<\/p>","protected":false},"excerpt":{"rendered":"<p>NEVIO 20 televizoriaus stovas leid\u017eia idealiai pastatyti televizori\u0173, kuris vakaro \u017ei\u016br\u0117jimo metu tikrai bus visos \u0161eimos m\u0117gstamiausias. D\u0117l savo erdvumo stovas puikiai tinka televizoriaus priedams ar konsolei laikyti. Be to, d\u0117l auk\u0161t\u0173 stovo kojeli\u0173 j\u012f lengva palaikyti \u0161var\u0105.<\/p>","protected":false},"featured_media":95121,"comment_status":"open","ping_status":"open","template":"","meta":[],"product_brand":[],"product_cat":[9244,2255,1175],"product_tag":[],"class_list":{"0":"post-95120","1":"product","2":"type-product","3":"status-publish","4":"has-post-thumbnail","6":"product_cat-furniture-system-nevio-ml-meble","7":"product_cat-ml-meble","8":"product_cat-tv-stands","10":"first","11":"instock","12":"purchasable","13":"product-type-simple"},"_links":{"self":[{"href":"https:\/\/baldumarket.lt\/lt\/wp-json\/wp\/v2\/product\/95120","targetHints":{"allow":["GET"]}}],"collection":[{"href":"https:\/\/baldumarket.lt\/lt\/wp-json\/wp\/v2\/product"}],"about":[{"href":"https:\/\/baldumarket.lt\/lt\/wp-json\/wp\/v2\/types\/product"}],"replies":[{"embeddable":true,"href":"https:\/\/baldumarket.lt\/lt\/wp-json\/wp\/v2\/comments?post=95120"}],"wp:featuredmedia":[{"embeddable":true,"href":"https:\/\/baldumarket.lt\/lt\/wp-json\/wp\/v2\/media\/95121"}],"wp:attachment":[{"href":"https:\/\/baldumarket.lt\/lt\/wp-json\/wp\/v2\/media?parent=95120"}],"wp:term":[{"taxonomy":"product_brand","embeddable":true,"href":"https:\/\/baldumarket.lt\/lt\/wp-json\/wp\/v2\/product_brand?post=95120"},{"taxonomy":"product_cat","embeddable":true,"href":"https:\/\/baldumarket.lt\/lt\/wp-json\/wp\/v2\/product_cat?post=95120"},{"taxonomy":"product_tag","embeddable":true,"href":"https:\/\/baldumarket.lt\/lt\/wp-json\/wp\/v2\/product_tag?post=95120"}],"curies":[{"name":"wp","href":"https:\/\/api.w.org\/{rel}","templated":true}]}}