{"id":95112,"date":"2025-12-05T15:48:29","date_gmt":"2025-12-05T12:48:29","guid":{"rendered":"https:\/\/baldumarket.lt\/product\/nevio-19-dab-artisan-witryna\/"},"modified":"2026-02-03T23:53:50","modified_gmt":"2026-02-03T20:53:50","slug":"nevio-19-dab-artisan-witryna","status":"publish","type":"product","link":"https:\/\/baldumarket.lt\/lt\/product\/nevio-19-dab-artisan-witryna\/","title":{"rendered":"\u201eNevio 19 Artisan Oak\u201c \u2013 vitrina"},"content":{"rendered":"<p>NEVIO 19 vitrina pasi\u017eymi paprastu, moderniu dizainu.<\/p>\n<p>D\u0117l savo funkcionalumo spintel\u0117 yra ideali vieta eksponuoti nuotraukas ar \u0161eimos relikvijas.<\/p>\n<p>Taip pat jame yra daug lentyn\u0173, kuriose lengva laikyti b\u016btiniausius daiktus. Be to, auk\u0161tos spintel\u0117s kojel\u0117s leid\u017eia lengvai palaikyti \u0161var\u0105.<\/p>","protected":false},"excerpt":{"rendered":"<p>NEVIO 19 vitrina pasi\u017eymi paprastu, moderniu dizainu. D\u0117l savo funkcionalumo spintel\u0117 yra ideali vieta eksponuoti nuotraukas ar \u0161eimos relikvijas. Joje taip pat yra daug lentyn\u0173, kuriose lengva laikyti b\u016btiniausius daiktus. Be to, auk\u0161tos spintel\u0117s kojel\u0117s leid\u017eia lengvai palaikyti \u0161var\u0105.<\/p>","protected":false},"featured_media":95113,"comment_status":"open","ping_status":"open","template":"","meta":[],"product_brand":[],"product_cat":[9244,2255,2006],"product_tag":[],"class_list":{"0":"post-95112","1":"product","2":"type-product","3":"status-publish","4":"has-post-thumbnail","6":"product_cat-furniture-system-nevio-ml-meble","7":"product_cat-ml-meble","8":"product_cat-vitrines","10":"first","11":"instock","12":"purchasable","13":"product-type-simple"},"_links":{"self":[{"href":"https:\/\/baldumarket.lt\/lt\/wp-json\/wp\/v2\/product\/95112","targetHints":{"allow":["GET"]}}],"collection":[{"href":"https:\/\/baldumarket.lt\/lt\/wp-json\/wp\/v2\/product"}],"about":[{"href":"https:\/\/baldumarket.lt\/lt\/wp-json\/wp\/v2\/types\/product"}],"replies":[{"embeddable":true,"href":"https:\/\/baldumarket.lt\/lt\/wp-json\/wp\/v2\/comments?post=95112"}],"wp:featuredmedia":[{"embeddable":true,"href":"https:\/\/baldumarket.lt\/lt\/wp-json\/wp\/v2\/media\/95113"}],"wp:attachment":[{"href":"https:\/\/baldumarket.lt\/lt\/wp-json\/wp\/v2\/media?parent=95112"}],"wp:term":[{"taxonomy":"product_brand","embeddable":true,"href":"https:\/\/baldumarket.lt\/lt\/wp-json\/wp\/v2\/product_brand?post=95112"},{"taxonomy":"product_cat","embeddable":true,"href":"https:\/\/baldumarket.lt\/lt\/wp-json\/wp\/v2\/product_cat?post=95112"},{"taxonomy":"product_tag","embeddable":true,"href":"https:\/\/baldumarket.lt\/lt\/wp-json\/wp\/v2\/product_tag?post=95112"}],"curies":[{"name":"wp","href":"https:\/\/api.w.org\/{rel}","templated":true}]}}