{"id":95076,"date":"2025-12-05T15:47:55","date_gmt":"2025-12-05T12:47:55","guid":{"rendered":"https:\/\/baldumarket.lt\/product\/goldin-03-bialy-alpejski-bialy-polysk-witryna\/"},"modified":"2026-02-03T23:53:50","modified_gmt":"2026-02-03T20:53:50","slug":"goldin-03-bialy-alpejski-bialy-polysk-witryna","status":"publish","type":"product","link":"https:\/\/baldumarket.lt\/lt\/product\/goldin-03-bialy-alpejski-bialy-polysk-witryna\/","title":{"rendered":"Goldin 03 Alpi\u0173 balta\/Blizgi balta \u2013 vitrina"},"content":{"rendered":"<p>\u201eGoldin 03\u201c vitrina \u2013 gra\u017eus ir funkcionalus j\u016bs\u0173 svetain\u0117s baldas. Ji suteikia vietos daiktams susid\u0117ti ir leid\u017eia eksponuoti m\u0117gstamiausius aksesuarus. Ji turi dvi stiklines lentynas, kurios erdv\u0119 u\u017e dvigub\u0173 stiklini\u0173 dur\u0173 padalija \u012f tris ni\u0161as. \u0160iose lentynose laikykite taures, m\u0117gstamas skulpt\u016bras ar vazas, o vir\u0161uje esan\u010dio ap\u0161vietimo d\u0117ka jos atrodys dar \u012fsp\u016bdingiau. Spintel\u0117s apa\u010dioje yra plati, labai erdvi, rakinama lentyna. Joje galite lengvai laikyti staltieses ar kitus nam\u0173 tekstil\u0117s gaminius.<br \/>\n\u2022 Eleganti\u0161kas dizainas.<br \/>\n\u2022 Didelis funkcionalumas.<br \/>\n\u2022 Standartinis vir\u0161utinis ap\u0161vietimas.<br \/>\n\u2022 \u0160velnaus u\u017edarymo sistema.<br \/>\n\u2022 Frezuoti MDF fasadai.<br \/>\n\u2022 Auk\u0161tos metalin\u0117s kojel\u0117s, kad b\u016bt\u0173 lengva valyti.<\/p>","protected":false},"excerpt":{"rendered":"<p>\u201eGoldin 03\u201c vitrina yra gra\u017eus ir funkcionalus j\u016bs\u0173 svetain\u0117s baldas. Ji suteikia vietos daiktams susid\u0117ti ir leid\u017eia eksponuoti m\u0117gstamus aksesuarus. Joje yra dvi stiklin\u0117s lentynos, padalijan\u010dios erdv\u0119 u\u017e dvigub\u0173 stiklini\u0173 dur\u0173 \u012f tris ni\u0161as. \u0160iose lentynose galite sud\u0117ti taures, m\u0117gstamas skulpt\u016bras ar vazas ir [\u2026]<\/p>","protected":false},"featured_media":95077,"comment_status":"open","ping_status":"open","template":"","meta":[],"product_brand":[],"product_cat":[9250,2255,2006],"product_tag":[],"class_list":{"0":"post-95076","1":"product","2":"type-product","3":"status-publish","4":"has-post-thumbnail","6":"product_cat-furniture-system-goldin-ml-meble","7":"product_cat-ml-meble","8":"product_cat-vitrines","10":"first","11":"instock","12":"purchasable","13":"product-type-simple"},"_links":{"self":[{"href":"https:\/\/baldumarket.lt\/lt\/wp-json\/wp\/v2\/product\/95076","targetHints":{"allow":["GET"]}}],"collection":[{"href":"https:\/\/baldumarket.lt\/lt\/wp-json\/wp\/v2\/product"}],"about":[{"href":"https:\/\/baldumarket.lt\/lt\/wp-json\/wp\/v2\/types\/product"}],"replies":[{"embeddable":true,"href":"https:\/\/baldumarket.lt\/lt\/wp-json\/wp\/v2\/comments?post=95076"}],"wp:featuredmedia":[{"embeddable":true,"href":"https:\/\/baldumarket.lt\/lt\/wp-json\/wp\/v2\/media\/95077"}],"wp:attachment":[{"href":"https:\/\/baldumarket.lt\/lt\/wp-json\/wp\/v2\/media?parent=95076"}],"wp:term":[{"taxonomy":"product_brand","embeddable":true,"href":"https:\/\/baldumarket.lt\/lt\/wp-json\/wp\/v2\/product_brand?post=95076"},{"taxonomy":"product_cat","embeddable":true,"href":"https:\/\/baldumarket.lt\/lt\/wp-json\/wp\/v2\/product_cat?post=95076"},{"taxonomy":"product_tag","embeddable":true,"href":"https:\/\/baldumarket.lt\/lt\/wp-json\/wp\/v2\/product_tag?post=95076"}],"curies":[{"name":"wp","href":"https:\/\/api.w.org\/{rel}","templated":true}]}}