{"id":95068,"date":"2025-12-05T15:47:46","date_gmt":"2025-12-05T12:47:46","guid":{"rendered":"https:\/\/baldumarket.lt\/product\/goldin-02-bialy-alpejski-bialy-polysk-witryna\/"},"modified":"2026-02-03T23:53:50","modified_gmt":"2026-02-03T20:53:50","slug":"goldin-02-bialy-alpejski-bialy-polysk-witryna","status":"publish","type":"product","link":"https:\/\/baldumarket.lt\/lt\/product\/goldin-02-bialy-alpejski-bialy-polysk-witryna\/","title":{"rendered":"Goldin 02 Alpi\u0173 balta\/Blizgi balta \u2013 vitrina"},"content":{"rendered":"<p>Auk\u0161ta vitrina \u201eGoldin 02\u201c \u2013 gra\u017eus ir funkcionalus j\u016bs\u0173 svetain\u0117s baldas. Ji suteikia vietos daiktams susid\u0117ti ir leid\u017eia eksponuoti m\u0117gstamiausius aksesuarus. Trys stiklin\u0117s lentynos padalija erdv\u0119 u\u017e stiklini\u0173 dureli\u0173 \u012f keturias ni\u0161as. Jose laikykite taures, m\u0117gstamas skulpt\u016bras ar vazas, o spintel\u0117s vir\u0161uje esantis ap\u0161vietimas suteiks jiems dar \u012fsp\u016bdingesn\u012f vaizd\u0105. Spintel\u0117s apa\u010dioje yra du erdv\u016bs stal\u010diai. Juose galite lengvai laikyti stalo \u012frankius, staltieses ar kitus nam\u0173 tekstil\u0117s gaminius. Vitrinos dureles galima atidaryti i\u0161 kair\u0117s arba de\u0161in\u0117s, priklausomai nuo j\u016bs\u0173 poreiki\u0173.<br \/>\n\u2022 Eleganti\u0161kas dizainas.<br \/>\n\u2022 Didelis funkcionalumas.<br \/>\n\u2022 Standartinis vir\u0161utinis ap\u0161vietimas.<br \/>\n\u2022 \u0160viesos intensyvumo jungiklis.<br \/>\n\u2022 \u0160velnaus u\u017edarymo sistema.<br \/>\n\u2022 Pilnai i\u0161traukiamas stal\u010dius.<br \/>\n\u2022 Frezuoti MDF fasadai.<br \/>\n\u2022 Auk\u0161tos metalin\u0117s kojel\u0117s, kad b\u016bt\u0173 lengva valyti.<\/p>","protected":false},"excerpt":{"rendered":"<p>Auk\u0161ta vitrina \u201eGoldin 02\u201c \u2013 gra\u017eus ir funkcionalus j\u016bs\u0173 svetain\u0117s baldas. Ji suteikia vietos daiktams susid\u0117ti ir leid\u017eia eksponuoti m\u0117gstamus aksesuarus. Trys stiklin\u0117s lentynos padalija erdv\u0119 u\u017e stiklini\u0173 dureli\u0173 \u012f keturias ni\u0161as. Jose galite sud\u0117ti taures, m\u0117gstamas skulpt\u016bras ar vazas, o vir\u0161utin\u0117s lempos [\u2026]<\/p>","protected":false},"featured_media":95069,"comment_status":"open","ping_status":"open","template":"","meta":[],"product_brand":[],"product_cat":[9250,2255,2006],"product_tag":[],"class_list":{"0":"post-95068","1":"product","2":"type-product","3":"status-publish","4":"has-post-thumbnail","6":"product_cat-furniture-system-goldin-ml-meble","7":"product_cat-ml-meble","8":"product_cat-vitrines","10":"first","11":"instock","12":"purchasable","13":"product-type-simple"},"_links":{"self":[{"href":"https:\/\/baldumarket.lt\/lt\/wp-json\/wp\/v2\/product\/95068","targetHints":{"allow":["GET"]}}],"collection":[{"href":"https:\/\/baldumarket.lt\/lt\/wp-json\/wp\/v2\/product"}],"about":[{"href":"https:\/\/baldumarket.lt\/lt\/wp-json\/wp\/v2\/types\/product"}],"replies":[{"embeddable":true,"href":"https:\/\/baldumarket.lt\/lt\/wp-json\/wp\/v2\/comments?post=95068"}],"wp:featuredmedia":[{"embeddable":true,"href":"https:\/\/baldumarket.lt\/lt\/wp-json\/wp\/v2\/media\/95069"}],"wp:attachment":[{"href":"https:\/\/baldumarket.lt\/lt\/wp-json\/wp\/v2\/media?parent=95068"}],"wp:term":[{"taxonomy":"product_brand","embeddable":true,"href":"https:\/\/baldumarket.lt\/lt\/wp-json\/wp\/v2\/product_brand?post=95068"},{"taxonomy":"product_cat","embeddable":true,"href":"https:\/\/baldumarket.lt\/lt\/wp-json\/wp\/v2\/product_cat?post=95068"},{"taxonomy":"product_tag","embeddable":true,"href":"https:\/\/baldumarket.lt\/lt\/wp-json\/wp\/v2\/product_tag?post=95068"}],"curies":[{"name":"wp","href":"https:\/\/api.w.org\/{rel}","templated":true}]}}