{"id":95059,"date":"2025-12-05T15:47:38","date_gmt":"2025-12-05T12:47:38","guid":{"rendered":"https:\/\/baldumarket.lt\/product\/goldin-05-bialy-alpejski-bialy-polysk-komoda\/"},"modified":"2026-02-03T23:53:50","modified_gmt":"2026-02-03T20:53:50","slug":"goldin-05-bialy-alpejski-bialy-polysk-komoda","status":"publish","type":"product","link":"https:\/\/baldumarket.lt\/lt\/product\/goldin-05-bialy-alpejski-bialy-polysk-komoda\/","title":{"rendered":"Goldin 05 Alpi\u0173 balta\/Blizgi balta \u2013 Komoda"},"content":{"rendered":"<p>GOLDIN 05 komoda gali atlikti \u012fvairias funkcijas, priklausomai nuo jos i\u0161d\u0117stymo.<\/p>\n<p>D\u0117l savo funkcionalumo komoda yra ideali vieta eksponuoti nuotraukas ar \u0161eimos relikvijas.<\/p>\n<p>Taip pat jame yra daug stal\u010di\u0173, kuriuose lengva laikyti b\u016btiniausius daiktus.<\/p>\n<p>Be to, d\u0117l auk\u0161t\u0173 kojeli\u0173 komod\u0105 lengva palaikyti \u0161vari\u0105.<\/p>","protected":false},"excerpt":{"rendered":"<p>GOLDIN 05 komoda gali atlikti \u012fvairias funkcijas, priklausomai nuo jos vietos. D\u0117l savo funkcionalumo komoda yra ideali vieta eksponuoti nuotraukas ar \u0161eimos relikvijas. Joje taip pat yra daug stal\u010di\u0173, kuriuose lengva laikyti b\u016btiniausius daiktus. Be to, komodos \u0161varos palaikymas yra [\u2026]<\/p>","protected":false},"featured_media":95060,"comment_status":"open","ping_status":"open","template":"","meta":[],"product_brand":[],"product_cat":[9250,1173,2255],"product_tag":[],"class_list":{"0":"post-95059","1":"product","2":"type-product","3":"status-publish","4":"has-post-thumbnail","6":"product_cat-furniture-system-goldin-ml-meble","7":"product_cat-chests-of-drawers","8":"product_cat-ml-meble","10":"first","11":"instock","12":"purchasable","13":"product-type-simple"},"_links":{"self":[{"href":"https:\/\/baldumarket.lt\/lt\/wp-json\/wp\/v2\/product\/95059","targetHints":{"allow":["GET"]}}],"collection":[{"href":"https:\/\/baldumarket.lt\/lt\/wp-json\/wp\/v2\/product"}],"about":[{"href":"https:\/\/baldumarket.lt\/lt\/wp-json\/wp\/v2\/types\/product"}],"replies":[{"embeddable":true,"href":"https:\/\/baldumarket.lt\/lt\/wp-json\/wp\/v2\/comments?post=95059"}],"wp:featuredmedia":[{"embeddable":true,"href":"https:\/\/baldumarket.lt\/lt\/wp-json\/wp\/v2\/media\/95060"}],"wp:attachment":[{"href":"https:\/\/baldumarket.lt\/lt\/wp-json\/wp\/v2\/media?parent=95059"}],"wp:term":[{"taxonomy":"product_brand","embeddable":true,"href":"https:\/\/baldumarket.lt\/lt\/wp-json\/wp\/v2\/product_brand?post=95059"},{"taxonomy":"product_cat","embeddable":true,"href":"https:\/\/baldumarket.lt\/lt\/wp-json\/wp\/v2\/product_cat?post=95059"},{"taxonomy":"product_tag","embeddable":true,"href":"https:\/\/baldumarket.lt\/lt\/wp-json\/wp\/v2\/product_tag?post=95059"}],"curies":[{"name":"wp","href":"https:\/\/api.w.org\/{rel}","templated":true}]}}