{"id":95039,"date":"2025-12-05T15:47:21","date_gmt":"2025-12-05T12:47:21","guid":{"rendered":"https:\/\/baldumarket.lt\/product\/goldin-01-bialy-alpejski-bialy-polysk-szafa\/"},"modified":"2026-02-03T23:53:50","modified_gmt":"2026-02-03T20:53:50","slug":"goldin-01-bialy-alpejski-bialy-polysk-szafa","status":"publish","type":"product","link":"https:\/\/baldumarket.lt\/lt\/product\/goldin-01-bialy-alpejski-bialy-polysk-szafa\/","title":{"rendered":"Goldin 01 Alpi\u0173 balta\/Blizgi balta \u2013 Drabu\u017ein\u0117"},"content":{"rendered":"<p>Drabu\u017ein\u0117 GOLDIN 01 apjungia elegancij\u0105 ir funkcionalum\u0105.<\/p>\n<p>\u0160i erdvi spinta pasi\u017eymi steb\u0117tinai ergonomi\u0161ka erdve, kurioje tilps visi j\u016bs\u0173 reikalingi daiktai ir drabu\u017eiai.<\/p>\n<p>Be to, d\u0117l auk\u0161t\u0173 kojeli\u0173 spint\u0105 bus lengva palaikyti \u0161vari\u0105.<\/p>","protected":false},"excerpt":{"rendered":"<p>Spinta GOLDIN 01 \u2013 tai elegancijos ir funkcionalumo derinys. \u0160i erdvi spinta pasi\u017eymi steb\u0117tinai ergonomi\u0161ka erdve, kurioje tilps visi reikalingi daiktai ir drabu\u017eiai. Be to, d\u0117l auk\u0161t\u0173 kojeli\u0173 spint\u0105 bus lengva palaikyti \u0161var\u0105.<\/p>","protected":false},"featured_media":95040,"comment_status":"open","ping_status":"open","template":"","meta":[],"product_brand":[],"product_cat":[9250,2255,1177],"product_tag":[],"class_list":{"0":"post-95039","1":"product","2":"type-product","3":"status-publish","4":"has-post-thumbnail","6":"product_cat-furniture-system-goldin-ml-meble","7":"product_cat-ml-meble","8":"product_cat-wardrobes","10":"first","11":"instock","12":"purchasable","13":"product-type-simple"},"_links":{"self":[{"href":"https:\/\/baldumarket.lt\/lt\/wp-json\/wp\/v2\/product\/95039","targetHints":{"allow":["GET"]}}],"collection":[{"href":"https:\/\/baldumarket.lt\/lt\/wp-json\/wp\/v2\/product"}],"about":[{"href":"https:\/\/baldumarket.lt\/lt\/wp-json\/wp\/v2\/types\/product"}],"replies":[{"embeddable":true,"href":"https:\/\/baldumarket.lt\/lt\/wp-json\/wp\/v2\/comments?post=95039"}],"wp:featuredmedia":[{"embeddable":true,"href":"https:\/\/baldumarket.lt\/lt\/wp-json\/wp\/v2\/media\/95040"}],"wp:attachment":[{"href":"https:\/\/baldumarket.lt\/lt\/wp-json\/wp\/v2\/media?parent=95039"}],"wp:term":[{"taxonomy":"product_brand","embeddable":true,"href":"https:\/\/baldumarket.lt\/lt\/wp-json\/wp\/v2\/product_brand?post=95039"},{"taxonomy":"product_cat","embeddable":true,"href":"https:\/\/baldumarket.lt\/lt\/wp-json\/wp\/v2\/product_cat?post=95039"},{"taxonomy":"product_tag","embeddable":true,"href":"https:\/\/baldumarket.lt\/lt\/wp-json\/wp\/v2\/product_tag?post=95039"}],"curies":[{"name":"wp","href":"https:\/\/api.w.org\/{rel}","templated":true}]}}