{"id":95030,"date":"2025-12-05T15:47:13","date_gmt":"2025-12-05T12:47:13","guid":{"rendered":"https:\/\/baldumarket.lt\/product\/nevio-14-dab-artisan-komoda\/"},"modified":"2026-02-03T23:53:50","modified_gmt":"2026-02-03T20:53:50","slug":"nevio-14-dab-artisan-komoda","status":"publish","type":"product","link":"https:\/\/baldumarket.lt\/lt\/product\/nevio-14-dab-artisan-komoda\/","title":{"rendered":"Nevio 14 Artisan Oak \u2013 Komoda"},"content":{"rendered":"<p>NEVIO 14 komoda pasi\u017eymi paprastu, moderniu dizainu.<\/p>\n<p>D\u0117l erdvi\u0173 stal\u010di\u0173 ir ni\u0161\u0173 drabu\u017ei\u0173, bat\u0173 ar aksesuar\u0173 laikymas nebebus i\u0161\u0161\u016bkis. Be to, d\u0117l auk\u0161t\u0173 kojeli\u0173 lengva palaikyti \u0161var\u0105.<\/p>","protected":false},"excerpt":{"rendered":"<p>Komoda NEVIO 14 pasi\u017eymi paprastu, moderniu dizainu. D\u0117l erdvi\u0173 stal\u010di\u0173 ir ni\u0161\u0173 drabu\u017ei\u0173, bat\u0173 ar aksesuar\u0173 laikymas nebebus problema. Be to, d\u0117l auk\u0161t\u0173 kojeli\u0173 lengva palaikyti \u0161var\u0105.<\/p>","protected":false},"featured_media":95031,"comment_status":"open","ping_status":"open","template":"","meta":[],"product_brand":[],"product_cat":[9244,1173,2255],"product_tag":[],"class_list":{"0":"post-95030","1":"product","2":"type-product","3":"status-publish","4":"has-post-thumbnail","6":"product_cat-furniture-system-nevio-ml-meble","7":"product_cat-chests-of-drawers","8":"product_cat-ml-meble","10":"first","11":"instock","12":"purchasable","13":"product-type-simple"},"_links":{"self":[{"href":"https:\/\/baldumarket.lt\/lt\/wp-json\/wp\/v2\/product\/95030","targetHints":{"allow":["GET"]}}],"collection":[{"href":"https:\/\/baldumarket.lt\/lt\/wp-json\/wp\/v2\/product"}],"about":[{"href":"https:\/\/baldumarket.lt\/lt\/wp-json\/wp\/v2\/types\/product"}],"replies":[{"embeddable":true,"href":"https:\/\/baldumarket.lt\/lt\/wp-json\/wp\/v2\/comments?post=95030"}],"wp:featuredmedia":[{"embeddable":true,"href":"https:\/\/baldumarket.lt\/lt\/wp-json\/wp\/v2\/media\/95031"}],"wp:attachment":[{"href":"https:\/\/baldumarket.lt\/lt\/wp-json\/wp\/v2\/media?parent=95030"}],"wp:term":[{"taxonomy":"product_brand","embeddable":true,"href":"https:\/\/baldumarket.lt\/lt\/wp-json\/wp\/v2\/product_brand?post=95030"},{"taxonomy":"product_cat","embeddable":true,"href":"https:\/\/baldumarket.lt\/lt\/wp-json\/wp\/v2\/product_cat?post=95030"},{"taxonomy":"product_tag","embeddable":true,"href":"https:\/\/baldumarket.lt\/lt\/wp-json\/wp\/v2\/product_tag?post=95030"}],"curies":[{"name":"wp","href":"https:\/\/api.w.org\/{rel}","templated":true}]}}