{"id":95028,"date":"2025-12-05T15:47:11","date_gmt":"2025-12-05T12:47:11","guid":{"rendered":"https:\/\/baldumarket.lt\/product\/lahti-16-bialy-alpejski-lozko\/"},"modified":"2026-02-03T23:53:50","modified_gmt":"2026-02-03T20:53:50","slug":"lahti-16-bialy-alpejski-lozko","status":"publish","type":"product","link":"https:\/\/baldumarket.lt\/lt\/product\/lahti-16-bialy-alpejski-lozko\/","title":{"rendered":"LAHTI 16 Alpi\u0173 balta lova"},"content":{"rendered":"<p>Lova LAHTI 16 gali tapti j\u016bs\u0173 miegamojo traukos centru.<\/p>\n<p>\u0160i m\u016bs\u0173 kolekcijos lova puikiai tinka tiems, kurie vertina komfort\u0105 ir ergonomik\u0105. Ji sukuria patog\u0173 miegojimo pavir\u0161i\u0173 ir puikiai papildo vis\u0105 kolekcij\u0105.<\/p>","protected":false},"excerpt":{"rendered":"<p>Lova LAHTI 16 gali tapti j\u016bs\u0173 miegamojo traukos centru. \u0160i m\u016bs\u0173 kolekcijos lova puikiai tinka tiems, kurie vertina komfort\u0105 ir ergonomik\u0105. Ji sukuria patog\u0173 miegojimo pavir\u0161i\u0173 ir puikiai papildo vis\u0105 kolekcij\u0105.<\/p>","protected":false},"featured_media":95029,"comment_status":"open","ping_status":"open","template":"","meta":[],"product_brand":[],"product_cat":[9248,505,2255],"product_tag":[],"class_list":{"0":"post-95028","1":"product","2":"type-product","3":"status-publish","4":"has-post-thumbnail","6":"product_cat-furniture-system-lahti-ml-meble","7":"product_cat-bedroom-beds","8":"product_cat-ml-meble","10":"first","11":"instock","12":"purchasable","13":"product-type-simple"},"_links":{"self":[{"href":"https:\/\/baldumarket.lt\/lt\/wp-json\/wp\/v2\/product\/95028","targetHints":{"allow":["GET"]}}],"collection":[{"href":"https:\/\/baldumarket.lt\/lt\/wp-json\/wp\/v2\/product"}],"about":[{"href":"https:\/\/baldumarket.lt\/lt\/wp-json\/wp\/v2\/types\/product"}],"replies":[{"embeddable":true,"href":"https:\/\/baldumarket.lt\/lt\/wp-json\/wp\/v2\/comments?post=95028"}],"wp:featuredmedia":[{"embeddable":true,"href":"https:\/\/baldumarket.lt\/lt\/wp-json\/wp\/v2\/media\/95029"}],"wp:attachment":[{"href":"https:\/\/baldumarket.lt\/lt\/wp-json\/wp\/v2\/media?parent=95028"}],"wp:term":[{"taxonomy":"product_brand","embeddable":true,"href":"https:\/\/baldumarket.lt\/lt\/wp-json\/wp\/v2\/product_brand?post=95028"},{"taxonomy":"product_cat","embeddable":true,"href":"https:\/\/baldumarket.lt\/lt\/wp-json\/wp\/v2\/product_cat?post=95028"},{"taxonomy":"product_tag","embeddable":true,"href":"https:\/\/baldumarket.lt\/lt\/wp-json\/wp\/v2\/product_tag?post=95028"}],"curies":[{"name":"wp","href":"https:\/\/api.w.org\/{rel}","templated":true}]}}