{"id":95011,"date":"2025-12-05T15:46:56","date_gmt":"2025-12-05T12:46:56","guid":{"rendered":"https:\/\/baldumarket.lt\/product\/lahti-09-bialy-alpejski-komoda\/"},"modified":"2026-02-03T23:53:50","modified_gmt":"2026-02-03T20:53:50","slug":"lahti-09-bialy-alpejski-komoda","status":"publish","type":"product","link":"https:\/\/baldumarket.lt\/lt\/product\/lahti-09-bialy-alpejski-komoda\/","title":{"rendered":"LAHTI 09 Alpi\u0173 balta \u2013 Komoda"},"content":{"rendered":"<p>LAHTI 09 komoda gali atlikti \u012fvairias funkcijas, priklausomai nuo jos i\u0161d\u0117stymo.<\/p>\n<p>D\u0117l savo funkcionalumo \u0161is baldas yra ideali vieta eksponuoti nuotraukas ar \u0161eimos relikvijas. Be to, komoda i\u0161siskiria savo stabilumu, u\u017etikrinan\u010diu saug\u0173 naudojim\u0105.<\/p>","protected":false},"excerpt":{"rendered":"<p>LAHTI 09 komoda gali atlikti \u012fvairias funkcijas, priklausomai nuo jos vietos. D\u0117l savo funkcionalumo \u0161is baldas yra ideali vieta eksponuoti nuotraukas ar \u0161eimos relikvijas. Be to, komoda pasi\u017eymi stabilumu, u\u017etikrinan\u010diu saug\u0173 naudojim\u0105.<\/p>","protected":false},"featured_media":95012,"comment_status":"open","ping_status":"open","template":"","meta":[],"product_brand":[],"product_cat":[9248,1173,2255],"product_tag":[],"class_list":{"0":"post-95011","1":"product","2":"type-product","3":"status-publish","4":"has-post-thumbnail","6":"product_cat-furniture-system-lahti-ml-meble","7":"product_cat-chests-of-drawers","8":"product_cat-ml-meble","10":"first","11":"instock","12":"purchasable","13":"product-type-simple"},"_links":{"self":[{"href":"https:\/\/baldumarket.lt\/lt\/wp-json\/wp\/v2\/product\/95011","targetHints":{"allow":["GET"]}}],"collection":[{"href":"https:\/\/baldumarket.lt\/lt\/wp-json\/wp\/v2\/product"}],"about":[{"href":"https:\/\/baldumarket.lt\/lt\/wp-json\/wp\/v2\/types\/product"}],"replies":[{"embeddable":true,"href":"https:\/\/baldumarket.lt\/lt\/wp-json\/wp\/v2\/comments?post=95011"}],"wp:featuredmedia":[{"embeddable":true,"href":"https:\/\/baldumarket.lt\/lt\/wp-json\/wp\/v2\/media\/95012"}],"wp:attachment":[{"href":"https:\/\/baldumarket.lt\/lt\/wp-json\/wp\/v2\/media?parent=95011"}],"wp:term":[{"taxonomy":"product_brand","embeddable":true,"href":"https:\/\/baldumarket.lt\/lt\/wp-json\/wp\/v2\/product_brand?post=95011"},{"taxonomy":"product_cat","embeddable":true,"href":"https:\/\/baldumarket.lt\/lt\/wp-json\/wp\/v2\/product_cat?post=95011"},{"taxonomy":"product_tag","embeddable":true,"href":"https:\/\/baldumarket.lt\/lt\/wp-json\/wp\/v2\/product_tag?post=95011"}],"curies":[{"name":"wp","href":"https:\/\/api.w.org\/{rel}","templated":true}]}}