{"id":95002,"date":"2025-12-05T15:46:48","date_gmt":"2025-12-05T12:46:48","guid":{"rendered":"https:\/\/baldumarket.lt\/product\/lahti-07-bialy-alpejski-witryna\/"},"modified":"2026-02-03T23:53:50","modified_gmt":"2026-02-03T20:53:50","slug":"lahti-07-bialy-alpejski-witryna","status":"publish","type":"product","link":"https:\/\/baldumarket.lt\/lt\/product\/lahti-07-bialy-alpejski-witryna\/","title":{"rendered":"LAHTI 07 Alpi\u0173 balta vitrina"},"content":{"rendered":"<p>LAHTI 07 vitrina suteiks j\u016bs\u0173 interjerui gaivumo ir elegancijos.<\/p>\n<p>Vitrinos durys pagamintos i\u0161 stiklo ir auk\u0161tos kokyb\u0117s bald\u0173 plok\u0161t\u0117s. Priklausomai nuo interjero dizaino, joje galima laikyti knygas, suvenyrus, stalo \u012frankius ir daug daugiau.<\/p>","protected":false},"excerpt":{"rendered":"<p>LAHTI 07 vitrina j\u016bs\u0173 interjerui suteiks gaivumo ir elegancijos. Vitrinos durys pagamintos i\u0161 stiklo ir auk\u0161tos kokyb\u0117s bald\u0173 plok\u0161t\u0117s. Priklausomai nuo interjero dizaino, joje galima laikyti knygas, suvenyrus, stalo \u012frankius ir daug daugiau.<\/p>","protected":false},"featured_media":95003,"comment_status":"open","ping_status":"open","template":"","meta":[],"product_brand":[],"product_cat":[9248,2255,2006],"product_tag":[],"class_list":{"0":"post-95002","1":"product","2":"type-product","3":"status-publish","4":"has-post-thumbnail","6":"product_cat-furniture-system-lahti-ml-meble","7":"product_cat-ml-meble","8":"product_cat-vitrines","10":"first","11":"instock","12":"purchasable","13":"product-type-simple"},"_links":{"self":[{"href":"https:\/\/baldumarket.lt\/lt\/wp-json\/wp\/v2\/product\/95002","targetHints":{"allow":["GET"]}}],"collection":[{"href":"https:\/\/baldumarket.lt\/lt\/wp-json\/wp\/v2\/product"}],"about":[{"href":"https:\/\/baldumarket.lt\/lt\/wp-json\/wp\/v2\/types\/product"}],"replies":[{"embeddable":true,"href":"https:\/\/baldumarket.lt\/lt\/wp-json\/wp\/v2\/comments?post=95002"}],"wp:featuredmedia":[{"embeddable":true,"href":"https:\/\/baldumarket.lt\/lt\/wp-json\/wp\/v2\/media\/95003"}],"wp:attachment":[{"href":"https:\/\/baldumarket.lt\/lt\/wp-json\/wp\/v2\/media?parent=95002"}],"wp:term":[{"taxonomy":"product_brand","embeddable":true,"href":"https:\/\/baldumarket.lt\/lt\/wp-json\/wp\/v2\/product_brand?post=95002"},{"taxonomy":"product_cat","embeddable":true,"href":"https:\/\/baldumarket.lt\/lt\/wp-json\/wp\/v2\/product_cat?post=95002"},{"taxonomy":"product_tag","embeddable":true,"href":"https:\/\/baldumarket.lt\/lt\/wp-json\/wp\/v2\/product_tag?post=95002"}],"curies":[{"name":"wp","href":"https:\/\/api.w.org\/{rel}","templated":true}]}}