{"id":94983,"date":"2025-12-05T15:46:31","date_gmt":"2025-12-05T12:46:31","guid":{"rendered":"https:\/\/baldumarket.lt\/product\/lahti-01-bialy-alpejski-szafa-przesuwna\/"},"modified":"2026-02-03T23:53:51","modified_gmt":"2026-02-03T20:53:51","slug":"lahti-01-bialy-alpejski-szafa-przesuwna","status":"publish","type":"product","link":"https:\/\/baldumarket.lt\/lt\/product\/lahti-01-bialy-alpejski-szafa-przesuwna\/","title":{"rendered":"LAHTI 01 Alpi\u0173 balta \u2013 Stumdoma spinta"},"content":{"rendered":"<p>Galvodami apie universalius baldus, da\u017enai \u012fsivaizduojame j\u0173 i\u0161d\u0117stymo ir kompozicijos paprastum\u0105. Stumdoma spinta LAHTI 01 yra idealus tokio dizaino pavyzdys.<\/p>\n<p>\u0160i erdvi spinta pasi\u017eymi steb\u0117tinai daug ergonomi\u0161kos erdv\u0117s, joje tilps visi b\u016btini daiktai ir drabu\u017eiai.<\/p>","protected":false},"excerpt":{"rendered":"<p>Galvodami apie universalius baldus, da\u017enai \u012fsivaizduojame j\u0173 i\u0161d\u0117stymo ir kompozicijos paprastum\u0105. Stumdom\u0173 stumdom\u0173 lang\u0173 spinta LAHTI 01 yra idealus tokio dizaino pavyzdys. \u0160i erdvi spinta pasi\u017eymi steb\u0117tinai daug ergonomi\u0161kos erdv\u0117s, kurioje tilps visi b\u016btini daiktai ir drabu\u017eiai.<\/p>","protected":false},"featured_media":94984,"comment_status":"open","ping_status":"open","template":"","meta":[],"product_brand":[],"product_cat":[9248,2255,1177],"product_tag":[],"class_list":{"0":"post-94983","1":"product","2":"type-product","3":"status-publish","4":"has-post-thumbnail","6":"product_cat-furniture-system-lahti-ml-meble","7":"product_cat-ml-meble","8":"product_cat-wardrobes","10":"first","11":"instock","12":"purchasable","13":"product-type-simple"},"_links":{"self":[{"href":"https:\/\/baldumarket.lt\/lt\/wp-json\/wp\/v2\/product\/94983","targetHints":{"allow":["GET"]}}],"collection":[{"href":"https:\/\/baldumarket.lt\/lt\/wp-json\/wp\/v2\/product"}],"about":[{"href":"https:\/\/baldumarket.lt\/lt\/wp-json\/wp\/v2\/types\/product"}],"replies":[{"embeddable":true,"href":"https:\/\/baldumarket.lt\/lt\/wp-json\/wp\/v2\/comments?post=94983"}],"wp:featuredmedia":[{"embeddable":true,"href":"https:\/\/baldumarket.lt\/lt\/wp-json\/wp\/v2\/media\/94984"}],"wp:attachment":[{"href":"https:\/\/baldumarket.lt\/lt\/wp-json\/wp\/v2\/media?parent=94983"}],"wp:term":[{"taxonomy":"product_brand","embeddable":true,"href":"https:\/\/baldumarket.lt\/lt\/wp-json\/wp\/v2\/product_brand?post=94983"},{"taxonomy":"product_cat","embeddable":true,"href":"https:\/\/baldumarket.lt\/lt\/wp-json\/wp\/v2\/product_cat?post=94983"},{"taxonomy":"product_tag","embeddable":true,"href":"https:\/\/baldumarket.lt\/lt\/wp-json\/wp\/v2\/product_tag?post=94983"}],"curies":[{"name":"wp","href":"https:\/\/api.w.org\/{rel}","templated":true}]}}