{"id":94981,"date":"2025-12-05T15:46:29","date_gmt":"2025-12-05T12:46:29","guid":{"rendered":"https:\/\/baldumarket.lt\/product\/secco-1140901-bialy-alpejski-komoda\/"},"modified":"2026-02-03T23:53:51","modified_gmt":"2026-02-03T20:53:51","slug":"secco-1140901-bialy-alpejski-komoda","status":"publish","type":"product","link":"https:\/\/baldumarket.lt\/lt\/product\/secco-1140901-bialy-alpejski-komoda\/","title":{"rendered":"SECCO 1140901 Alpi\u0173 balta \u2013 Komoda"},"content":{"rendered":"<p>Auk\u0161ta komoda \u201eSecco\u201c \u2013 puikus baldas j\u016bs\u0173 svetainei ar miegamajam. Neutrali balta spalva leid\u017eia jai papildyti \u012fvairius interjerus. Dizainas sujungia eksponavimo funkcijas ir daug vietos daiktams susid\u0117ti. Komoda padalinta \u012f dvi zonas \u2013 u\u017edar\u0105 ir atvir\u0105. J\u0105 sudaro a\u0161tuoni erdv\u016bs skyriai. Viduje galite laikyti stalo \u012franki\u0173 rinkinius, staltieses ar kitus nam\u0173 tekstil\u0117s gaminius. Atviroje dalyje galite eksponuoti m\u0117gstamas skulpt\u016bras, vazas ar kelioni\u0173 suvenyrus.<br \/>\n\u2022 Eleganti\u0161kas dizainas<br \/>\n\u2022 Didelis funkcionalumas.<br \/>\n\u2022 \u0160velnaus u\u017edarymo sistema.<br \/>\n\u2022 Optimalus koj\u0173 auk\u0161tis, kad b\u016bt\u0173 lengva valyti.<\/p>","protected":false},"excerpt":{"rendered":"<p>Auk\u0161ta \u201eSecco\u201c komoda \u2013 puikus baldas j\u016bs\u0173 svetainei ar miegamajam. Neutrali balta spalva leid\u017eia jai papildyti \u012fvairius interjerus. Dizainas sujungia eksponavimo funkcijas su didele daikt\u0173 laikymo erdve. Komoda padalinta \u012f dvi zonas \u2013 u\u017edar\u0105 ir atvir\u0105. J\u0105 sudaro a\u0161tuoni erdv\u016bs skyriai. [\u2026]<\/p>","protected":false},"featured_media":94982,"comment_status":"open","ping_status":"open","template":"","meta":[],"product_brand":[],"product_cat":[9241,1173,2255],"product_tag":[],"class_list":{"0":"post-94981","1":"product","2":"type-product","3":"status-publish","4":"has-post-thumbnail","6":"product_cat-furniture-system-secco-ml-meble","7":"product_cat-chests-of-drawers","8":"product_cat-ml-meble","10":"first","11":"instock","12":"purchasable","13":"product-type-simple"},"_links":{"self":[{"href":"https:\/\/baldumarket.lt\/lt\/wp-json\/wp\/v2\/product\/94981","targetHints":{"allow":["GET"]}}],"collection":[{"href":"https:\/\/baldumarket.lt\/lt\/wp-json\/wp\/v2\/product"}],"about":[{"href":"https:\/\/baldumarket.lt\/lt\/wp-json\/wp\/v2\/types\/product"}],"replies":[{"embeddable":true,"href":"https:\/\/baldumarket.lt\/lt\/wp-json\/wp\/v2\/comments?post=94981"}],"wp:featuredmedia":[{"embeddable":true,"href":"https:\/\/baldumarket.lt\/lt\/wp-json\/wp\/v2\/media\/94982"}],"wp:attachment":[{"href":"https:\/\/baldumarket.lt\/lt\/wp-json\/wp\/v2\/media?parent=94981"}],"wp:term":[{"taxonomy":"product_brand","embeddable":true,"href":"https:\/\/baldumarket.lt\/lt\/wp-json\/wp\/v2\/product_brand?post=94981"},{"taxonomy":"product_cat","embeddable":true,"href":"https:\/\/baldumarket.lt\/lt\/wp-json\/wp\/v2\/product_cat?post=94981"},{"taxonomy":"product_tag","embeddable":true,"href":"https:\/\/baldumarket.lt\/lt\/wp-json\/wp\/v2\/product_tag?post=94981"}],"curies":[{"name":"wp","href":"https:\/\/api.w.org\/{rel}","templated":true}]}}