{"id":94975,"date":"2025-12-05T15:46:24","date_gmt":"2025-12-05T12:46:24","guid":{"rendered":"https:\/\/baldumarket.lt\/product\/secco-1140801-bialy-alpejski-komoda\/"},"modified":"2026-02-03T23:53:51","modified_gmt":"2026-02-03T20:53:51","slug":"secco-1140801-bialy-alpejski-komoda","status":"publish","type":"product","link":"https:\/\/baldumarket.lt\/lt\/product\/secco-1140801-bialy-alpejski-komoda\/","title":{"rendered":"SECCO 1140801 Alpi\u0173 balta \u2013 Komoda"},"content":{"rendered":"<p>\u201eSecco\u201c vitrina \u2013 tobulas j\u016bs\u0173 svetain\u0117s baldas. Neutrali balta spalva leid\u017eia jai papildyti \u012fvairius interjerus. \u0160is dizainas sujungia ekspozicijos funkcijas su didele daikt\u0173 laikymo vieta. Spintel\u0117je yra penki u\u017erakinami skyriai, puikiai tinkantys stalo \u012franki\u0173 rinkiniams, stalties\u0117ms ar kitai nam\u0173 tekstilei laikyti. Kair\u0117je spintel\u0117s pus\u0117je, u\u017e stiklini\u0173 dureli\u0173, yra dvi pasirinktinai ap\u0161vie\u010diamos stiklin\u0117s lentynos, padalijan\u010dios erdv\u0119 \u012f tris skyrius. \u0160ie skyriai puikiai tinka taur\u0117ms, m\u0117gstamoms vazoms ar kelioni\u0173 suvenyrams eksponuoti.<br \/>\n\u2022 Eleganti\u0161kas dizainas<br \/>\n\u2022 Labai funkcionalus.<br \/>\n\u2022 Galimyb\u0117 ap\u0161viesti stiklines lentynas.<br \/>\n\u2022 \u0160velnaus u\u017edarymo sistema.<br \/>\n\u2022 Optimalus koj\u0173 auk\u0161tis, kad b\u016bt\u0173 lengva valyti.<\/p>","protected":false},"excerpt":{"rendered":"<p>\u201eSecco\u201c vitrina \u2013 tobulas j\u016bs\u0173 svetain\u0117s baldas. Neutrali balta spalva leid\u017eia jai papildyti \u012fvairius interjerus. Dizainas sujungia eksponavimo funkcijas su didele daikt\u0173 laikymo vieta. Spintel\u0117je yra penki u\u017erakinami skyriai, puikiai tinkantys stalo \u012franki\u0173 rinkiniams, stalties\u0117ms ar kitai nam\u0173 tekstilei laikyti. Kair\u0117je pus\u0117je [\u2026]<\/p>","protected":false},"featured_media":94976,"comment_status":"open","ping_status":"open","template":"","meta":[],"product_brand":[],"product_cat":[9241,1173,2255],"product_tag":[],"class_list":{"0":"post-94975","1":"product","2":"type-product","3":"status-publish","4":"has-post-thumbnail","6":"product_cat-furniture-system-secco-ml-meble","7":"product_cat-chests-of-drawers","8":"product_cat-ml-meble","10":"first","11":"instock","12":"purchasable","13":"product-type-simple"},"_links":{"self":[{"href":"https:\/\/baldumarket.lt\/lt\/wp-json\/wp\/v2\/product\/94975","targetHints":{"allow":["GET"]}}],"collection":[{"href":"https:\/\/baldumarket.lt\/lt\/wp-json\/wp\/v2\/product"}],"about":[{"href":"https:\/\/baldumarket.lt\/lt\/wp-json\/wp\/v2\/types\/product"}],"replies":[{"embeddable":true,"href":"https:\/\/baldumarket.lt\/lt\/wp-json\/wp\/v2\/comments?post=94975"}],"wp:featuredmedia":[{"embeddable":true,"href":"https:\/\/baldumarket.lt\/lt\/wp-json\/wp\/v2\/media\/94976"}],"wp:attachment":[{"href":"https:\/\/baldumarket.lt\/lt\/wp-json\/wp\/v2\/media?parent=94975"}],"wp:term":[{"taxonomy":"product_brand","embeddable":true,"href":"https:\/\/baldumarket.lt\/lt\/wp-json\/wp\/v2\/product_brand?post=94975"},{"taxonomy":"product_cat","embeddable":true,"href":"https:\/\/baldumarket.lt\/lt\/wp-json\/wp\/v2\/product_cat?post=94975"},{"taxonomy":"product_tag","embeddable":true,"href":"https:\/\/baldumarket.lt\/lt\/wp-json\/wp\/v2\/product_tag?post=94975"}],"curies":[{"name":"wp","href":"https:\/\/api.w.org\/{rel}","templated":true}]}}