{"id":94957,"date":"2025-12-05T15:46:08","date_gmt":"2025-12-05T12:46:08","guid":{"rendered":"https:\/\/baldumarket.lt\/product\/lille-05-bialy-alpejski-witryna\/"},"modified":"2026-02-03T23:53:51","modified_gmt":"2026-02-03T20:53:51","slug":"lille-05-bialy-alpejski-witryna","status":"publish","type":"product","link":"https:\/\/baldumarket.lt\/lt\/product\/lille-05-bialy-alpejski-witryna\/","title":{"rendered":"LILLE 05 Alpi\u0173 balta \u2013 vitrina"},"content":{"rendered":"<p>Vitrina LILLE 05 suteiks j\u016bs\u0173 interjerui gaivumo ir elegancijos.<\/p>\n<p>Vitrina turi gra\u017eias stiklines dureles. Priklausomai nuo interjero dizaino, joje galima eksponuoti knygas, suvenyrus, stalo \u012frankius ir daug daugiau.<\/p>","protected":false},"excerpt":{"rendered":"<p>LILLE 05 vitrina j\u016bs\u0173 interjerui suteiks gaivumo ir elegancijos. Vitrina turi gra\u017eias stiklines dureles. Priklausomai nuo interjero dizaino, joje galima eksponuoti knygas, suvenyrus, stalo \u012frankius ir daug daugiau.<\/p>","protected":false},"featured_media":94958,"comment_status":"open","ping_status":"open","template":"","meta":[],"product_brand":[],"product_cat":[2255,2006],"product_tag":[],"class_list":{"0":"post-94957","1":"product","2":"type-product","3":"status-publish","4":"has-post-thumbnail","6":"product_cat-ml-meble","7":"product_cat-vitrines","9":"first","10":"instock","11":"purchasable","12":"product-type-simple"},"_links":{"self":[{"href":"https:\/\/baldumarket.lt\/lt\/wp-json\/wp\/v2\/product\/94957","targetHints":{"allow":["GET"]}}],"collection":[{"href":"https:\/\/baldumarket.lt\/lt\/wp-json\/wp\/v2\/product"}],"about":[{"href":"https:\/\/baldumarket.lt\/lt\/wp-json\/wp\/v2\/types\/product"}],"replies":[{"embeddable":true,"href":"https:\/\/baldumarket.lt\/lt\/wp-json\/wp\/v2\/comments?post=94957"}],"wp:featuredmedia":[{"embeddable":true,"href":"https:\/\/baldumarket.lt\/lt\/wp-json\/wp\/v2\/media\/94958"}],"wp:attachment":[{"href":"https:\/\/baldumarket.lt\/lt\/wp-json\/wp\/v2\/media?parent=94957"}],"wp:term":[{"taxonomy":"product_brand","embeddable":true,"href":"https:\/\/baldumarket.lt\/lt\/wp-json\/wp\/v2\/product_brand?post=94957"},{"taxonomy":"product_cat","embeddable":true,"href":"https:\/\/baldumarket.lt\/lt\/wp-json\/wp\/v2\/product_cat?post=94957"},{"taxonomy":"product_tag","embeddable":true,"href":"https:\/\/baldumarket.lt\/lt\/wp-json\/wp\/v2\/product_tag?post=94957"}],"curies":[{"name":"wp","href":"https:\/\/api.w.org\/{rel}","templated":true}]}}