{"id":94953,"date":"2025-12-05T15:46:04","date_gmt":"2025-12-05T12:46:04","guid":{"rendered":"https:\/\/baldumarket.lt\/product\/baltica-26-01-dab-lefkas-czarny-witryna\/"},"modified":"2026-04-07T14:47:28","modified_gmt":"2026-04-07T11:47:28","slug":"baltica-26-01-dab-lefkas-czarny-witryna","status":"publish","type":"product","link":"https:\/\/baldumarket.lt\/lt\/product\/baltica-26-01-dab-lefkas-czarny-witryna\/","title":{"rendered":"BALTICA 26-01 Lefkas \u0105\u017euolo\/juodos spalvos vitrina"},"content":{"rendered":"<p>\u201eBaltica 26\u201c vitrina suteikia daug vietos daiktams susid\u0117ti ir leid\u017eia eksponuoti m\u0117gstamiausius daiktus. Spintel\u0117 padalinta \u012f dvi dalis. Viena pus\u0117 yra u\u017edara erdv\u0117, padalinta \u012f keturias erdvias ni\u0161as. Joje galite laikyti drabu\u017eius ar rank\u0161luos\u010dius. Kitoje pus\u0117je yra dvi stiklin\u0117s lentynos, ap\u0161viestos (neb\u016btina), u\u017e stiklini\u0173 dureli\u0173. \u0160ios lentynos puikiai atrodys ant stiklini\u0173, skulpt\u016br\u0173 ar vaz\u0173. Apa\u010dioje yra papildoma ni\u0161a nam\u0173 tekstilei laikyti. Be praktini\u0173 savybi\u0173, \u201eBaltica\u201c vitrina taip pat yra madingas ir modernus interjero dizaino elementas.<br \/>\n\u2022 Eleganti\u0161kas dizainas.<br \/>\n\u2022 MDF apvadai.<br \/>\n\u2022 Galimyb\u0117 ap\u0161viesti stiklines lentynas.<br \/>\n\u2022 Didelis funkcionalumas.<br \/>\n\u2022 Galima montuoti de\u0161ine arba kaire ranka.<br \/>\n\u2022 Ergonomi\u0161kos rankenos.<br \/>\n\u2022 Platus visos \u201eBaltica\u201c kolekcijos vienet\u0173 asortimentas.<\/p>","protected":false},"excerpt":{"rendered":"<p>\u201eBaltica 26\u201c vitrina suteikia daug vietos daiktams susid\u0117ti ir leid\u017eia eksponuoti m\u0117gstamiausius daiktus. Spintel\u0117 padalinta \u012f dvi dalis. Viena pus\u0117 yra u\u017edara erdv\u0117, padalinta \u012f keturias erdvias ni\u0161as. Joje galite laikyti drabu\u017eius ar rank\u0161luos\u010dius. Kitoje pus\u0117je yra dvi stiklin\u0117s lentynos, ap\u0161viestos (pasirinktinai), u\u017e stiklini\u0173 dureli\u0173. \u0160ios [\u2026]<\/p>","protected":false},"featured_media":94954,"comment_status":"open","ping_status":"open","template":"","meta":[],"product_brand":[],"product_cat":[2255,9224,2006],"product_tag":[],"class_list":{"0":"post-94953","1":"product","2":"type-product","3":"status-publish","4":"has-post-thumbnail","6":"product_cat-ml-meble","7":"product_cat-furniture-system-baltica-ml-meble","8":"product_cat-vitrines","10":"first","11":"instock","12":"purchasable","13":"product-type-simple"},"_links":{"self":[{"href":"https:\/\/baldumarket.lt\/lt\/wp-json\/wp\/v2\/product\/94953","targetHints":{"allow":["GET"]}}],"collection":[{"href":"https:\/\/baldumarket.lt\/lt\/wp-json\/wp\/v2\/product"}],"about":[{"href":"https:\/\/baldumarket.lt\/lt\/wp-json\/wp\/v2\/types\/product"}],"replies":[{"embeddable":true,"href":"https:\/\/baldumarket.lt\/lt\/wp-json\/wp\/v2\/comments?post=94953"}],"wp:featuredmedia":[{"embeddable":true,"href":"https:\/\/baldumarket.lt\/lt\/wp-json\/wp\/v2\/media\/94954"}],"wp:attachment":[{"href":"https:\/\/baldumarket.lt\/lt\/wp-json\/wp\/v2\/media?parent=94953"}],"wp:term":[{"taxonomy":"product_brand","embeddable":true,"href":"https:\/\/baldumarket.lt\/lt\/wp-json\/wp\/v2\/product_brand?post=94953"},{"taxonomy":"product_cat","embeddable":true,"href":"https:\/\/baldumarket.lt\/lt\/wp-json\/wp\/v2\/product_cat?post=94953"},{"taxonomy":"product_tag","embeddable":true,"href":"https:\/\/baldumarket.lt\/lt\/wp-json\/wp\/v2\/product_tag?post=94953"}],"curies":[{"name":"wp","href":"https:\/\/api.w.org\/{rel}","templated":true}]}}