{"id":94933,"date":"2025-12-05T15:45:46","date_gmt":"2025-12-05T12:45:46","guid":{"rendered":"https:\/\/baldumarket.lt\/product\/nevio-12-dab-artisan-komoda\/"},"modified":"2026-02-03T23:53:52","modified_gmt":"2026-02-03T20:53:52","slug":"nevio-12-dab-artisan-komoda","status":"publish","type":"product","link":"https:\/\/baldumarket.lt\/lt\/product\/nevio-12-dab-artisan-komoda\/","title":{"rendered":"Nevio 12 Artisan Oak \u2013 Komoda"},"content":{"rendered":"<p>Komoda NEVIO12 \u2013 i\u0161skirtinai prakti\u0161kas sprendimas bet kokiam interjerui. Gra\u017eiai gr\u016bd\u0117ta \u201eArtisan Oak\u201c mediena ir juodos rankenos bei kojel\u0117s sukuria unikal\u0173 derin\u012f. D\u0117l savo funkcionalumo komoda yra puiki vieta eksponuoti nuotraukas ar \u0161eimos relikvijas. Erdvios lentynos idealiai tinka drabu\u017eiams laikyti. Be to, komoda turi tris stal\u010dius, puikiai tinkan\u010dius aksesuarams laikyti. Be to, palaikyti \u0161var\u0105 dar niekada nebuvo taip paprasta \u2013 auk\u0161tos kojel\u0117s leid\u017eia laikyti klasikin\u012f dulki\u0173 siurblio antgal\u012f, robot\u0105 dulki\u0173 siurbl\u012f arba \u0161luot\u0105.<\/p>","protected":false},"excerpt":{"rendered":"<p>Komoda NEVIO12 \u2013 i\u0161skirtinai prakti\u0161kas sprendimas bet kokiam interjerui. Gra\u017eiai gr\u016bd\u0117ta \u201eArtisan Oak\u201c mediena ir juodos rankenos bei kojel\u0117s sukuria unikal\u0173 derin\u012f. D\u0117l savo funkcionalumo komoda yra puiki vieta eksponuoti nuotraukas ar \u0161eimos relikvijas. Erdvios lentynos idealiai tinka drabu\u017eiams laikyti. Be to, komoda [\u2026]<\/p>","protected":false},"featured_media":94934,"comment_status":"open","ping_status":"open","template":"","meta":[],"product_brand":[],"product_cat":[9244,1173,2255],"product_tag":[],"class_list":{"0":"post-94933","1":"product","2":"type-product","3":"status-publish","4":"has-post-thumbnail","6":"product_cat-furniture-system-nevio-ml-meble","7":"product_cat-chests-of-drawers","8":"product_cat-ml-meble","10":"first","11":"instock","12":"purchasable","13":"product-type-simple"},"_links":{"self":[{"href":"https:\/\/baldumarket.lt\/lt\/wp-json\/wp\/v2\/product\/94933","targetHints":{"allow":["GET"]}}],"collection":[{"href":"https:\/\/baldumarket.lt\/lt\/wp-json\/wp\/v2\/product"}],"about":[{"href":"https:\/\/baldumarket.lt\/lt\/wp-json\/wp\/v2\/types\/product"}],"replies":[{"embeddable":true,"href":"https:\/\/baldumarket.lt\/lt\/wp-json\/wp\/v2\/comments?post=94933"}],"wp:featuredmedia":[{"embeddable":true,"href":"https:\/\/baldumarket.lt\/lt\/wp-json\/wp\/v2\/media\/94934"}],"wp:attachment":[{"href":"https:\/\/baldumarket.lt\/lt\/wp-json\/wp\/v2\/media?parent=94933"}],"wp:term":[{"taxonomy":"product_brand","embeddable":true,"href":"https:\/\/baldumarket.lt\/lt\/wp-json\/wp\/v2\/product_brand?post=94933"},{"taxonomy":"product_cat","embeddable":true,"href":"https:\/\/baldumarket.lt\/lt\/wp-json\/wp\/v2\/product_cat?post=94933"},{"taxonomy":"product_tag","embeddable":true,"href":"https:\/\/baldumarket.lt\/lt\/wp-json\/wp\/v2\/product_tag?post=94933"}],"curies":[{"name":"wp","href":"https:\/\/api.w.org\/{rel}","templated":true}]}}