{"id":94928,"date":"2025-12-05T15:45:41","date_gmt":"2025-12-05T12:45:41","guid":{"rendered":"https:\/\/baldumarket.lt\/product\/baltica-08-01-dab-lefkas-czarny-komoda\/"},"modified":"2026-04-07T14:47:18","modified_gmt":"2026-04-07T11:47:18","slug":"baltica-08-01-dab-lefkas-czarny-komoda","status":"publish","type":"product","link":"https:\/\/baldumarket.lt\/lt\/product\/baltica-08-01-dab-lefkas-czarny-komoda\/","title":{"rendered":"BALTICA 08-01 lefkas \u0105\u017euolo\/juodos spalvos komoda"},"content":{"rendered":"<p>Komoda \u201eBaltica 08\u201c suteikia daug vietos daiktams susid\u0117ti ir leid\u017eia eksponuoti m\u0117gstamiausius daiktus. J\u0105 sudaro keturi erdv\u016bs, rakinami skyriai, puikiai tinkantys rank\u0161luos\u010diams, stalties\u0117ms ar drabu\u017eiams laikyti. Centrin\u0117je dalyje yra trys patog\u016bs stal\u010diai, puikiai tinkantys apatiniams drabu\u017eiams, kojin\u0117ms ar dokumentams laikyti. Platus stalvir\u0161is sukuria erdv\u0119 m\u0117gstamiems \u012ftaisams, albumams ar atostog\u0173 suvenyrams eksponuoti. Komoda \u201eBaltica\u201c \u2013 tai tobulas elegancijos ir funkcionalumo derinys.<br \/>\n\u2022 Eleganti\u0161kas dizainas.<br \/>\n\u2022 MDF apvadai.<br \/>\n\u2022 Didelis funkcionalumas.<br \/>\n\u2022 Pilno i\u0161traukimo stal\u010diai su papildomai sutvirtintu dugnu.<br \/>\n\u2022 Ergonomi\u0161kos rankenos.<br \/>\n\u2022 Platus stili\u0173 pasirinkimas visoje \u201eBaltica\u201c kolekcijoje.<\/p>","protected":false},"excerpt":{"rendered":"<p>Komoda \u201eBaltica 08\u201c suteikia daug vietos daiktams susid\u0117ti ir leid\u017eia jums eksponuoti m\u0117gstamiausius daiktus. Spintel\u0119 sudaro keturi erdv\u016bs, u\u017erakinami skyriai, puikiai tinkantys rank\u0161luos\u010diams, stalties\u0117ms ar drabu\u017eiams laikyti. Centrin\u0117je dalyje yra trys patog\u016bs stal\u010diai, puikiai tinkantys apatiniams drabu\u017eiams, kojin\u0117ms ar dokumentams laikyti. Platus stalvir\u0161is sukuria erdv\u0119 m\u0117gstamiausiems daiktams eksponuoti [\u2026]<\/p>","protected":false},"featured_media":94929,"comment_status":"open","ping_status":"open","template":"","meta":[],"product_brand":[],"product_cat":[1173,2255,9224],"product_tag":[],"class_list":{"0":"post-94928","1":"product","2":"type-product","3":"status-publish","4":"has-post-thumbnail","6":"product_cat-chests-of-drawers","7":"product_cat-ml-meble","8":"product_cat-furniture-system-baltica-ml-meble","10":"first","11":"instock","12":"purchasable","13":"product-type-simple"},"_links":{"self":[{"href":"https:\/\/baldumarket.lt\/lt\/wp-json\/wp\/v2\/product\/94928","targetHints":{"allow":["GET"]}}],"collection":[{"href":"https:\/\/baldumarket.lt\/lt\/wp-json\/wp\/v2\/product"}],"about":[{"href":"https:\/\/baldumarket.lt\/lt\/wp-json\/wp\/v2\/types\/product"}],"replies":[{"embeddable":true,"href":"https:\/\/baldumarket.lt\/lt\/wp-json\/wp\/v2\/comments?post=94928"}],"wp:featuredmedia":[{"embeddable":true,"href":"https:\/\/baldumarket.lt\/lt\/wp-json\/wp\/v2\/media\/94929"}],"wp:attachment":[{"href":"https:\/\/baldumarket.lt\/lt\/wp-json\/wp\/v2\/media?parent=94928"}],"wp:term":[{"taxonomy":"product_brand","embeddable":true,"href":"https:\/\/baldumarket.lt\/lt\/wp-json\/wp\/v2\/product_brand?post=94928"},{"taxonomy":"product_cat","embeddable":true,"href":"https:\/\/baldumarket.lt\/lt\/wp-json\/wp\/v2\/product_cat?post=94928"},{"taxonomy":"product_tag","embeddable":true,"href":"https:\/\/baldumarket.lt\/lt\/wp-json\/wp\/v2\/product_tag?post=94928"}],"curies":[{"name":"wp","href":"https:\/\/api.w.org\/{rel}","templated":true}]}}