{"id":94926,"date":"2025-12-05T15:45:39","date_gmt":"2025-12-05T12:45:39","guid":{"rendered":"https:\/\/baldumarket.lt\/product\/optimal-24-01-korpus-sonoma-jasna-front-sonoma-jasna-kontener\/"},"modified":"2026-02-03T23:53:52","modified_gmt":"2026-02-03T20:53:52","slug":"optimal-24-01-korpus-sonoma-jasna-front-sonoma-jasna-kontener","status":"publish","type":"product","link":"https:\/\/baldumarket.lt\/lt\/product\/optimal-24-01-korpus-sonoma-jasna-front-sonoma-jasna-kontener\/","title":{"rendered":"\u201eOptimal 24-01\u201c \u0161viesus sonoma korpusas \/ \u0161viesus sonoma priekinis indas"},"content":{"rendered":"<p>\u201eOptimal 24\u201c stovas puikiai tinka bet kuriam biurui ar nam\u0173 biurui. Jame yra trys erdv\u016bs stal\u010diai, puikiai tinkantys dokumentams ir darbo reikmenims laikyti. Centrin\u0117 u\u017erakto sistema u\u017etikrina, kad prie j\u016bs\u0173 laikom\u0173 daikt\u0173 gal\u0117t\u0173 prieiti tik j\u016bs. Vir\u0161utin\u0117 dalis suteikia papildomos vietos, puikiai tinkan\u010dios, pavyzd\u017eiui, spausdintuvui. Patog\u016bs ratukai u\u017etikrina mobilum\u0105. J\u012f galite lengvai pad\u0117ti po stalu arba \u0161alia jo.<br \/>\n\u2022 Modernus dizainas.<br \/>\n\u2022 Centrinis u\u017eraktas.<br \/>\n\u2022 Mobilumas ratuk\u0173 d\u0117ka.<br \/>\n\u2022 Optimalus dydis.<\/p>","protected":false},"excerpt":{"rendered":"<p>\u201eOptimal 24\u201c stovas puikiai tinka bet kuriam biurui ar nam\u0173 biurui. Jame yra trys erdv\u016bs stal\u010diai, puikiai tinkantys dokumentams ir darbo reikmenims laikyti. Centrin\u0117 u\u017erakto sistema u\u017etikrina, kad tik j\u016bs tur\u0117tum\u0117te prieig\u0105 prie savo daikt\u0173. Vir\u0161utin\u0117 dalis suteikia papildomos vietos, puikiai tinka, pavyzd\u017eiui, spausdintuvui. Patog\u016bs ratukai [\u2026]<\/p>","protected":false},"featured_media":94927,"comment_status":"open","ping_status":"open","template":"","meta":[],"product_brand":[],"product_cat":[9243,9120,2255],"product_tag":[],"class_list":{"0":"post-94926","1":"product","2":"type-product","3":"status-publish","4":"has-post-thumbnail","6":"product_cat-furniture-system-optimal-ml-meble","7":"product_cat-cabinets","8":"product_cat-ml-meble","10":"first","11":"instock","12":"purchasable","13":"product-type-simple"},"_links":{"self":[{"href":"https:\/\/baldumarket.lt\/lt\/wp-json\/wp\/v2\/product\/94926","targetHints":{"allow":["GET"]}}],"collection":[{"href":"https:\/\/baldumarket.lt\/lt\/wp-json\/wp\/v2\/product"}],"about":[{"href":"https:\/\/baldumarket.lt\/lt\/wp-json\/wp\/v2\/types\/product"}],"replies":[{"embeddable":true,"href":"https:\/\/baldumarket.lt\/lt\/wp-json\/wp\/v2\/comments?post=94926"}],"wp:featuredmedia":[{"embeddable":true,"href":"https:\/\/baldumarket.lt\/lt\/wp-json\/wp\/v2\/media\/94927"}],"wp:attachment":[{"href":"https:\/\/baldumarket.lt\/lt\/wp-json\/wp\/v2\/media?parent=94926"}],"wp:term":[{"taxonomy":"product_brand","embeddable":true,"href":"https:\/\/baldumarket.lt\/lt\/wp-json\/wp\/v2\/product_brand?post=94926"},{"taxonomy":"product_cat","embeddable":true,"href":"https:\/\/baldumarket.lt\/lt\/wp-json\/wp\/v2\/product_cat?post=94926"},{"taxonomy":"product_tag","embeddable":true,"href":"https:\/\/baldumarket.lt\/lt\/wp-json\/wp\/v2\/product_tag?post=94926"}],"curies":[{"name":"wp","href":"https:\/\/api.w.org\/{rel}","templated":true}]}}