{"id":94922,"date":"2025-12-05T15:45:35","date_gmt":"2025-12-05T12:45:35","guid":{"rendered":"https:\/\/baldumarket.lt\/product\/optimal-22-01-korpus-sonoma-jasna-front-sonoma-jasna-wieniec-sonoma-jasna-kontener\/"},"modified":"2026-02-03T23:53:52","modified_gmt":"2026-02-03T20:53:52","slug":"optimal-22-01-korpus-sonoma-jasna-front-sonoma-jasna-wieniec-sonoma-jasna-kontener","status":"publish","type":"product","link":"https:\/\/baldumarket.lt\/lt\/product\/optimal-22-01-korpus-sonoma-jasna-front-sonoma-jasna-wieniec-sonoma-jasna-kontener\/","title":{"rendered":"\u201eOptimal 22-01\u201c korpusinis \u201eSonoma\u201c \u0161viestuvas \/ priekinis \u201eSonoma\u201c \u0161viestuvas \/ vainikas \u201eSonoma\u201c \u0161viestuvas-konteineris"},"content":{"rendered":"<p>OPTIMAL 2201 \u2013 tai funkcionalus baldas, kur\u012f galima derinti su ra\u0161omuoju stalu. Jame yra trys stal\u010diai su centriniu u\u017eraktu. OPTIMAL kolekcijos baldai pasi\u017eymi ergonomika ir, svarbiausia, funkcionalumu. Spintel\u0117s pagamintos i\u0161 patvari\u0173 med\u017eiag\u0173 su \u0161viesia Sonoma apdaila. Papildomas OPTIMAL kolekcijos privalumas \u2013 spyn\u0173 naudojimas. Baldai pagaminti i\u0161 auk\u0161\u010diausios kokyb\u0117s laminuotos bald\u0173 plok\u0161t\u0117s, atsparios mechaniniams pa\u017eeidimams.<\/p>","protected":false},"excerpt":{"rendered":"<p>OPTIMAL 2201 yra funkcionalus baldas, kur\u012f galima derinti su ra\u0161omuoju stalu. Jame yra trys stal\u010diai su centriniu u\u017eraktu. OPTIMAL kolekcijos baldai pasi\u017eymi ergonomika ir, svarbiausia, funkcionalumu. Spintel\u0117s pagamintos i\u0161 patvari\u0173 med\u017eiag\u0173 su \u0161viesia Sonoma apdaila. Papildomas OPTIMAL kolekcijos privalumas [\u2026]<\/p>","protected":false},"featured_media":94923,"comment_status":"open","ping_status":"open","template":"","meta":[],"product_brand":[],"product_cat":[9243,9120,2255],"product_tag":[],"class_list":{"0":"post-94922","1":"product","2":"type-product","3":"status-publish","4":"has-post-thumbnail","6":"product_cat-furniture-system-optimal-ml-meble","7":"product_cat-cabinets","8":"product_cat-ml-meble","10":"first","11":"instock","12":"purchasable","13":"product-type-simple"},"_links":{"self":[{"href":"https:\/\/baldumarket.lt\/lt\/wp-json\/wp\/v2\/product\/94922","targetHints":{"allow":["GET"]}}],"collection":[{"href":"https:\/\/baldumarket.lt\/lt\/wp-json\/wp\/v2\/product"}],"about":[{"href":"https:\/\/baldumarket.lt\/lt\/wp-json\/wp\/v2\/types\/product"}],"replies":[{"embeddable":true,"href":"https:\/\/baldumarket.lt\/lt\/wp-json\/wp\/v2\/comments?post=94922"}],"wp:featuredmedia":[{"embeddable":true,"href":"https:\/\/baldumarket.lt\/lt\/wp-json\/wp\/v2\/media\/94923"}],"wp:attachment":[{"href":"https:\/\/baldumarket.lt\/lt\/wp-json\/wp\/v2\/media?parent=94922"}],"wp:term":[{"taxonomy":"product_brand","embeddable":true,"href":"https:\/\/baldumarket.lt\/lt\/wp-json\/wp\/v2\/product_brand?post=94922"},{"taxonomy":"product_cat","embeddable":true,"href":"https:\/\/baldumarket.lt\/lt\/wp-json\/wp\/v2\/product_cat?post=94922"},{"taxonomy":"product_tag","embeddable":true,"href":"https:\/\/baldumarket.lt\/lt\/wp-json\/wp\/v2\/product_tag?post=94922"}],"curies":[{"name":"wp","href":"https:\/\/api.w.org\/{rel}","templated":true}]}}