{"id":94908,"date":"2025-12-05T15:45:22","date_gmt":"2025-12-05T12:45:22","guid":{"rendered":"https:\/\/baldumarket.lt\/product\/drop-17-02-buk-fjord-bialy-szara-platyna-lozko\/"},"modified":"2026-04-07T13:39:39","modified_gmt":"2026-04-07T10:39:39","slug":"drop-17-02-buk-fjord-bialy-szara-platyna-lozko","status":"publish","type":"product","link":"https:\/\/baldumarket.lt\/lt\/product\/drop-17-02-buk-fjord-bialy-szara-platyna-lozko\/","title":{"rendered":"Drop 17-02 fjord buko baltumo\/platinos pilkumo lova"},"content":{"rendered":"<p>Bet kuri pilnai funkcionuojanti vaik\u0173 ir jaunimo sistema neapsieina be viengul\u0117s lovos, kuri\u0105 galima i\u0161pl\u0117sti pagal pageidavim\u0105. Bazin\u0119 m\u016bs\u0173 DROP 17 versij\u0105 galima papildyti papildomais elementais, tokiais kaip ma\u017eas ir didelis naktiniai staleliai bei mink\u0161tas, apmu\u0161tas galv\u016bgalis. Konstrukcija puikiai pritaikyta standartiniam viengungiui \u2013 90 cm \u010diu\u017einiui. Papildomas lovos funkcionalumo elementas \u2013 du erdv\u016bs patalyn\u0117s stal\u010diai ant patogi\u0173 ir tyli\u0173 gumini\u0173 kojeli\u0173. Stal\u010dius galima montuoti de\u0161in\u0117je arba kair\u0117je lovos pus\u0117je, tod\u0117l baldus galite pastatyti bet kurioje kambario vietoje. Konstrukcija yra visi\u0161kai subalansuota, o stal\u010di\u0173 rankenos yra suapvalintos ir be a\u0161tri\u0173 briaun\u0173.<\/p>","protected":false},"excerpt":{"rendered":"<p>Bet kuri pilnai funkcionali vaik\u0173 ir jaunimo sistema yra nepakei\u010diama be viengul\u0117s lovos, kuri\u0105 galima i\u0161pl\u0117sti pagal pageidavim\u0105. Bazin\u0119 m\u016bs\u0173 DROP 17 versij\u0105 galima papildyti papildomais elementais, tokiais kaip ma\u017eas ir didelis naktiniai staleliai bei mink\u0161tas, apmu\u0161tas lovos galv\u016bgalis. Konstrukcija puikiai pritaikyta standartiniam viengul\u0117s lovos \u010diu\u017einiui [\u2026]<\/p>","protected":false},"featured_media":94909,"comment_status":"open","ping_status":"open","template":"","meta":[],"product_brand":[],"product_cat":[1372,2255,9232],"product_tag":[],"class_list":{"0":"post-94908","1":"product","2":"type-product","3":"status-publish","4":"has-post-thumbnail","6":"product_cat-childrens-beds","7":"product_cat-ml-meble","8":"product_cat-furniture-system-drop-ml-meble","10":"first","11":"instock","12":"purchasable","13":"product-type-simple"},"_links":{"self":[{"href":"https:\/\/baldumarket.lt\/lt\/wp-json\/wp\/v2\/product\/94908","targetHints":{"allow":["GET"]}}],"collection":[{"href":"https:\/\/baldumarket.lt\/lt\/wp-json\/wp\/v2\/product"}],"about":[{"href":"https:\/\/baldumarket.lt\/lt\/wp-json\/wp\/v2\/types\/product"}],"replies":[{"embeddable":true,"href":"https:\/\/baldumarket.lt\/lt\/wp-json\/wp\/v2\/comments?post=94908"}],"wp:featuredmedia":[{"embeddable":true,"href":"https:\/\/baldumarket.lt\/lt\/wp-json\/wp\/v2\/media\/94909"}],"wp:attachment":[{"href":"https:\/\/baldumarket.lt\/lt\/wp-json\/wp\/v2\/media?parent=94908"}],"wp:term":[{"taxonomy":"product_brand","embeddable":true,"href":"https:\/\/baldumarket.lt\/lt\/wp-json\/wp\/v2\/product_brand?post=94908"},{"taxonomy":"product_cat","embeddable":true,"href":"https:\/\/baldumarket.lt\/lt\/wp-json\/wp\/v2\/product_cat?post=94908"},{"taxonomy":"product_tag","embeddable":true,"href":"https:\/\/baldumarket.lt\/lt\/wp-json\/wp\/v2\/product_tag?post=94908"}],"curies":[{"name":"wp","href":"https:\/\/api.w.org\/{rel}","templated":true}]}}