{"id":94889,"date":"2025-12-05T15:45:02","date_gmt":"2025-12-05T12:45:02","guid":{"rendered":"https:\/\/baldumarket.lt\/product\/drop-08-01-buk-fjord-bialy-szara-platyna-komoda\/"},"modified":"2026-04-07T13:39:39","modified_gmt":"2026-04-07T10:39:39","slug":"drop-08-01-buk-fjord-bialy-szara-platyna-komoda","status":"publish","type":"product","link":"https:\/\/baldumarket.lt\/lt\/product\/drop-08-01-buk-fjord-bialy-szara-platyna-komoda\/","title":{"rendered":"Drop 08-01 fjord buko balta\/platinos pilka \u2013 komoda"},"content":{"rendered":"<p>Kiekvienoje vaiki\u0161koje sistemoje turi b\u016bti erdvi komoda, kurioje tilps visi m\u016bs\u0173 ma\u017eyli\u0173 lobiai \u2013 nuo drabu\u017ei\u0173 iki visi\u0161kai netradicini\u0173 \u012fvairi\u0173 form\u0173 daikt\u0173. M\u016bs\u0173 DROP 08 komodos stal\u010di\u0173 sistema turi piln\u0105 i\u0161traukim\u0105 ir papildomai sutvirtint\u0105 dugn\u0105, tod\u0117l net didelius daiktus sutalpinti bus lengva. Erdvios lentynos ir stal\u010diai, taip pat \u012fbr\u0117\u017eimams atsparus fjordo buko stalvir\u0161is \u2013 tai tik keli m\u016bs\u0173 dizaino privalumai. Be to, kiekviena komoda yra visi\u0161kai subalansuota ir pritaikyta vaikams.<\/p>","protected":false},"excerpt":{"rendered":"<p>Kiekvienoje vaiki\u0161koje sistemoje turi b\u016bti erdvi komoda, kurioje tilps visi m\u016bs\u0173 ma\u017eyli\u0173 lobiai \u2013 nuo drabu\u017ei\u0173 iki visi\u0161kai netradicini\u0173 \u012fvairi\u0173 form\u0173 daikt\u0173. M\u016bs\u0173 komodos DROP 08 stal\u010di\u0173 sistema yra pilnai i\u0161traukiama ir turi papildomai sutvirtint\u0105 dugn\u0105, tod\u0117l net ir dideli\u0173 daikt\u0173 laikymas yra lengvas [\u2026]<\/p>","protected":false},"featured_media":94890,"comment_status":"open","ping_status":"open","template":"","meta":[],"product_brand":[],"product_cat":[1173,2255,9232],"product_tag":[],"class_list":{"0":"post-94889","1":"product","2":"type-product","3":"status-publish","4":"has-post-thumbnail","6":"product_cat-chests-of-drawers","7":"product_cat-ml-meble","8":"product_cat-furniture-system-drop-ml-meble","10":"first","11":"instock","12":"purchasable","13":"product-type-simple"},"_links":{"self":[{"href":"https:\/\/baldumarket.lt\/lt\/wp-json\/wp\/v2\/product\/94889","targetHints":{"allow":["GET"]}}],"collection":[{"href":"https:\/\/baldumarket.lt\/lt\/wp-json\/wp\/v2\/product"}],"about":[{"href":"https:\/\/baldumarket.lt\/lt\/wp-json\/wp\/v2\/types\/product"}],"replies":[{"embeddable":true,"href":"https:\/\/baldumarket.lt\/lt\/wp-json\/wp\/v2\/comments?post=94889"}],"wp:featuredmedia":[{"embeddable":true,"href":"https:\/\/baldumarket.lt\/lt\/wp-json\/wp\/v2\/media\/94890"}],"wp:attachment":[{"href":"https:\/\/baldumarket.lt\/lt\/wp-json\/wp\/v2\/media?parent=94889"}],"wp:term":[{"taxonomy":"product_brand","embeddable":true,"href":"https:\/\/baldumarket.lt\/lt\/wp-json\/wp\/v2\/product_brand?post=94889"},{"taxonomy":"product_cat","embeddable":true,"href":"https:\/\/baldumarket.lt\/lt\/wp-json\/wp\/v2\/product_cat?post=94889"},{"taxonomy":"product_tag","embeddable":true,"href":"https:\/\/baldumarket.lt\/lt\/wp-json\/wp\/v2\/product_tag?post=94889"}],"curies":[{"name":"wp","href":"https:\/\/api.w.org\/{rel}","templated":true}]}}