{"id":94879,"date":"2025-12-05T15:44:52","date_gmt":"2025-12-05T12:44:52","guid":{"rendered":"https:\/\/baldumarket.lt\/product\/drop-07-01-buk-fjord-bialy-szara-platyna-komoda\/"},"modified":"2026-04-07T13:39:30","modified_gmt":"2026-04-07T10:39:30","slug":"drop-07-01-buk-fjord-bialy-szara-platyna-komoda","status":"publish","type":"product","link":"https:\/\/baldumarket.lt\/lt\/product\/drop-07-01-buk-fjord-bialy-szara-platyna-komoda\/","title":{"rendered":"Drop 07-01 fjord buko balta\/platinos pilka \u2013 komoda"},"content":{"rendered":"<p>Labai da\u017enai bald\u0173 i\u0161d\u0117stymo lankstumas lemia j\u0173 pirkim\u0105. Galimyb\u0117 montuoti dureles de\u0161in\u0117je arba kair\u0117je pus\u0117je leid\u017eia pritaikyti \u201eDrop 07\u201c prie individuali\u0173 poreiki\u0173. Papildomai sustiprinome erdvius stal\u010dius ir prid\u0117jome funkcionalias pilno i\u0161traukimo sistemas. Medin\u0117s rankenos yra suapvalintos ir patogios vaikams. Konstrukcija yra visi\u0161kai saugi ir subalansuota.<\/p>","protected":false},"excerpt":{"rendered":"<p>Labai da\u017enai bald\u0173 i\u0161d\u0117stymo lankstumas lemia j\u0173 pirkim\u0105. Galimyb\u0117 montuoti dureles de\u0161in\u0117je arba kair\u0117je pus\u0117je leid\u017eia pritaikyti \u201eDrop 07\u201c prie individuali\u0173 poreiki\u0173. Papildomai sustiprinome erdvius stal\u010dius ir prid\u0117jome funkcionalias pilno i\u0161traukimo sistemas. Medin\u0117s rankenos yra apvalios ir patogios vaikams. Konstrukcija yra [\u2026]<\/p>","protected":false},"featured_media":94880,"comment_status":"open","ping_status":"open","template":"","meta":[],"product_brand":[],"product_cat":[1173,2255,9232],"product_tag":[],"class_list":{"0":"post-94879","1":"product","2":"type-product","3":"status-publish","4":"has-post-thumbnail","6":"product_cat-chests-of-drawers","7":"product_cat-ml-meble","8":"product_cat-furniture-system-drop-ml-meble","10":"first","11":"instock","12":"purchasable","13":"product-type-simple"},"_links":{"self":[{"href":"https:\/\/baldumarket.lt\/lt\/wp-json\/wp\/v2\/product\/94879","targetHints":{"allow":["GET"]}}],"collection":[{"href":"https:\/\/baldumarket.lt\/lt\/wp-json\/wp\/v2\/product"}],"about":[{"href":"https:\/\/baldumarket.lt\/lt\/wp-json\/wp\/v2\/types\/product"}],"replies":[{"embeddable":true,"href":"https:\/\/baldumarket.lt\/lt\/wp-json\/wp\/v2\/comments?post=94879"}],"wp:featuredmedia":[{"embeddable":true,"href":"https:\/\/baldumarket.lt\/lt\/wp-json\/wp\/v2\/media\/94880"}],"wp:attachment":[{"href":"https:\/\/baldumarket.lt\/lt\/wp-json\/wp\/v2\/media?parent=94879"}],"wp:term":[{"taxonomy":"product_brand","embeddable":true,"href":"https:\/\/baldumarket.lt\/lt\/wp-json\/wp\/v2\/product_brand?post=94879"},{"taxonomy":"product_cat","embeddable":true,"href":"https:\/\/baldumarket.lt\/lt\/wp-json\/wp\/v2\/product_cat?post=94879"},{"taxonomy":"product_tag","embeddable":true,"href":"https:\/\/baldumarket.lt\/lt\/wp-json\/wp\/v2\/product_tag?post=94879"}],"curies":[{"name":"wp","href":"https:\/\/api.w.org\/{rel}","templated":true}]}}