{"id":94870,"date":"2025-12-05T15:44:43","date_gmt":"2025-12-05T12:44:43","guid":{"rendered":"https:\/\/baldumarket.lt\/product\/drop-05-01-buk-fjord-szara-platyna-regal\/"},"modified":"2026-04-07T13:39:30","modified_gmt":"2026-04-07T10:39:30","slug":"drop-05-01-buk-fjord-szara-platyna-regal","status":"publish","type":"product","link":"https:\/\/baldumarket.lt\/lt\/product\/drop-05-01-buk-fjord-szara-platyna-regal\/","title":{"rendered":"Drop 05-01 fiord buko\/platinos pilka \u2013 lentyna"},"content":{"rendered":"<p>\u201eDrop 05\u201c \u2013 tai viengul\u0117 lentyna, skirta ribotai erdvei ir unikaliam i\u0161d\u0117stymui. Kiekvienam vaikui reikia bald\u0173, kuriuose tilpt\u0173 knygos, s\u0105siuviniai ir vadov\u0117liai. Ji gali b\u016bti naudojama suvenyrams ar sporto trof\u0117jams eksponuoti, be to, ji yra labai reguliuojamo auk\u0161\u010dio ir neu\u017eima per daug vietos. \u0160\u012f bald\u0105 suk\u016br\u0117me taip, kad patenkintume visus \u0161iuos poreikius. Kiekviena rankena yra apvali ir patogi vaikams, o baldas yra visi\u0161kai saugus, subalansuotas ir atsparus apvirtimui.<\/p>","protected":false},"excerpt":{"rendered":"<p>\u201eDrop 05\u201c \u2013 tai viengul\u0117 lentyna, skirta ribotai erdvei ir unikaliam i\u0161d\u0117stymui. Kiekvienam vaikui reikia bald\u0173, kuriuose tilpt\u0173 knygos, s\u0105siuviniai ir vadov\u0117liai. Ji gali b\u016bti naudojama suvenyrams ar sporto trof\u0117jams eksponuoti, be to, ji yra labai reguliuojamo plo\u010dio ir neu\u017eima per daug vietos. \u0160\u012f bald\u0105 suk\u016br\u0117me taip, kad patenkintume visus \u0161iuos poreikius. [\u2026]<\/p>","protected":false},"featured_media":94871,"comment_status":"open","ping_status":"open","template":"","meta":[],"product_brand":[],"product_cat":[2255,9232,1987],"product_tag":[],"class_list":{"0":"post-94870","1":"product","2":"type-product","3":"status-publish","4":"has-post-thumbnail","6":"product_cat-ml-meble","7":"product_cat-furniture-system-drop-ml-meble","8":"product_cat-shelving-units","10":"first","11":"instock","12":"purchasable","13":"product-type-simple"},"_links":{"self":[{"href":"https:\/\/baldumarket.lt\/lt\/wp-json\/wp\/v2\/product\/94870","targetHints":{"allow":["GET"]}}],"collection":[{"href":"https:\/\/baldumarket.lt\/lt\/wp-json\/wp\/v2\/product"}],"about":[{"href":"https:\/\/baldumarket.lt\/lt\/wp-json\/wp\/v2\/types\/product"}],"replies":[{"embeddable":true,"href":"https:\/\/baldumarket.lt\/lt\/wp-json\/wp\/v2\/comments?post=94870"}],"wp:featuredmedia":[{"embeddable":true,"href":"https:\/\/baldumarket.lt\/lt\/wp-json\/wp\/v2\/media\/94871"}],"wp:attachment":[{"href":"https:\/\/baldumarket.lt\/lt\/wp-json\/wp\/v2\/media?parent=94870"}],"wp:term":[{"taxonomy":"product_brand","embeddable":true,"href":"https:\/\/baldumarket.lt\/lt\/wp-json\/wp\/v2\/product_brand?post=94870"},{"taxonomy":"product_cat","embeddable":true,"href":"https:\/\/baldumarket.lt\/lt\/wp-json\/wp\/v2\/product_cat?post=94870"},{"taxonomy":"product_tag","embeddable":true,"href":"https:\/\/baldumarket.lt\/lt\/wp-json\/wp\/v2\/product_tag?post=94870"}],"curies":[{"name":"wp","href":"https:\/\/api.w.org\/{rel}","templated":true}]}}