{"id":94860,"date":"2025-12-05T15:44:32","date_gmt":"2025-12-05T12:44:32","guid":{"rendered":"https:\/\/baldumarket.lt\/product\/drop-04-01-buk-fjord-bialy-szara-platyna-regal\/"},"modified":"2026-04-07T13:39:30","modified_gmt":"2026-04-07T10:39:30","slug":"drop-04-01-buk-fjord-bialy-szara-platyna-regal","status":"publish","type":"product","link":"https:\/\/baldumarket.lt\/lt\/product\/drop-04-01-buk-fjord-bialy-szara-platyna-regal\/","title":{"rendered":"Drop 04-01 fjord buko balta\/platinos pilka \u2013 lentyna"},"content":{"rendered":"<p>D\u0117l savo paskirties ir paprasto i\u0161d\u0117stymo beveik kiekviename interjere reikalinga patalyn\u0117s spinta. Galvodami apie did\u017eiausi\u0105 \u012fmanom\u0105 ergonomik\u0105 ir dizaino lankstum\u0105, suk\u016br\u0117me savo DROP 04. Apvali rankena yra patogi vaikams, o dizainas yra visi\u0161kai saugus, subalansuotas ir atsparus apvirtimui. Durys varstosi labai skland\u017eiai, o d\u0117l panaudot\u0173 med\u017eiag\u0173 kokyb\u0117s jos tarnaus jums ir j\u016bs\u0173 vaikui ilgus metus. Viso i\u0161traukimo stal\u010di\u0173 sistema leid\u017eia lengvai susid\u0117ti daiktus be rizikos, kad jie susiglam\u017eys.<\/p>","protected":false},"excerpt":{"rendered":"<p>D\u0117l savo paskirties ir paprasto i\u0161d\u0117stymo beveik kiekviename interjere reikalinga patalyn\u0117s spinta. Tur\u0117dami omenyje did\u017eiausi\u0105 \u012fmanom\u0105 ergonomik\u0105 ir dizaino lankstum\u0105, suk\u016br\u0117me savo DROP 04. Apvali rankena yra patogi vaikams, o dizainas yra visi\u0161kai saugus, subalansuotas ir atsparus apvertimui. Durys juda labai skland\u017eiai, o d\u0117l kokybi\u0161kos [\u2026]<\/p>","protected":false},"featured_media":94861,"comment_status":"open","ping_status":"open","template":"","meta":[],"product_brand":[],"product_cat":[2255,9232,1987],"product_tag":[],"class_list":{"0":"post-94860","1":"product","2":"type-product","3":"status-publish","4":"has-post-thumbnail","6":"product_cat-ml-meble","7":"product_cat-furniture-system-drop-ml-meble","8":"product_cat-shelving-units","10":"first","11":"instock","12":"purchasable","13":"product-type-simple"},"_links":{"self":[{"href":"https:\/\/baldumarket.lt\/lt\/wp-json\/wp\/v2\/product\/94860","targetHints":{"allow":["GET"]}}],"collection":[{"href":"https:\/\/baldumarket.lt\/lt\/wp-json\/wp\/v2\/product"}],"about":[{"href":"https:\/\/baldumarket.lt\/lt\/wp-json\/wp\/v2\/types\/product"}],"replies":[{"embeddable":true,"href":"https:\/\/baldumarket.lt\/lt\/wp-json\/wp\/v2\/comments?post=94860"}],"wp:featuredmedia":[{"embeddable":true,"href":"https:\/\/baldumarket.lt\/lt\/wp-json\/wp\/v2\/media\/94861"}],"wp:attachment":[{"href":"https:\/\/baldumarket.lt\/lt\/wp-json\/wp\/v2\/media?parent=94860"}],"wp:term":[{"taxonomy":"product_brand","embeddable":true,"href":"https:\/\/baldumarket.lt\/lt\/wp-json\/wp\/v2\/product_brand?post=94860"},{"taxonomy":"product_cat","embeddable":true,"href":"https:\/\/baldumarket.lt\/lt\/wp-json\/wp\/v2\/product_cat?post=94860"},{"taxonomy":"product_tag","embeddable":true,"href":"https:\/\/baldumarket.lt\/lt\/wp-json\/wp\/v2\/product_tag?post=94860"}],"curies":[{"name":"wp","href":"https:\/\/api.w.org\/{rel}","templated":true}]}}