{"id":94850,"date":"2025-12-05T15:44:22","date_gmt":"2025-12-05T12:44:22","guid":{"rendered":"https:\/\/baldumarket.lt\/product\/drop-03-01-buk-fjord-bialy-szara-platyna-regal\/"},"modified":"2026-04-07T13:39:30","modified_gmt":"2026-04-07T10:39:30","slug":"drop-03-01-buk-fjord-bialy-szara-platyna-regal","status":"publish","type":"product","link":"https:\/\/baldumarket.lt\/lt\/product\/drop-03-01-buk-fjord-bialy-szara-platyna-regal\/","title":{"rendered":"Drop 03-01 fjord buko balta\/platinos pilka \u2013 lentyna"},"content":{"rendered":"<p>M\u016bs\u0173 lentyna DROP 03 buvo sukurta galvojant apie ma\u017eus vaikus. U\u017edarame skyriuje (lentynos + stal\u010dius) galite greitai pasl\u0117pti drabu\u017eius, o atviruose lentynose eksponuoti m\u0117gstamus \u012ftaisus ir knygas. Apvalios medin\u0117s rankenos yra patogios vaikams, o konstrukcija yra visi\u0161kai saugi ir subalansuota.<\/p>","protected":false},"excerpt":{"rendered":"<p>M\u016bs\u0173 lentyna DROP 03 buvo sukurta galvojant apie ma\u017eus vaikus. U\u017edarame skyriuje (lentynos + stal\u010dius) galite greitai pasl\u0117pti drabu\u017eius, o atviruose lentynose eksponuoti m\u0117gstamus \u012ftaisus ir knygas. Apvalios medin\u0117s rankenos yra patogios vaikams, o konstrukcija yra visi\u0161kai saugi ir subalansuota.<\/p>","protected":false},"featured_media":94851,"comment_status":"open","ping_status":"open","template":"","meta":[],"product_brand":[],"product_cat":[2255,9232,2006],"product_tag":[],"class_list":{"0":"post-94850","1":"product","2":"type-product","3":"status-publish","4":"has-post-thumbnail","6":"product_cat-ml-meble","7":"product_cat-furniture-system-drop-ml-meble","8":"product_cat-vitrines","10":"first","11":"instock","12":"purchasable","13":"product-type-simple"},"_links":{"self":[{"href":"https:\/\/baldumarket.lt\/lt\/wp-json\/wp\/v2\/product\/94850","targetHints":{"allow":["GET"]}}],"collection":[{"href":"https:\/\/baldumarket.lt\/lt\/wp-json\/wp\/v2\/product"}],"about":[{"href":"https:\/\/baldumarket.lt\/lt\/wp-json\/wp\/v2\/types\/product"}],"replies":[{"embeddable":true,"href":"https:\/\/baldumarket.lt\/lt\/wp-json\/wp\/v2\/comments?post=94850"}],"wp:featuredmedia":[{"embeddable":true,"href":"https:\/\/baldumarket.lt\/lt\/wp-json\/wp\/v2\/media\/94851"}],"wp:attachment":[{"href":"https:\/\/baldumarket.lt\/lt\/wp-json\/wp\/v2\/media?parent=94850"}],"wp:term":[{"taxonomy":"product_brand","embeddable":true,"href":"https:\/\/baldumarket.lt\/lt\/wp-json\/wp\/v2\/product_brand?post=94850"},{"taxonomy":"product_cat","embeddable":true,"href":"https:\/\/baldumarket.lt\/lt\/wp-json\/wp\/v2\/product_cat?post=94850"},{"taxonomy":"product_tag","embeddable":true,"href":"https:\/\/baldumarket.lt\/lt\/wp-json\/wp\/v2\/product_tag?post=94850"}],"curies":[{"name":"wp","href":"https:\/\/api.w.org\/{rel}","templated":true}]}}