{"id":94841,"date":"2025-12-05T15:44:14","date_gmt":"2025-12-05T12:44:14","guid":{"rendered":"https:\/\/baldumarket.lt\/product\/drop-02-01-buk-fjord-bialy-szara-platyna-szafa\/"},"modified":"2026-04-07T15:16:26","modified_gmt":"2026-04-07T12:16:26","slug":"drop-02-01-buk-fjord-bialy-szara-platyna-szafa","status":"publish","type":"product","link":"https:\/\/baldumarket.lt\/lt\/product\/drop-02-01-buk-fjord-bialy-szara-platyna-szafa\/","title":{"rendered":"Drop 02-01 fjord buko balta\/platinos pilka \u2013 spinta"},"content":{"rendered":"<p>Kurdami DROP 02, vadovavom\u0117s id\u0117ja sukurti bald\u0105, idealiai pritaikyt\u0105 patalpai, kurioje jis bus eksponuojamas. M\u016bs\u0173 gamybos tikslo \u2013 modulini\u0173 bald\u0173 \u2013 atveju ribota erdv\u0117 yra pagrindinis veiksnys, lemiantis kliento pirkim\u0105. Atsi\u017evelgdami \u012f j\u0173 poreikius, suk\u016br\u0117me ma\u017eesnius baldus, kurie ergonomikos ir puikaus dizaino po\u017ei\u016briu prilygsta didesniems baldams. Rankenos, \u017einoma, neturi a\u0161tri\u0173 briaun\u0173, o baldai d\u0117l savo stabilumo ir i\u0161lyginimo yra visi\u0161kai atspar\u016bs apvirtimui \u2013 net ir netradici\u0161kiausi\u0173 m\u016bs\u0173 vaik\u0173 \u017eaidim\u0173 metu.<\/p>","protected":false},"excerpt":{"rendered":"<p>Kurdami DROP 02, vadovavom\u0117s id\u0117ja sukurti bald\u0105, idealiai pritaikyt\u0105 patalpai, kurioje jis bus eksponuojamas. M\u016bs\u0173 gamybos tikslo, modulini\u0173 bald\u0173, atveju, ribota erdv\u0117 yra pagrindinis veiksnys, lemiantis kliento pirkim\u0105. Atsi\u017evelgdami \u012f j\u0173 poreikius, suk\u016br\u0117me ma\u017eesnius [\u2026]<\/p>","protected":false},"featured_media":94842,"comment_status":"open","ping_status":"open","template":"","meta":[],"product_brand":[],"product_cat":[2255,9232,1177],"product_tag":[],"class_list":{"0":"post-94841","1":"product","2":"type-product","3":"status-publish","4":"has-post-thumbnail","6":"product_cat-ml-meble","7":"product_cat-furniture-system-drop-ml-meble","8":"product_cat-wardrobes","10":"first","11":"instock","12":"purchasable","13":"product-type-simple"},"_links":{"self":[{"href":"https:\/\/baldumarket.lt\/lt\/wp-json\/wp\/v2\/product\/94841","targetHints":{"allow":["GET"]}}],"collection":[{"href":"https:\/\/baldumarket.lt\/lt\/wp-json\/wp\/v2\/product"}],"about":[{"href":"https:\/\/baldumarket.lt\/lt\/wp-json\/wp\/v2\/types\/product"}],"replies":[{"embeddable":true,"href":"https:\/\/baldumarket.lt\/lt\/wp-json\/wp\/v2\/comments?post=94841"}],"wp:featuredmedia":[{"embeddable":true,"href":"https:\/\/baldumarket.lt\/lt\/wp-json\/wp\/v2\/media\/94842"}],"wp:attachment":[{"href":"https:\/\/baldumarket.lt\/lt\/wp-json\/wp\/v2\/media?parent=94841"}],"wp:term":[{"taxonomy":"product_brand","embeddable":true,"href":"https:\/\/baldumarket.lt\/lt\/wp-json\/wp\/v2\/product_brand?post=94841"},{"taxonomy":"product_cat","embeddable":true,"href":"https:\/\/baldumarket.lt\/lt\/wp-json\/wp\/v2\/product_cat?post=94841"},{"taxonomy":"product_tag","embeddable":true,"href":"https:\/\/baldumarket.lt\/lt\/wp-json\/wp\/v2\/product_tag?post=94841"}],"curies":[{"name":"wp","href":"https:\/\/api.w.org\/{rel}","templated":true}]}}