{"id":94822,"date":"2025-12-05T15:43:58","date_gmt":"2025-12-05T12:43:58","guid":{"rendered":"https:\/\/baldumarket.lt\/product\/drop-01-01-buk-fjord-bialy-szara-platyna-szafa-narozna\/"},"modified":"2026-04-07T15:16:26","modified_gmt":"2026-04-07T12:16:26","slug":"drop-01-01-buk-fjord-bialy-szara-platyna-szafa-narozna","status":"publish","type":"product","link":"https:\/\/baldumarket.lt\/lt\/product\/drop-01-01-buk-fjord-bialy-szara-platyna-szafa-narozna\/","title":{"rendered":"Drop 01-01 fjord buko balta\/platinos pilka \u2013 kampin\u0117 spinta"},"content":{"rendered":"<p>Bet kokia modulini\u0173 bald\u0173 kolekcija, skirta ribotai erdvei ir sukurta taip, kad j\u0105 b\u016bt\u0173 galima gra\u017eiai i\u0161d\u0117styti bet kokioje konfig\u016bracijoje, yra nepakei\u010diama. Vienas i\u0161 neabejotin\u0173 jos privalum\u0173 \u2013 galimyb\u0117 j\u0105 pastatyti kambario kampuose. Gerai apgalvotas lentyn\u0173 i\u0161d\u0117stymas ir dureli\u0173 vieta puikiai apibr\u0117\u017eia jos ergonomik\u0105. Subalansuota forma, a\u0161tri\u0173 ranken\u0173 briaun\u0173 nebuvimas ir tobulas konstrukcijos u\u017edarumas lemia bald\u0173 patogum\u0105 jaunesnio am\u017eiaus \u017emon\u0117ms. D\u0117l nesenstan\u010dio, sant\u016braus ir ne\u012fkyraus dizaino m\u016bs\u0173 DROP 01 spinta yra viena i\u0161 lyderi\u0173 jaunimo ir vaik\u0173 kampini\u0173 sprendim\u0173 srityje.<\/p>","protected":false},"excerpt":{"rendered":"<p>Bet kokia modulini\u0173 bald\u0173 kolekcija, skirta ribotai erdvei ir sukurta taip, kad j\u0105 b\u016bt\u0173 galima gra\u017eiai i\u0161d\u0117styti bet kokioje konfig\u016bracijoje, yra nepakei\u010diama. Tarp neabejotin\u0173 jos privalum\u0173 yra galimyb\u0117 j\u0105 pastatyti kambario kampuose. Gerai apgalvotas lentyn\u0173 i\u0161d\u0117stymas ir dureli\u0173 vieta puikiai apibr\u0117\u017eia jos ergonomik\u0105. Subalansuota forma, a\u0161tri\u0173 briaun\u0173 nebuvimas [\u2026]<\/p>","protected":false},"featured_media":94823,"comment_status":"open","ping_status":"open","template":"","meta":[],"product_brand":[],"product_cat":[2255,9232,1177],"product_tag":[],"class_list":{"0":"post-94822","1":"product","2":"type-product","3":"status-publish","4":"has-post-thumbnail","6":"product_cat-ml-meble","7":"product_cat-furniture-system-drop-ml-meble","8":"product_cat-wardrobes","10":"first","11":"instock","12":"purchasable","13":"product-type-simple"},"_links":{"self":[{"href":"https:\/\/baldumarket.lt\/lt\/wp-json\/wp\/v2\/product\/94822","targetHints":{"allow":["GET"]}}],"collection":[{"href":"https:\/\/baldumarket.lt\/lt\/wp-json\/wp\/v2\/product"}],"about":[{"href":"https:\/\/baldumarket.lt\/lt\/wp-json\/wp\/v2\/types\/product"}],"replies":[{"embeddable":true,"href":"https:\/\/baldumarket.lt\/lt\/wp-json\/wp\/v2\/comments?post=94822"}],"wp:featuredmedia":[{"embeddable":true,"href":"https:\/\/baldumarket.lt\/lt\/wp-json\/wp\/v2\/media\/94823"}],"wp:attachment":[{"href":"https:\/\/baldumarket.lt\/lt\/wp-json\/wp\/v2\/media?parent=94822"}],"wp:term":[{"taxonomy":"product_brand","embeddable":true,"href":"https:\/\/baldumarket.lt\/lt\/wp-json\/wp\/v2\/product_brand?post=94822"},{"taxonomy":"product_cat","embeddable":true,"href":"https:\/\/baldumarket.lt\/lt\/wp-json\/wp\/v2\/product_cat?post=94822"},{"taxonomy":"product_tag","embeddable":true,"href":"https:\/\/baldumarket.lt\/lt\/wp-json\/wp\/v2\/product_tag?post=94822"}],"curies":[{"name":"wp","href":"https:\/\/api.w.org\/{rel}","templated":true}]}}