{"id":94813,"date":"2025-12-05T15:43:51","date_gmt":"2025-12-05T12:43:51","guid":{"rendered":"https:\/\/baldumarket.lt\/product\/terni-15-szary-srebrny-witryna\/"},"modified":"2026-02-03T23:53:53","modified_gmt":"2026-02-03T20:53:53","slug":"terni-15-szary-srebrny-witryna","status":"publish","type":"product","link":"https:\/\/baldumarket.lt\/lt\/product\/terni-15-szary-srebrny-witryna\/","title":{"rendered":"Terni 15 pilkai sidabrin\u0117 \u2013 vitrina"},"content":{"rendered":"<p>TERNI 15 vitrina suteiks j\u016bs\u0173 interjerui gaivumo ir elegancijos.<\/p>\n<p>Spintel\u0117s durys yra stiklin\u0117s ir pagamintos i\u0161 auk\u0161tos kokyb\u0117s baldin\u0117s plok\u0161t\u0117s. Priklausomai nuo interjero dizaino, joje galima laikyti knygas, suvenyrus, stalo \u012frankius ir daug daugiau.<\/p>","protected":false},"excerpt":{"rendered":"<p>TERNI 15 vitrina j\u016bs\u0173 interjerui suteiks gaivumo ir elegancijos. Spintel\u0117s durys yra stiklin\u0117s ir pagamintos i\u0161 auk\u0161tos kokyb\u0117s baldin\u0117s plok\u0161t\u0117s. Priklausomai nuo interjero dizaino, joje galima laikyti knygas, suvenyrus, stalo \u012frankius ir daug daugiau.<\/p>","protected":false},"featured_media":94814,"comment_status":"open","ping_status":"open","template":"","meta":[],"product_brand":[],"product_cat":[9239,2255,2006],"product_tag":[],"class_list":{"0":"post-94813","1":"product","2":"type-product","3":"status-publish","4":"has-post-thumbnail","6":"product_cat-furniture-system-terni-ml-meble","7":"product_cat-ml-meble","8":"product_cat-vitrines","10":"first","11":"instock","12":"purchasable","13":"product-type-simple"},"_links":{"self":[{"href":"https:\/\/baldumarket.lt\/lt\/wp-json\/wp\/v2\/product\/94813","targetHints":{"allow":["GET"]}}],"collection":[{"href":"https:\/\/baldumarket.lt\/lt\/wp-json\/wp\/v2\/product"}],"about":[{"href":"https:\/\/baldumarket.lt\/lt\/wp-json\/wp\/v2\/types\/product"}],"replies":[{"embeddable":true,"href":"https:\/\/baldumarket.lt\/lt\/wp-json\/wp\/v2\/comments?post=94813"}],"wp:featuredmedia":[{"embeddable":true,"href":"https:\/\/baldumarket.lt\/lt\/wp-json\/wp\/v2\/media\/94814"}],"wp:attachment":[{"href":"https:\/\/baldumarket.lt\/lt\/wp-json\/wp\/v2\/media?parent=94813"}],"wp:term":[{"taxonomy":"product_brand","embeddable":true,"href":"https:\/\/baldumarket.lt\/lt\/wp-json\/wp\/v2\/product_brand?post=94813"},{"taxonomy":"product_cat","embeddable":true,"href":"https:\/\/baldumarket.lt\/lt\/wp-json\/wp\/v2\/product_cat?post=94813"},{"taxonomy":"product_tag","embeddable":true,"href":"https:\/\/baldumarket.lt\/lt\/wp-json\/wp\/v2\/product_tag?post=94813"}],"curies":[{"name":"wp","href":"https:\/\/api.w.org\/{rel}","templated":true}]}}