{"id":94779,"date":"2025-12-05T15:43:20","date_gmt":"2025-12-05T12:43:20","guid":{"rendered":"https:\/\/baldumarket.lt\/product\/terni-05-szary-srebrny-komoda\/"},"modified":"2026-02-03T23:53:53","modified_gmt":"2026-02-03T20:53:53","slug":"terni-05-szary-srebrny-komoda","status":"publish","type":"product","link":"https:\/\/baldumarket.lt\/lt\/product\/terni-05-szary-srebrny-komoda\/","title":{"rendered":"Terni 05 pilkai sidabrin\u0117 komoda"},"content":{"rendered":"<p>TERNI 05 komoda gali atlikti \u012fvairias funkcijas, priklausomai nuo jos i\u0161d\u0117stymo.<\/p>\n<p>D\u0117l savo funkcionalumo \u0161is baldas yra puiki vieta laikyti m\u0117gstamiausius daiktus. Be to, jo stabilumas u\u017etikrina saug\u0173 naudojim\u0105.<\/p>","protected":false},"excerpt":{"rendered":"<p>TERNI 05 komoda gali atlikti \u012fvairias funkcijas, priklausomai nuo jos i\u0161d\u0117stymo. D\u0117l savo funkcionalumo \u0161is baldas yra puiki vieta laikyti m\u0117gstamiausius daiktus. Be to, jo stabilumas u\u017etikrina saug\u0173 naudojim\u0105.<\/p>","protected":false},"featured_media":94780,"comment_status":"open","ping_status":"open","template":"","meta":[],"product_brand":[],"product_cat":[9239,1173,2255],"product_tag":[],"class_list":{"0":"post-94779","1":"product","2":"type-product","3":"status-publish","4":"has-post-thumbnail","6":"product_cat-furniture-system-terni-ml-meble","7":"product_cat-chests-of-drawers","8":"product_cat-ml-meble","10":"first","11":"instock","12":"purchasable","13":"product-type-simple"},"_links":{"self":[{"href":"https:\/\/baldumarket.lt\/lt\/wp-json\/wp\/v2\/product\/94779","targetHints":{"allow":["GET"]}}],"collection":[{"href":"https:\/\/baldumarket.lt\/lt\/wp-json\/wp\/v2\/product"}],"about":[{"href":"https:\/\/baldumarket.lt\/lt\/wp-json\/wp\/v2\/types\/product"}],"replies":[{"embeddable":true,"href":"https:\/\/baldumarket.lt\/lt\/wp-json\/wp\/v2\/comments?post=94779"}],"wp:featuredmedia":[{"embeddable":true,"href":"https:\/\/baldumarket.lt\/lt\/wp-json\/wp\/v2\/media\/94780"}],"wp:attachment":[{"href":"https:\/\/baldumarket.lt\/lt\/wp-json\/wp\/v2\/media?parent=94779"}],"wp:term":[{"taxonomy":"product_brand","embeddable":true,"href":"https:\/\/baldumarket.lt\/lt\/wp-json\/wp\/v2\/product_brand?post=94779"},{"taxonomy":"product_cat","embeddable":true,"href":"https:\/\/baldumarket.lt\/lt\/wp-json\/wp\/v2\/product_cat?post=94779"},{"taxonomy":"product_tag","embeddable":true,"href":"https:\/\/baldumarket.lt\/lt\/wp-json\/wp\/v2\/product_tag?post=94779"}],"curies":[{"name":"wp","href":"https:\/\/api.w.org\/{rel}","templated":true}]}}