{"id":94758,"date":"2025-12-05T15:43:01","date_gmt":"2025-12-05T12:43:01","guid":{"rendered":"https:\/\/baldumarket.lt\/product\/terni-01-szary-srebrny-szafa\/"},"modified":"2026-02-03T23:53:53","modified_gmt":"2026-02-03T20:53:53","slug":"terni-01-szary-srebrny-szafa","status":"publish","type":"product","link":"https:\/\/baldumarket.lt\/lt\/product\/terni-01-szary-srebrny-szafa\/","title":{"rendered":"Terni 01 pilkai sidabrin\u0117 \u2013 Drabu\u017ein\u0117"},"content":{"rendered":"<p>Galvodami apie universalius baldus, da\u017enai \u012fsivaizduojame j\u0173 i\u0161d\u0117stymo ir kompozicijos paprastum\u0105. TERNI 01 yra idealus tokio dizaino pavyzdys.<\/p>\n<p>\u0160i erdvi spinta pasi\u017eymi steb\u0117tinai daug ergonomi\u0161kos erdv\u0117s, joje tilps visi b\u016btini daiktai ir drabu\u017eiai.<\/p>","protected":false},"excerpt":{"rendered":"<p>Galvodami apie universalius baldus, da\u017enai \u012fsivaizduojame j\u0173 i\u0161d\u0117stymo ir kompozicijos paprastum\u0105. TERNI 01 yra idealus tokio dizaino pavyzdys. \u0160i erdvi spinta pasi\u017eymi steb\u0117tinai daug ergonomi\u0161kos erdv\u0117s, kurioje tilps visi b\u016btini daiktai ir drabu\u017eiai.<\/p>","protected":false},"featured_media":94759,"comment_status":"open","ping_status":"open","template":"","meta":[],"product_brand":[],"product_cat":[9239,2255,1177],"product_tag":[],"class_list":{"0":"post-94758","1":"product","2":"type-product","3":"status-publish","4":"has-post-thumbnail","6":"product_cat-furniture-system-terni-ml-meble","7":"product_cat-ml-meble","8":"product_cat-wardrobes","10":"first","11":"instock","12":"purchasable","13":"product-type-simple"},"_links":{"self":[{"href":"https:\/\/baldumarket.lt\/lt\/wp-json\/wp\/v2\/product\/94758","targetHints":{"allow":["GET"]}}],"collection":[{"href":"https:\/\/baldumarket.lt\/lt\/wp-json\/wp\/v2\/product"}],"about":[{"href":"https:\/\/baldumarket.lt\/lt\/wp-json\/wp\/v2\/types\/product"}],"replies":[{"embeddable":true,"href":"https:\/\/baldumarket.lt\/lt\/wp-json\/wp\/v2\/comments?post=94758"}],"wp:featuredmedia":[{"embeddable":true,"href":"https:\/\/baldumarket.lt\/lt\/wp-json\/wp\/v2\/media\/94759"}],"wp:attachment":[{"href":"https:\/\/baldumarket.lt\/lt\/wp-json\/wp\/v2\/media?parent=94758"}],"wp:term":[{"taxonomy":"product_brand","embeddable":true,"href":"https:\/\/baldumarket.lt\/lt\/wp-json\/wp\/v2\/product_brand?post=94758"},{"taxonomy":"product_cat","embeddable":true,"href":"https:\/\/baldumarket.lt\/lt\/wp-json\/wp\/v2\/product_cat?post=94758"},{"taxonomy":"product_tag","embeddable":true,"href":"https:\/\/baldumarket.lt\/lt\/wp-json\/wp\/v2\/product_tag?post=94758"}],"curies":[{"name":"wp","href":"https:\/\/api.w.org\/{rel}","templated":true}]}}