{"id":94750,"date":"2025-12-05T15:42:52","date_gmt":"2025-12-05T12:42:52","guid":{"rendered":"https:\/\/baldumarket.lt\/product\/glamour-08-bialy-alpejski-szafa\/"},"modified":"2026-02-03T23:53:53","modified_gmt":"2026-02-03T20:53:53","slug":"glamour-08-bialy-alpejski-szafa","status":"publish","type":"product","link":"https:\/\/baldumarket.lt\/lt\/product\/glamour-08-bialy-alpejski-szafa\/","title":{"rendered":"GLAMOUR 08 Alpi\u0173 balta \u2013 drabu\u017ei\u0173 spinta"},"content":{"rendered":"<p>Drabu\u017ein\u0117 \u201eGLAMOUR 08\u201c \u2013 tai funkcionalumo ir unikalaus dizaino \u012fsik\u016bnijimas.<\/p>\n<p>\u0160i erdvi spinta pasi\u017eymi steb\u0117tinai daug ergonomi\u0161kos erdv\u0117s, joje tilps visi reikalingi daiktai ir drabu\u017eiai.<\/p>","protected":false},"excerpt":{"rendered":"<p>Spinta GLAMOUR 08 \u2013 tai funkcionalumo ir unikalaus dizaino \u012fsik\u016bnijimas. \u0160i erdvi spinta pasi\u017eymi steb\u0117tinai daug ergonomi\u0161kos erdv\u0117s, kurioje tilps visi reikalingi daiktai ir drabu\u017eiai.<\/p>","protected":false},"featured_media":94751,"comment_status":"open","ping_status":"open","template":"","meta":[],"product_brand":[],"product_cat":[9250,2255,1177],"product_tag":[],"class_list":{"0":"post-94750","1":"product","2":"type-product","3":"status-publish","4":"has-post-thumbnail","6":"product_cat-furniture-system-goldin-ml-meble","7":"product_cat-ml-meble","8":"product_cat-wardrobes","10":"first","11":"instock","12":"purchasable","13":"product-type-simple"},"_links":{"self":[{"href":"https:\/\/baldumarket.lt\/lt\/wp-json\/wp\/v2\/product\/94750","targetHints":{"allow":["GET"]}}],"collection":[{"href":"https:\/\/baldumarket.lt\/lt\/wp-json\/wp\/v2\/product"}],"about":[{"href":"https:\/\/baldumarket.lt\/lt\/wp-json\/wp\/v2\/types\/product"}],"replies":[{"embeddable":true,"href":"https:\/\/baldumarket.lt\/lt\/wp-json\/wp\/v2\/comments?post=94750"}],"wp:featuredmedia":[{"embeddable":true,"href":"https:\/\/baldumarket.lt\/lt\/wp-json\/wp\/v2\/media\/94751"}],"wp:attachment":[{"href":"https:\/\/baldumarket.lt\/lt\/wp-json\/wp\/v2\/media?parent=94750"}],"wp:term":[{"taxonomy":"product_brand","embeddable":true,"href":"https:\/\/baldumarket.lt\/lt\/wp-json\/wp\/v2\/product_brand?post=94750"},{"taxonomy":"product_cat","embeddable":true,"href":"https:\/\/baldumarket.lt\/lt\/wp-json\/wp\/v2\/product_cat?post=94750"},{"taxonomy":"product_tag","embeddable":true,"href":"https:\/\/baldumarket.lt\/lt\/wp-json\/wp\/v2\/product_tag?post=94750"}],"curies":[{"name":"wp","href":"https:\/\/api.w.org\/{rel}","templated":true}]}}