{"id":94734,"date":"2025-12-05T15:42:37","date_gmt":"2025-12-05T12:42:37","guid":{"rendered":"https:\/\/baldumarket.lt\/product\/nevio-01-dab-artisan-szafa\/"},"modified":"2026-02-03T23:53:53","modified_gmt":"2026-02-03T20:53:53","slug":"nevio-01-dab-artisan-szafa","status":"publish","type":"product","link":"https:\/\/baldumarket.lt\/lt\/product\/nevio-01-dab-artisan-szafa\/","title":{"rendered":"Nevio 01 Artisan Oak \u2013 Drabu\u017ei\u0173 spinta"},"content":{"rendered":"<p>Drabu\u017ein\u0117 NEVIO 01 pasi\u017eymi paprastu, moderniu dizainu.<\/p>\n<p>D\u0117l erdvios spintos drabu\u017ei\u0173, bat\u0173 ir aksesuar\u0173 laikymas nebebus i\u0161\u0161\u016bkis. Be to, d\u0117l auk\u0161t\u0173 spintos kojeli\u0173 j\u0105 bus lengva palaikyti \u0161var\u0105.<\/p>","protected":false},"excerpt":{"rendered":"<p>Drabu\u017ein\u0117 NEVIO 01 pasi\u017eymi paprastu, moderniu dizainu. D\u0117l erdvios spintos drabu\u017ei\u0173, bat\u0173 ir aksesuar\u0173 laikymas nebebus problema. Be to, d\u0117l auk\u0161t\u0173 spintos kojeli\u0173 j\u0105 bus lengva palaikyti \u0161var\u0105.<\/p>","protected":false},"featured_media":94735,"comment_status":"open","ping_status":"open","template":"","meta":[],"product_brand":[],"product_cat":[9244,2255,1177],"product_tag":[],"class_list":{"0":"post-94734","1":"product","2":"type-product","3":"status-publish","4":"has-post-thumbnail","6":"product_cat-furniture-system-nevio-ml-meble","7":"product_cat-ml-meble","8":"product_cat-wardrobes","10":"first","11":"instock","12":"purchasable","13":"product-type-simple"},"_links":{"self":[{"href":"https:\/\/baldumarket.lt\/lt\/wp-json\/wp\/v2\/product\/94734","targetHints":{"allow":["GET"]}}],"collection":[{"href":"https:\/\/baldumarket.lt\/lt\/wp-json\/wp\/v2\/product"}],"about":[{"href":"https:\/\/baldumarket.lt\/lt\/wp-json\/wp\/v2\/types\/product"}],"replies":[{"embeddable":true,"href":"https:\/\/baldumarket.lt\/lt\/wp-json\/wp\/v2\/comments?post=94734"}],"wp:featuredmedia":[{"embeddable":true,"href":"https:\/\/baldumarket.lt\/lt\/wp-json\/wp\/v2\/media\/94735"}],"wp:attachment":[{"href":"https:\/\/baldumarket.lt\/lt\/wp-json\/wp\/v2\/media?parent=94734"}],"wp:term":[{"taxonomy":"product_brand","embeddable":true,"href":"https:\/\/baldumarket.lt\/lt\/wp-json\/wp\/v2\/product_brand?post=94734"},{"taxonomy":"product_cat","embeddable":true,"href":"https:\/\/baldumarket.lt\/lt\/wp-json\/wp\/v2\/product_cat?post=94734"},{"taxonomy":"product_tag","embeddable":true,"href":"https:\/\/baldumarket.lt\/lt\/wp-json\/wp\/v2\/product_tag?post=94734"}],"curies":[{"name":"wp","href":"https:\/\/api.w.org\/{rel}","templated":true}]}}