{"id":94726,"date":"2025-12-05T15:42:28","date_gmt":"2025-12-05T12:42:28","guid":{"rendered":"https:\/\/baldumarket.lt\/product\/clermont-05-sosna-sniezna-witryna\/"},"modified":"2026-04-07T13:46:17","modified_gmt":"2026-04-07T10:46:17","slug":"clermont-05-sosna-sniezna-witryna","status":"publish","type":"product","link":"https:\/\/baldumarket.lt\/lt\/product\/clermont-05-sosna-sniezna-witryna\/","title":{"rendered":"CLERMONT 05 sniegin\u0117 pu\u0161is \u2013 vitrina"},"content":{"rendered":"<p>Vitrina CLERMONT 05 suteiks j\u016bs\u0173 interjerui gaivumo ir elegancijos.<\/p>\n<p>Vitrinos durys yra stiklin\u0117s ir pagamintos i\u0161 auk\u0161tos kokyb\u0117s baldin\u0117s plok\u0161t\u0117s. Priklausomai nuo interjero dizaino, joje galima laikyti knygas, suvenyrus, stalo \u012frankius ir daug daugiau.<\/p>","protected":false},"excerpt":{"rendered":"<p>Vitrina CLERMONT 05 suteiks j\u016bs\u0173 interjerui gaivumo ir elegancijos. Vitrinos durys yra stiklin\u0117s ir pagamintos i\u0161 auk\u0161tos kokyb\u0117s baldin\u0117s plok\u0161t\u0117s. Priklausomai nuo interjero dizaino, joje galima laikyti knygas, suvenyrus, stalo \u012frankius ir daug daugiau.<\/p>","protected":false},"featured_media":94727,"comment_status":"open","ping_status":"open","template":"","meta":[],"product_brand":[],"product_cat":[2255,9229,2006],"product_tag":[],"class_list":{"0":"post-94726","1":"product","2":"type-product","3":"status-publish","4":"has-post-thumbnail","6":"product_cat-ml-meble","7":"product_cat-furniture-system-clermont","8":"product_cat-vitrines","10":"first","11":"instock","12":"purchasable","13":"product-type-simple"},"_links":{"self":[{"href":"https:\/\/baldumarket.lt\/lt\/wp-json\/wp\/v2\/product\/94726","targetHints":{"allow":["GET"]}}],"collection":[{"href":"https:\/\/baldumarket.lt\/lt\/wp-json\/wp\/v2\/product"}],"about":[{"href":"https:\/\/baldumarket.lt\/lt\/wp-json\/wp\/v2\/types\/product"}],"replies":[{"embeddable":true,"href":"https:\/\/baldumarket.lt\/lt\/wp-json\/wp\/v2\/comments?post=94726"}],"wp:featuredmedia":[{"embeddable":true,"href":"https:\/\/baldumarket.lt\/lt\/wp-json\/wp\/v2\/media\/94727"}],"wp:attachment":[{"href":"https:\/\/baldumarket.lt\/lt\/wp-json\/wp\/v2\/media?parent=94726"}],"wp:term":[{"taxonomy":"product_brand","embeddable":true,"href":"https:\/\/baldumarket.lt\/lt\/wp-json\/wp\/v2\/product_brand?post=94726"},{"taxonomy":"product_cat","embeddable":true,"href":"https:\/\/baldumarket.lt\/lt\/wp-json\/wp\/v2\/product_cat?post=94726"},{"taxonomy":"product_tag","embeddable":true,"href":"https:\/\/baldumarket.lt\/lt\/wp-json\/wp\/v2\/product_tag?post=94726"}],"curies":[{"name":"wp","href":"https:\/\/api.w.org\/{rel}","templated":true}]}}